{"id":44731,"date":"2026-01-23T15:09:42","date_gmt":"2026-01-23T13:09:42","guid":{"rendered":"https:\/\/hookahshop.lt\/?post_type=product&#038;p=44731"},"modified":"2026-05-01T23:30:30","modified_gmt":"2026-05-01T20:30:30","slug":"kolba-kaljanui-craft-crystal-transparent","status":"publish","type":"product","link":"https:\/\/hookahshop.lt\/pl\/produkt\/kolba-do-fajki-wodnej-krysztalowo-przezroczysta\/","title":{"rendered":"Termos na fajk\u0119 wodn\u0105 CRAFT Crystal Transparent"},"content":{"rendered":"<h2>Termos na fajk\u0119 wodn\u0105 CRAFT Crystal Transparent<\/h2>\n<p>Jest to sto\u017ckowa, przezroczysta kolba ze standardowym przy\u0142\u0105czem w kszta\u0142cie uszczelki.<\/p>\n<p><strong>Specyfikacja:<\/strong><br \/>\nWysoko\u015b\u0107: 265mm<br \/>\nWaga: ~ 2080 g<br \/>\n\u015arednica zewn\u0119trzna szyjki: 70 mm<br \/>\n\u015arednica wewn\u0119trzna szyjki: 45 mm<br \/>\nMateria\u0142 produktu: szk\u0142o przezroczyste.<\/p>\n<p>Czy masz jakie\u015b pytania? Skontaktuj si\u0119 z nami\u00a0<a href=\"https:\/\/hookahshop.lt\/pl\/lacznosc\/\">strona z kontaktami<\/a>\u00a0lub napisz do nas na adres\u00a0<a href=\"https:\/\/facebook.com\/HookahShop.lt\/\" target=\"_blank\" rel=\"noopener noreferrer\">konto na Facebooku<\/a>\u00a0a my odpowiemy na Twoj\u0105 pro\u015bb\u0119 tego samego dnia.<\/p>","protected":false},"excerpt":{"rendered":"<p>Kolba kaljanui CRAFT Crystal Transparent Tai k\u016bgio formos skaidri kolba, turinti standartine tarpin\u0117s formos jungt\u012f. Specifikacija: Auk\u0161tis: 265 mm Svoris: ~ 2080 g I\u0161orinis kaklelio skersmuo: 70 mm Vidinis kaklelio skersmuo: 45 mm Produkto med\u017eiaga: skaidrus stiklas. Turite klausim\u0173? Susisiekite su mumis\u00a0kontakt\u0173 puslapyje\u00a0arba para\u0161ykite mums \u012f\u00a0Facebook paskyr\u0105\u00a0ir atsakysime \u012f j\u016bs\u0173 u\u017eklaus\u0105 dar t\u0105 pa\u010di\u0105 dien\u0105.<\/p>","protected":false},"featured_media":44716,"comment_status":"closed","ping_status":"closed","template":"","meta":[],"_links":{"self":[{"href":"https:\/\/hookahshop.lt\/pl\/wp-json\/wp\/v2\/product\/44731"}],"collection":[{"href":"https:\/\/hookahshop.lt\/pl\/wp-json\/wp\/v2\/product"}],"about":[{"href":"https:\/\/hookahshop.lt\/pl\/wp-json\/wp\/v2\/types\/product"}],"replies":[{"embeddable":true,"href":"https:\/\/hookahshop.lt\/pl\/wp-json\/wp\/v2\/comments?post=44731"}],"version-history":[{"count":7,"href":"https:\/\/hookahshop.lt\/pl\/wp-json\/wp\/v2\/product\/44731\/revisions"}],"predecessor-version":[{"id":45798,"href":"https:\/\/hookahshop.lt\/pl\/wp-json\/wp\/v2\/product\/44731\/revisions\/45798"}],"wp:featuredmedia":[{"embeddable":true,"href":"https:\/\/hookahshop.lt\/pl\/wp-json\/wp\/v2\/media\/44716"}],"wp:attachment":[{"href":"https:\/\/hookahshop.lt\/pl\/wp-json\/wp\/v2\/media?parent=44731"}],"curies":[{"name":"wp","href":"https:\/\/api.w.org\/{rel}","templated":true}]}}