{"id":44779,"date":"2026-01-29T09:35:41","date_gmt":"2026-01-29T07:35:41","guid":{"rendered":"https:\/\/hookahshop.lt\/?post_type=product&#038;p=44779"},"modified":"2026-04-06T23:29:42","modified_gmt":"2026-04-06T20:29:42","slug":"individualus-kaljano-kandiklis-darkside-d-stick-grey","status":"publish","type":"product","link":"https:\/\/hookahshop.lt\/pl\/produkt\/niestandardowy-ustnik-do-fajki-wodnej-darkside-d-stick-grey\/","title":{"rendered":"Indywidualny ustnik do fajki wodnej DARKSIDE D Stick Grey"},"content":{"rendered":"<h2>Indywidualny ustnik do fajki wodnej DARKSIDE D Stick Grey<\/h2>\n<p>Dzi\u0119ki silikonowej wk\u0142adce pasuje do ka\u017cdego ustnika do fajki wodnej, posiada pokrywk\u0119. Osobisty ustnik z etui magnetycznym i smycz\u0105 - ustnik mo\u017cesz zawsze nosi\u0107 przy sobie. Wykonana z trwa\u0142ych i przyjemnych w dotyku materia\u0142\u00f3w, silikonowa uszczelka pasuje do ka\u017cdego innego ustnika.<\/p>\n<p><strong>Specyfikacje:<\/strong><br \/>\nD\u0142ugo\u015b\u0107: 62mm<br \/>\n\u015arednica: 26 mm<br \/>\nMateria\u0142: poliacetal, silikon.<br \/>\nKolor: szary<\/p>\n<p><strong>Ekwipunek:<\/strong><br \/>\nIndywidualny ustnik ze sznurkiem<br \/>\nMarkowe pude\u0142ko Darkside<\/p>\n<p>Czy masz jakie\u015b pytania? Skontaktuj si\u0119 z nami\u00a0<a href=\"https:\/\/hookahshop.lt\/pl\/lacznosc\/\">strona z kontaktami<\/a>\u00a0lub napisz do nas na adres\u00a0<a href=\"https:\/\/facebook.com\/HookahShop.lt\/\" target=\"_blank\" rel=\"noopener\">konto na Facebooku<\/a>\u00a0a my odpowiemy na Twoj\u0105 pro\u015bb\u0119 tego samego dnia.<\/p>","protected":false},"excerpt":{"rendered":"<p>Individualus kaljano kandiklis DARKSIDE D Stick Grey D\u0117l silikoninio intarpo tinka prie bet kurio kaljano kandiklio, turi dangtel\u012f. Asmeninis kandiklis su magnetiniu d\u0117klu ir rai\u0161teliu \u2013 kandikl\u012f visada galite ne\u0161iotis su savimi. Pagaminta i\u0161 patvari\u0173 ir maloni\u0173 liesti med\u017eiag\u0173, o silikoninis sandariklis tiks prie bet kurio kito kandiklio. Specifikacijos: Ilgis: 62mm Skersmuo: 26mm Med\u017eiaga: poliacetalis, [&hellip;]<\/p>","protected":false},"featured_media":44790,"comment_status":"closed","ping_status":"closed","template":"","meta":[],"_links":{"self":[{"href":"https:\/\/hookahshop.lt\/pl\/wp-json\/wp\/v2\/product\/44779"}],"collection":[{"href":"https:\/\/hookahshop.lt\/pl\/wp-json\/wp\/v2\/product"}],"about":[{"href":"https:\/\/hookahshop.lt\/pl\/wp-json\/wp\/v2\/types\/product"}],"replies":[{"embeddable":true,"href":"https:\/\/hookahshop.lt\/pl\/wp-json\/wp\/v2\/comments?post=44779"}],"version-history":[{"count":4,"href":"https:\/\/hookahshop.lt\/pl\/wp-json\/wp\/v2\/product\/44779\/revisions"}],"predecessor-version":[{"id":44817,"href":"https:\/\/hookahshop.lt\/pl\/wp-json\/wp\/v2\/product\/44779\/revisions\/44817"}],"wp:featuredmedia":[{"embeddable":true,"href":"https:\/\/hookahshop.lt\/pl\/wp-json\/wp\/v2\/media\/44790"}],"wp:attachment":[{"href":"https:\/\/hookahshop.lt\/pl\/wp-json\/wp\/v2\/media?parent=44779"}],"curies":[{"name":"wp","href":"https:\/\/api.w.org\/{rel}","templated":true}]}}