{"id":44868,"date":"2026-02-17T12:49:47","date_gmt":"2026-02-17T10:49:47","guid":{"rendered":"https:\/\/hookahshop.lt\/?post_type=product&#038;p=44868"},"modified":"2026-04-21T23:30:33","modified_gmt":"2026-04-21T20:30:33","slug":"kaljanas-darkside-evo-black","status":"publish","type":"product","link":"https:\/\/hookahshop.lt\/pl\/produkt\/szisza-ciemna-evo-czarna\/","title":{"rendered":"Szisza DARKSIDE EVO Czarna"},"content":{"rendered":"<h2 data-start=\"0\" data-end=\"403\">Szisza DARKSIDE EVO Czarna<\/h2>\n<p data-start=\"0\" data-end=\"403\">Nowoczesna, solidna i elegancko zaprojektowana fajka wodna wykonana z aluminium, stali nierdzewnej, tworzywa sztucznego i silikonu. System Click umo\u017cliwia szybkie pod\u0142\u0105czenie termosu do trzonka, a magnetyczne z\u0142\u0105cze w\u0119\u017ca zapewnia wygod\u0119 u\u017cytkowania. Zintegrowany pojemnik na melas\u0119 utrzymuje j\u0105 w czysto\u015bci, a wyjmowany dyfuzor pozwala wybra\u0107 tryb cichego lub klasycznego palenia.<\/p>\n<p data-start=\"0\" data-end=\"403\"><strong data-start=\"405\" data-end=\"423\">Specyfikacja:<\/strong><br data-start=\"423\" data-end=\"426\" \/>Wysoko\u015b\u0107: ~50,5 cm<br data-start=\"443\" data-end=\"446\" data-is-only-node=\"\" \/>Czarny kolor<br data-start=\"490\" data-end=\"493\" \/>Materia\u0142y: aluminium, stal nierdzewna, plastik, silikon<br data-start=\"557\" data-end=\"560\" \/>System klikni\u0119\u0107<br data-start=\"573\" data-end=\"576\" \/>Magnetyczne z\u0142\u0105cze w\u0119\u017ca<br data-start=\"600\" data-end=\"603\" \/>Zintegrowany kolektor melasy<br data-start=\"633\" data-end=\"636\" \/>Zdejmowany dyfuzor<\/p>\n<p data-start=\"659\" data-end=\"819\" data-is-last-node=\"\" data-is-only-node=\"\"><strong data-start=\"659\" data-end=\"677\">Ekwipunek:<\/strong><br data-start=\"677\" data-end=\"680\" \/>Szisza (rura z pojemnikiem na melas\u0119), butla, w\u0105\u017c, ustnik, dyfuzor.<\/p>\n<p data-start=\"659\" data-end=\"819\" data-is-last-node=\"\" data-is-only-node=\"\"><img decoding=\"async\" loading=\"lazy\" class=\"alignnone size-medium wp-image-38520\" src=\"https:\/\/hookahshop.lt\/wp-content\/uploads\/2020\/09\/stiebas-kolba-zarna-kandiklis-1-300x273.jpg\" alt=\"- hookahshop.lt\" width=\"300\" height=\"273\" srcset=\"https:\/\/hookahshop.lt\/wp-content\/uploads\/2020\/09\/stiebas-kolba-zarna-kandiklis-1-300x273.jpg 300w, https:\/\/hookahshop.lt\/wp-content\/uploads\/2020\/09\/stiebas-kolba-zarna-kandiklis-1-13x12.jpg 13w, https:\/\/hookahshop.lt\/wp-content\/uploads\/2020\/09\/stiebas-kolba-zarna-kandiklis-1-64x58.jpg 64w, https:\/\/hookahshop.lt\/wp-content\/uploads\/2020\/09\/stiebas-kolba-zarna-kandiklis-1.jpg 420w\" sizes=\"(max-width: 300px) 100vw, 300px\" title=\"\"><\/p>\n<p data-start=\"659\" data-end=\"819\" data-is-last-node=\"\" data-is-only-node=\"\">Czy masz jakie\u015b pytania? Skontaktuj si\u0119 z nami\u00a0<a href=\"https:\/\/hookahshop.lt\/pl\/lacznosc\/\">strona z kontaktami<\/a>\u00a0lub napisz do nas na adres\u00a0<a href=\"https:\/\/facebook.com\/HookahShop.lt\/\" target=\"_blank\" rel=\"noopener noreferrer\">konto na Facebooku<\/a>\u00a0a my odpowiemy na Twoj\u0105 pro\u015bb\u0119 tego samego dnia.<\/p>","protected":false},"excerpt":{"rendered":"<p>Kaljanas DARKSIDE EVO Black Modernus, tvirtas ir eleganti\u0161ko dizaino kaljanas, pagamintas i\u0161 aliuminio, ner\u016bdijan\u010dio plieno, plastiko ir silikono. Click sistema leid\u017eia greitai sujungti kolb\u0105 su \u0161achta, o magnetin\u0117 \u017earnos jungtis u\u017etikrina patog\u0173 naudojim\u0105. Integruotas melasos surink\u0117jas palaiko \u0161var\u0105, o nuimamas difuzorius leid\u017eia pasirinkti tyl\u0173 arba klasikin\u012f r\u016bkym\u0105. Specifikacija:Auk\u0161tis: ~50,5 cmSpalva: juodaMed\u017eiagos: aliuminis, ner\u016bdijantis plienas, plastikas, [&hellip;]<\/p>","protected":false},"featured_media":44873,"comment_status":"closed","ping_status":"closed","template":"","meta":[],"_links":{"self":[{"href":"https:\/\/hookahshop.lt\/pl\/wp-json\/wp\/v2\/product\/44868"}],"collection":[{"href":"https:\/\/hookahshop.lt\/pl\/wp-json\/wp\/v2\/product"}],"about":[{"href":"https:\/\/hookahshop.lt\/pl\/wp-json\/wp\/v2\/types\/product"}],"replies":[{"embeddable":true,"href":"https:\/\/hookahshop.lt\/pl\/wp-json\/wp\/v2\/comments?post=44868"}],"version-history":[{"count":4,"href":"https:\/\/hookahshop.lt\/pl\/wp-json\/wp\/v2\/product\/44868\/revisions"}],"predecessor-version":[{"id":45736,"href":"https:\/\/hookahshop.lt\/pl\/wp-json\/wp\/v2\/product\/44868\/revisions\/45736"}],"wp:featuredmedia":[{"embeddable":true,"href":"https:\/\/hookahshop.lt\/pl\/wp-json\/wp\/v2\/media\/44873"}],"wp:attachment":[{"href":"https:\/\/hookahshop.lt\/pl\/wp-json\/wp\/v2\/media?parent=44868"}],"curies":[{"name":"wp","href":"https:\/\/api.w.org\/{rel}","templated":true}]}}