{"id":44890,"date":"2026-02-17T12:48:31","date_gmt":"2026-02-17T10:48:31","guid":{"rendered":"https:\/\/hookahshop.lt\/?post_type=product&#038;p=44890"},"modified":"2026-04-22T23:30:11","modified_gmt":"2026-04-22T20:30:11","slug":"kaljanas-darkside-neo-bronze","status":"publish","type":"product","link":"https:\/\/hookahshop.lt\/pl\/produkt\/shish-darkside-neo-bronze\/","title":{"rendered":"Szisza DARKSIDE NEO Br\u0105z"},"content":{"rendered":"<h2 data-start=\"0\" data-end=\"340\">Szisza DARKSIDE NEO Br\u0105z<\/h2>\n<p data-start=\"0\" data-end=\"340\">Minimalistyczna fajka wodna zaprojektowana z my\u015bl\u0105 o komforcie codziennego u\u017cytkowania. Pionowy system wylotu dymu i klasyczny zaci\u0105g zapewniaj\u0105 przyjemne palenie, a magnetyczne przy\u0142\u0105cze w\u0119\u017ca gwarantuje bezpiecze\u0144stwo i wygod\u0119. Dzi\u0119ki uniwersalnemu mocowaniu trzonu i kompaktowej, 30-centymetrowej wysoko\u015bci, fajka jest \u0142atwa w monta\u017cu i konserwacji.<\/p>\n<p data-start=\"342\" data-end=\"552\"><strong data-start=\"342\" data-end=\"360\">Specyfikacja:<\/strong><br data-start=\"360\" data-end=\"363\" \/>Wysoko\u015b\u0107: 30 cm<br \/>\nKolor: br\u0105zowy<br \/>\nMateria\u0142y: aluminium, stal nierdzewna, plastik, silikon<br \/>\nMagnetyczne z\u0142\u0105cze w\u0119\u017ca<\/p>\n<p data-start=\"554\" data-end=\"657\"><strong data-start=\"554\" data-end=\"572\">Ekwipunek:<\/strong><br data-start=\"572\" data-end=\"575\" \/>Szisza (trzon), talerz, w\u0105\u017c, ustnik.<\/p>\n<p data-start=\"554\" data-end=\"657\"><img decoding=\"async\" loading=\"lazy\" class=\"alignnone size-medium wp-image-38521\" src=\"https:\/\/hookahshop.lt\/wp-content\/uploads\/2020\/09\/stiebas-zarna-kandiklis-1-300x273.jpg\" alt=\"- hookahshop.lt\" width=\"300\" height=\"273\" srcset=\"https:\/\/hookahshop.lt\/wp-content\/uploads\/2020\/09\/stiebas-zarna-kandiklis-1-300x273.jpg 300w, https:\/\/hookahshop.lt\/wp-content\/uploads\/2020\/09\/stiebas-zarna-kandiklis-1-13x12.jpg 13w, https:\/\/hookahshop.lt\/wp-content\/uploads\/2020\/09\/stiebas-zarna-kandiklis-1-64x58.jpg 64w, https:\/\/hookahshop.lt\/wp-content\/uploads\/2020\/09\/stiebas-zarna-kandiklis-1.jpg 420w\" sizes=\"(max-width: 300px) 100vw, 300px\" title=\"\"><\/p>\n<p data-start=\"554\" data-end=\"657\">Czy masz jakie\u015b pytania? Skontaktuj si\u0119 z nami\u00a0<a href=\"https:\/\/hookahshop.lt\/pl\/lacznosc\/\">strona z kontaktami<\/a>\u00a0lub napisz do nas na adres\u00a0<a href=\"https:\/\/facebook.com\/HookahShop.lt\/\" target=\"_blank\" rel=\"noopener noreferrer\">konto na Facebooku<\/a>\u00a0a my odpowiemy na Twoj\u0105 pro\u015bb\u0119 tego samego dnia.<\/p>","protected":false},"excerpt":{"rendered":"<p>Kaljanas DARKSIDE NEO Bronze Minimalistinio dizaino kaljanas, sukurtas patogiam kasdieniam naudojimui. Vertikali d\u016bmo i\u0161leidimo sistema ir klasikinis traukimas u\u017etikrina malon\u0173 r\u016bkym\u0105, o magnetin\u0117 \u017earnos jungtis suteikia saugum\u0105 ir patogum\u0105. D\u0117l universalaus \u0161achtos tvirtinimo ir kompakti\u0161ko 30 cm auk\u0161\u010dio kaljanas lengvai surenkamas ir pri\u017ei\u016brimas. Specifikacija:Auk\u0161tis: 30 cm Spalva: bronzin\u0117 Med\u017eiagos: aliuminis, ner\u016bdijantis plienas, plastikas, silikonas Magnetin\u0117 [&hellip;]<\/p>","protected":false},"featured_media":44879,"comment_status":"closed","ping_status":"closed","template":"","meta":[],"_links":{"self":[{"href":"https:\/\/hookahshop.lt\/pl\/wp-json\/wp\/v2\/product\/44890"}],"collection":[{"href":"https:\/\/hookahshop.lt\/pl\/wp-json\/wp\/v2\/product"}],"about":[{"href":"https:\/\/hookahshop.lt\/pl\/wp-json\/wp\/v2\/types\/product"}],"replies":[{"embeddable":true,"href":"https:\/\/hookahshop.lt\/pl\/wp-json\/wp\/v2\/comments?post=44890"}],"version-history":[{"count":3,"href":"https:\/\/hookahshop.lt\/pl\/wp-json\/wp\/v2\/product\/44890\/revisions"}],"predecessor-version":[{"id":44982,"href":"https:\/\/hookahshop.lt\/pl\/wp-json\/wp\/v2\/product\/44890\/revisions\/44982"}],"wp:featuredmedia":[{"embeddable":true,"href":"https:\/\/hookahshop.lt\/pl\/wp-json\/wp\/v2\/media\/44879"}],"wp:attachment":[{"href":"https:\/\/hookahshop.lt\/pl\/wp-json\/wp\/v2\/media?parent=44890"}],"curies":[{"name":"wp","href":"https:\/\/api.w.org\/{rel}","templated":true}]}}