{"id":44910,"date":"2026-02-17T12:51:02","date_gmt":"2026-02-17T10:51:02","guid":{"rendered":"https:\/\/hookahshop.lt\/?post_type=product&#038;p=44910"},"modified":"2026-04-23T23:30:16","modified_gmt":"2026-04-23T20:30:16","slug":"kaljano-kandiklis-darkside-d-stick-base","status":"publish","type":"product","link":"https:\/\/hookahshop.lt\/pl\/produkt\/ustnik-do-fajki-wodnej-z-podstawa-darkside-d\/","title":{"rendered":"Indywidualny ustnik do fajki wodnej DARKSIDE D Stick Base"},"content":{"rendered":"<h2 data-start=\"0\" data-end=\"272\">Indywidualny ustnik do fajki wodnej DARKSIDE D Stick Base<\/h2>\n<p data-start=\"0\" data-end=\"272\">Osobisty ustnik do fajki wodnej ze smycz\u0105 dla czystszego i wygodniejszego palenia. Ergonomiczny kszta\u0142t wygodnie le\u017cy w d\u0142oni, a uniwersalne z\u0142\u0105cze pasuje do wi\u0119kszo\u015bci nowoczesnych ustnik\u00f3w. Smycz umo\u017cliwia wygodne przenoszenie mi\u0119dzy zaci\u0105gni\u0119ciami.<\/p>\n<p data-start=\"274\" data-end=\"429\"><strong data-start=\"274\" data-end=\"292\">Specyfikacja:<\/strong><br data-start=\"292\" data-end=\"295\" \/>Materia\u0142: polimer<br data-start=\"314\" data-end=\"317\" data-is-only-node=\"\" \/>Sznurek: poliester<br data-start=\"337\" data-end=\"340\" \/>Czarny kolor<br data-start=\"393\" data-end=\"396\" \/>\u0141atwo zmywalne i wielokrotnego u\u017cytku<\/p>\n<p data-start=\"431\" data-end=\"513\" data-is-last-node=\"\" data-is-only-node=\"\">Czy masz jakie\u015b pytania? Skontaktuj si\u0119 z nami\u00a0<a href=\"https:\/\/hookahshop.lt\/pl\/lacznosc\/\">strona z kontaktami<\/a>\u00a0lub napisz do nas na adres\u00a0<a href=\"https:\/\/facebook.com\/HookahShop.lt\/\" target=\"_blank\" rel=\"noopener noreferrer\">konto na Facebooku<\/a>\u00a0a my odpowiemy na Twoj\u0105 pro\u015bb\u0119 tego samego dnia.<\/p>","protected":false},"excerpt":{"rendered":"<p>Individualus kaljano kandiklis DARKSIDE D Stick Base Asmeninis kaljano kandiklio antgalis su virvele, skirtas \u0161varesniam ir patogesniam r\u016bkymui. Ergonomi\u0161ka forma patogiai laikosi rankoje, o universali jungtis tinka daugumai \u0161iuolaikini\u0173 kandikli\u0173. Virvel\u0117 leid\u017eia patogiai ne\u0161iotis tarp traukim\u0173. Specifikacija:Med\u017eiaga: polimerasVirvel\u0117: poliesterisSpalva: juodaLengvai plaunamas ir daugkartinis Turite klausim\u0173? Susisiekite su mumis\u00a0kontakt\u0173 puslapyje\u00a0arba para\u0161ykite mums \u012f\u00a0Facebook paskyr\u0105\u00a0ir atsakysime \u012f [&hellip;]<\/p>","protected":false},"featured_media":44882,"comment_status":"closed","ping_status":"closed","template":"","meta":[],"_links":{"self":[{"href":"https:\/\/hookahshop.lt\/pl\/wp-json\/wp\/v2\/product\/44910"}],"collection":[{"href":"https:\/\/hookahshop.lt\/pl\/wp-json\/wp\/v2\/product"}],"about":[{"href":"https:\/\/hookahshop.lt\/pl\/wp-json\/wp\/v2\/types\/product"}],"replies":[{"embeddable":true,"href":"https:\/\/hookahshop.lt\/pl\/wp-json\/wp\/v2\/comments?post=44910"}],"version-history":[{"count":2,"href":"https:\/\/hookahshop.lt\/pl\/wp-json\/wp\/v2\/product\/44910\/revisions"}],"predecessor-version":[{"id":44984,"href":"https:\/\/hookahshop.lt\/pl\/wp-json\/wp\/v2\/product\/44910\/revisions\/44984"}],"wp:featuredmedia":[{"embeddable":true,"href":"https:\/\/hookahshop.lt\/pl\/wp-json\/wp\/v2\/media\/44882"}],"wp:attachment":[{"href":"https:\/\/hookahshop.lt\/pl\/wp-json\/wp\/v2\/media?parent=44910"}],"curies":[{"name":"wp","href":"https:\/\/api.w.org\/{rel}","templated":true}]}}