{"id":44914,"date":"2026-02-17T14:11:17","date_gmt":"2026-02-17T12:11:17","guid":{"rendered":"https:\/\/hookahshop.lt\/?post_type=product&#038;p=44914"},"modified":"2026-04-06T23:29:42","modified_gmt":"2026-04-06T20:29:42","slug":"kolba-kaljanui-darkside-d-glass-grey","status":"publish","type":"product","link":"https:\/\/hookahshop.lt\/pl\/produkt\/piersiowka-do-sziszy-ciemnoszara-szklana-szara\/","title":{"rendered":"Piersi\u00f3wka do shishy DARKSIDE D-Glass Grey"},"content":{"rendered":"<h2 class=\"serp-title\">Piersi\u00f3wka do shishy DARKSIDE D-Glass Grey<\/h2>\n<p>To szara, szklana butelka. Idealnie pasuje do fajek wodnych Darkside.<\/p>\n<p><strong><span title=\"\">Specyfikacje:<\/span><\/strong><br \/>\nWysoko\u015b\u0107: 250 mm<br \/>\nWaga: ~ 1520 g<br \/>\n\u015arednica zewn\u0119trzna szyjki: 70 mm<br \/>\nWewn\u0119trzna \u015brednica szyi: 47 mm<br \/>\nMateria\u0142 produktu: szk\u0142o<\/p>\n<p>Czy masz jakie\u015b pytania? Skontaktuj si\u0119 z nami\u00a0<a href=\"https:\/\/hookahshop.lt\/pl\/lacznosc\/\">strona z kontaktami<\/a>\u00a0lub napisz do nas na adres\u00a0<a href=\"https:\/\/facebook.com\/HookahShop.lt\/\" target=\"_blank\" rel=\"noopener noreferrer\">konto na Facebooku<\/a>\u00a0a my odpowiemy na Twoj\u0105 pro\u015bb\u0119 tego samego dnia.<\/p>","protected":false},"excerpt":{"rendered":"<p>Kolba kaljanui DARKSIDE D-Glass Grey Tai pilka, stiklin\u0117 kolba. Puikiai tinka su Darkside kaljanais. Specifikacijos: Auk\u0161tis: 250 mm Svoris: ~ 1520 g I\u0161orinis kaklelio skersmuo: 70 mm Vidinis kaklelio skersmuo: 47 mm Produkto med\u017eiaga: stiklas Turite klausim\u0173? Susisiekite su mumis\u00a0kontakt\u0173 puslapyje\u00a0arba para\u0161ykite mums \u012f\u00a0Facebook paskyr\u0105\u00a0ir atsakysime \u012f j\u016bs\u0173 u\u017eklaus\u0105 dar t\u0105 pa\u010di\u0105 dien\u0105.<\/p>","protected":false},"featured_media":44884,"comment_status":"closed","ping_status":"closed","template":"","meta":[],"_links":{"self":[{"href":"https:\/\/hookahshop.lt\/pl\/wp-json\/wp\/v2\/product\/44914"}],"collection":[{"href":"https:\/\/hookahshop.lt\/pl\/wp-json\/wp\/v2\/product"}],"about":[{"href":"https:\/\/hookahshop.lt\/pl\/wp-json\/wp\/v2\/types\/product"}],"replies":[{"embeddable":true,"href":"https:\/\/hookahshop.lt\/pl\/wp-json\/wp\/v2\/comments?post=44914"}],"version-history":[{"count":5,"href":"https:\/\/hookahshop.lt\/pl\/wp-json\/wp\/v2\/product\/44914\/revisions"}],"predecessor-version":[{"id":45283,"href":"https:\/\/hookahshop.lt\/pl\/wp-json\/wp\/v2\/product\/44914\/revisions\/45283"}],"wp:featuredmedia":[{"embeddable":true,"href":"https:\/\/hookahshop.lt\/pl\/wp-json\/wp\/v2\/media\/44884"}],"wp:attachment":[{"href":"https:\/\/hookahshop.lt\/pl\/wp-json\/wp\/v2\/media?parent=44914"}],"curies":[{"name":"wp","href":"https:\/\/api.w.org\/{rel}","templated":true}]}}