{"id":44990,"date":"2026-02-17T13:16:04","date_gmt":"2026-02-17T11:16:04","guid":{"rendered":"https:\/\/hookahshop.lt\/?post_type=product&#038;p=44990"},"modified":"2026-04-21T23:30:33","modified_gmt":"2026-04-21T20:30:33","slug":"apsauginis-sietelis-kaljanui-darkside-d-fender","status":"publish","type":"product","link":"https:\/\/hookahshop.lt\/pl\/produkt\/oslona-ochronna-do-fajki-wodnej-darkside-d-fender\/","title":{"rendered":"Os\u0142ona ochronna do fajki wodnej DARKSIDE D-Fender"},"content":{"rendered":"<h2 data-start=\"0\" data-end=\"277\">Os\u0142ona ochronna do fajki wodnej DARKSIDE D-Fender<\/h2>\n<p data-start=\"0\" data-end=\"277\">Udoskonalona os\u0142ona na w\u0119giel drzewny zmniejsza ryzyko wypadania w\u0119gli i chroni przed poparzeniem. L\u017cejsza, minimalistyczna konstrukcja z zaokr\u0105glonymi kraw\u0119dziami zapewnia bezpieczniejsze u\u017cytkowanie. Pasuje do wi\u0119kszo\u015bci fajek wodnych i nie wp\u0142ywa na temperatur\u0119.<\/p>\n<p data-start=\"279\" data-end=\"392\"><strong data-start=\"279\" data-end=\"297\">Specyfikacja:<\/strong><br data-start=\"297\" data-end=\"300\" \/>Materia\u0142: Stal nierdzewna<br data-start=\"330\" data-end=\"333\" data-is-only-node=\"\" \/>Pow\u0142oka odporna na ciep\u0142o<br data-start=\"355\" data-end=\"358\" \/>\u015arednica: 11 cm<br data-start=\"373\" data-end=\"376\" \/>Wysoko\u015b\u0107: 23 cm<\/p>\n<p data-start=\"659\" data-end=\"819\" data-is-last-node=\"\" data-is-only-node=\"\">Czy masz jakie\u015b pytania? Skontaktuj si\u0119 z nami\u00a0<a href=\"https:\/\/hookahshop.lt\/pl\/lacznosc\/\">strona z kontaktami<\/a>\u00a0lub napisz do nas na adres\u00a0<a href=\"https:\/\/facebook.com\/HookahShop.lt\/\" target=\"_blank\" rel=\"noopener noreferrer\">konto na Facebooku<\/a>\u00a0a my odpowiemy na Twoj\u0105 pro\u015bb\u0119 tego samego dnia.<\/p>","protected":false},"excerpt":{"rendered":"<p>Apsauginis sietelis kaljanui DARKSIDE D-Fender Atnaujintas apsauginis angli\u0173 gaubtas, ma\u017einantis angli\u0173 i\u0161kritimo rizik\u0105 ir padedantis apsisaugoti nuo nudegim\u0173. Lengvesn\u0117, minimalistin\u0117 konstrukcija su u\u017elenktais kra\u0161tais u\u017etikrina saugesn\u012f naudojim\u0105. Tinka daugumai kaljan\u0173 ir neturi \u012ftakos kaitrai. Specifikacija:Med\u017eiaga: ner\u016bdijantis plienasKar\u0161\u010diui atspari dangaSkersmuo: 11 cmAuk\u0161tis: 23 cm Turite klausim\u0173? Susisiekite su mumis\u00a0kontakt\u0173 puslapyje\u00a0arba para\u0161ykite mums \u012f\u00a0Facebook paskyr\u0105\u00a0ir atsakysime \u012f [&hellip;]<\/p>","protected":false},"featured_media":44880,"comment_status":"closed","ping_status":"closed","template":"","meta":[],"_links":{"self":[{"href":"https:\/\/hookahshop.lt\/pl\/wp-json\/wp\/v2\/product\/44990"}],"collection":[{"href":"https:\/\/hookahshop.lt\/pl\/wp-json\/wp\/v2\/product"}],"about":[{"href":"https:\/\/hookahshop.lt\/pl\/wp-json\/wp\/v2\/types\/product"}],"replies":[{"embeddable":true,"href":"https:\/\/hookahshop.lt\/pl\/wp-json\/wp\/v2\/comments?post=44990"}],"version-history":[{"count":3,"href":"https:\/\/hookahshop.lt\/pl\/wp-json\/wp\/v2\/product\/44990\/revisions"}],"predecessor-version":[{"id":44994,"href":"https:\/\/hookahshop.lt\/pl\/wp-json\/wp\/v2\/product\/44990\/revisions\/44994"}],"wp:featuredmedia":[{"embeddable":true,"href":"https:\/\/hookahshop.lt\/pl\/wp-json\/wp\/v2\/media\/44880"}],"wp:attachment":[{"href":"https:\/\/hookahshop.lt\/pl\/wp-json\/wp\/v2\/media?parent=44990"}],"curies":[{"name":"wp","href":"https:\/\/api.w.org\/{rel}","templated":true}]}}