{"id":45223,"date":"2026-02-24T14:54:14","date_gmt":"2026-02-24T12:54:14","guid":{"rendered":"https:\/\/hookahshop.lt\/?post_type=product&#038;p=45223"},"modified":"2026-04-06T23:29:42","modified_gmt":"2026-04-06T20:29:42","slug":"apatine-dalis-karscio-kamerai-xkah-pro","status":"publish","type":"product","link":"https:\/\/hookahshop.lt\/pl\/produkt\/dolna-czesc-do-goracej-kamery-xkah-pro\/","title":{"rendered":"Dolna cz\u0119\u015b\u0107 komory grzewczej XKAH Pro Graphite"},"content":{"rendered":"<h2 data-start=\"0\" data-end=\"65\">Dolna cz\u0119\u015b\u0107 komory grzewczej XKAH Pro Graphite<\/h2>\n<p data-start=\"0\" data-end=\"65\">Dolna cz\u0119\u015b\u0107 komory grzewczej XKAH Pro Graphite to oryginalna cz\u0119\u015b\u0107 zamienna przeznaczona do wymiany uszkodzonej lub zu\u017cytej dolnej cz\u0119\u015bci urz\u0105dzenia. Je\u015bli dolna cz\u0119\u015b\u0107 Twojego XKAH Pro uleg\u0142a uszkodzeniu, ta cz\u0119\u015b\u0107 zamienna pozwoli Ci szybko i \u0142atwo przywr\u00f3ci\u0107 pe\u0142n\u0105 funkcjonalno\u015b\u0107 urz\u0105dzenia bez konieczno\u015bci zakupu nowego.<\/p>\n<p data-start=\"544\" data-end=\"634\">Jest to ekonomiczne i praktyczne rozwi\u0105zanie zapewniaj\u0105ce d\u0142u\u017csz\u0105 \u017cywotno\u015b\u0107 urz\u0105dzenia.<\/p>\n<p data-start=\"67\" data-end=\"166\"><strong data-start=\"67\" data-end=\"79\">Specyfikacja:<\/strong><br data-start=\"88\" data-end=\"91\" \/>Cz\u0119\u015b\u0107<strong data-start=\"91\" data-end=\"101\">:<\/strong> Dolna cz\u0119\u015b\u0107 (dolna sekcja)<br data-start=\"133\" data-end=\"136\" \/>Kolor<strong data-start=\"136\" data-end=\"147\">:<\/strong> Grafit<\/p>\n<p data-start=\"67\" data-end=\"166\">Czy masz jakie\u015b pytania? Skontaktuj si\u0119 z nami\u00a0<a href=\"https:\/\/hookahshop.lt\/pl\/lacznosc\/\">strona z kontaktami<\/a>\u00a0lub napisz do nas na adres\u00a0<a href=\"https:\/\/facebook.com\/HookahShop.lt\/\" target=\"_blank\" rel=\"noopener noreferrer\">konto na Facebooku<\/a>\u00a0a my odpowiemy na Twoj\u0105 pro\u015bb\u0119 tego samego dnia.<\/p>","protected":false},"excerpt":{"rendered":"<p>Apatin\u0117 dalis kar\u0161\u010dio kamerai XKAH Pro Graphite Apatin\u0117 dalis kar\u0161\u010dio kamerai XKAH Pro Graphite \u2013 tai originali kei\u010diama detal\u0117, skirta pa\u017eeistai arba susid\u0117v\u0117jusiai apatinei \u012frenginio sekcijai pakeisti. Jei j\u016bs\u0173 XKAH Pro apatin\u0117 dalis buvo pa\u017eeista, \u0161i atsargin\u0117 dalis leis greitai ir paprastai atkurti piln\u0105 \u012frenginio funkcionalum\u0105, neperkant naujo \u012frenginio. Tai ekonomi\u0161kas ir prakti\u0161kas sprendimas, u\u017etikrinantis [&hellip;]<\/p>","protected":false},"featured_media":45224,"comment_status":"closed","ping_status":"closed","template":"","meta":[],"_links":{"self":[{"href":"https:\/\/hookahshop.lt\/pl\/wp-json\/wp\/v2\/product\/45223"}],"collection":[{"href":"https:\/\/hookahshop.lt\/pl\/wp-json\/wp\/v2\/product"}],"about":[{"href":"https:\/\/hookahshop.lt\/pl\/wp-json\/wp\/v2\/types\/product"}],"replies":[{"embeddable":true,"href":"https:\/\/hookahshop.lt\/pl\/wp-json\/wp\/v2\/comments?post=45223"}],"version-history":[{"count":6,"href":"https:\/\/hookahshop.lt\/pl\/wp-json\/wp\/v2\/product\/45223\/revisions"}],"predecessor-version":[{"id":45240,"href":"https:\/\/hookahshop.lt\/pl\/wp-json\/wp\/v2\/product\/45223\/revisions\/45240"}],"wp:featuredmedia":[{"embeddable":true,"href":"https:\/\/hookahshop.lt\/pl\/wp-json\/wp\/v2\/media\/45224"}],"wp:attachment":[{"href":"https:\/\/hookahshop.lt\/pl\/wp-json\/wp\/v2\/media?parent=45223"}],"curies":[{"name":"wp","href":"https:\/\/api.w.org\/{rel}","templated":true}]}}