{"id":45500,"date":"2026-03-31T15:08:13","date_gmt":"2026-03-31T12:08:13","guid":{"rendered":"https:\/\/hookahshop.lt\/?post_type=product&#038;p=45500"},"modified":"2026-04-20T23:29:44","modified_gmt":"2026-04-20T20:29:44","slug":"kaljanas-aladin-alux-captain-shiny-black","status":"publish","type":"product","link":"https:\/\/hookahshop.lt\/pl\/produkt\/hookah-aladin-alux-kapitan-blyszczacy-czarny\/","title":{"rendered":"Szisza ALADIN Alux Captain Shiny Black"},"content":{"rendered":"<h2>Szisza ALADIN Alux Captain Shiny Black<\/h2>\n<p>Dzi\u0119ki kompaktowym rozmiarom (wybrane) jest idealnym towarzyszem podr\u00f3\u017cy dla tych, kt\u00f3rzy chc\u0105 mie\u0107 przy sobie produkt wysokiej jako\u015bci.<\/p>\n<p><strong>Specyfikacja:<\/strong><sub><br \/>\n<\/sub>Wysoko\u015b\u0107: 50 cm<sub><br \/>\n<\/sub>Materia\u0142 (zewn\u0119trzny): anodowane aluminium<sub><br \/>\n<\/sub>Materia\u0142 (wewn\u0119trzny): stal nierdzewna (sp\u00f3d s\u0142upa w kontakcie z wod\u0105)<sub><br \/>\n<\/sub>Kolba: z gwintem \u0142\u0105cz\u0105cym kolb\u0119 z trzonkiem fajki wodnej, obracaj\u0105cym si\u0119 o 360 stopni.<br \/>\nPrzyczepno\u015b\u0107: ci\u0119\u017cka (klasyczna)<br \/>\nDyfuzor: brak<\/p>\n<p><strong>W sk\u0142ad zestawu wchodz\u0105:<\/strong><br \/>\n- Szisza,<br \/>\n- Kolba gwintowana,<br \/>\n- szczypce,<br \/>\n- W\u0105\u017c silikonowy (mi\u0119kki w dotyku) z dyszami<br \/>\n- Fili\u017canka<br \/>\n- Komin.<\/p>\n<p><img decoding=\"async\" loading=\"lazy\" class=\"alignnone size-medium wp-image-38491 webpexpress-processed\" title=\"Fajka wodna ALADIN Alux Admiral Silver 1\" src=\"https:\/\/hookahshop.lt\/wp-content\/uploads\/2021\/02\/aladinu-komplektacija-300x273.jpg\" alt=\"Zestaw Aladyn - hookahshop.lt\" width=\"300\" height=\"273\" srcset=\"https:\/\/hookahshop.lt\/wp-content\/uploads\/2021\/02\/aladinu-komplektacija-300x273.jpg 300w, https:\/\/hookahshop.lt\/wp-content\/uploads\/2021\/02\/aladinu-komplektacija-13x12.jpg 13w, https:\/\/hookahshop.lt\/wp-content\/uploads\/2021\/02\/aladinu-komplektacija-64x58.jpg 64w, https:\/\/hookahshop.lt\/wp-content\/uploads\/2021\/02\/aladinu-komplektacija.jpg 420w\" sizes=\"(max-width: 300px) 100vw, 300px\" \/><\/p>\n<p>Czy masz jakie\u015b pytania? Skontaktuj si\u0119 z nami\u00a0<a href=\"https:\/\/hookahshop.lt\/pl\/lacznosc\/\">strona z kontaktami<\/a>\u00a0lub napisz do nas na adres\u00a0<a href=\"https:\/\/facebook.com\/HookahShop.lt\/\" target=\"_blank\" rel=\"noopener\">konto na Facebooku<\/a>\u00a0a my odpowiemy na Twoj\u0105 pro\u015bb\u0119 tego samego dnia.<\/p>","protected":false},"excerpt":{"rendered":"<p>Kaljanas ALADIN Alux Captain Shiny Black Kompakti\u0161ko dyd\u017eio d\u0117ka (i\u0161rinktas) jis yra idealus kelion\u0117s kompanionas tiems, kurie nori tur\u0117ti kokybi\u0161k\u0105 produkt\u0105 kelyje. Specifikacija: Auk\u0161tis: 50cm Med\u017eiaga (i\u0161or\u0117s): anoduotas aliuminis Med\u017eiaga (vidaus): ner\u016bdyjan\u010dio plieno (Stiebo apatin\u0117 dalis kuri lie\u010diasi su vandeniu) Kolba: su sriegiu, kuri sujungia kolba ir kaljano \u0161acht\u0105 360 pasukimu. Trauka: sunki (klasikin\u0117) Difuzorius: [&hellip;]<\/p>","protected":false},"featured_media":45501,"comment_status":"closed","ping_status":"closed","template":"","meta":[],"_links":{"self":[{"href":"https:\/\/hookahshop.lt\/pl\/wp-json\/wp\/v2\/product\/45500"}],"collection":[{"href":"https:\/\/hookahshop.lt\/pl\/wp-json\/wp\/v2\/product"}],"about":[{"href":"https:\/\/hookahshop.lt\/pl\/wp-json\/wp\/v2\/types\/product"}],"replies":[{"embeddable":true,"href":"https:\/\/hookahshop.lt\/pl\/wp-json\/wp\/v2\/comments?post=45500"}],"version-history":[{"count":3,"href":"https:\/\/hookahshop.lt\/pl\/wp-json\/wp\/v2\/product\/45500\/revisions"}],"predecessor-version":[{"id":45771,"href":"https:\/\/hookahshop.lt\/pl\/wp-json\/wp\/v2\/product\/45500\/revisions\/45771"}],"wp:featuredmedia":[{"embeddable":true,"href":"https:\/\/hookahshop.lt\/pl\/wp-json\/wp\/v2\/media\/45501"}],"wp:attachment":[{"href":"https:\/\/hookahshop.lt\/pl\/wp-json\/wp\/v2\/media?parent=45500"}],"curies":[{"name":"wp","href":"https:\/\/api.w.org\/{rel}","templated":true}]}}