{"id":45550,"date":"2026-04-01T13:38:04","date_gmt":"2026-04-01T10:38:04","guid":{"rendered":"https:\/\/hookahshop.lt\/?post_type=product&#038;p=45550"},"modified":"2026-04-26T23:30:23","modified_gmt":"2026-04-26T20:30:23","slug":"kaitlente-kaljano-anglims-smoke2u-500w","status":"publish","type":"product","link":"https:\/\/hookahshop.lt\/pl\/produkt\/shish-coal-gob-hotplate-smoke2u-500w\/","title":{"rendered":"P\u0142yta grzewcza do w\u0119gli do fajki wodnej SMOKE2U 500W"},"content":{"rendered":"<h2>P\u0142yta grzewcza do w\u0119gli do fajki wodnej SMOKE2U 500W<\/h2>\n<div class=\"product_inf_options_box_odd_row_val\">To ma\u0142a p\u0142yta grzewcza do podgrzewania naturalnego w\u0119gla kokosowego. W\u0119giel le\u017cy bezpiecznie na ruszcie i chroni element grzejny. Zapewnia to d\u0142ug\u0105 \u017cywotno\u015b\u0107 rozpa\u0142ki.<\/div>\n<div><\/div>\n<div class=\"product_inf_options_box_odd_row_val\"><strong>Specyfikacja:<\/strong><br \/>\nPojemno\u015b\u0107: do 4 w\u0119gielk\u00f3w do fajki wodnej (26x26x26mm)<br \/>\nMoc: 500 W<br \/>\nPrzew\u00f3d zasilaj\u0105cy: 1 m.<br \/>\nNapi\u0119cie: 230 V ~ 50 Hz<\/div>\n<div class=\"product_inf_options_box_odd_row_val\">Temperatura: regulowana<br \/>\nBezpiecze\u0144stwo: Ochrona przed przegrzaniem, sprawdzona CE<\/p>\n<div>Czas nagrzewania w\u0119gla: ~10min.<\/div>\n<div><\/div>\n<div>Czy masz jakie\u015b pytania? Skontaktuj si\u0119 z nami\u00a0<a href=\"https:\/\/hookahshop.lt\/pl\/lacznosc\/\">strona z kontaktami<\/a>\u00a0lub napisz do nas na adres\u00a0<a href=\"https:\/\/facebook.com\/HookahShop.lt\/\" target=\"_blank\" rel=\"noopener noreferrer\">konto na Facebooku<\/a>\u00a0a my odpowiemy na Twoj\u0105 pro\u015bb\u0119 tego samego dnia.<\/div>\n<\/div>","protected":false},"excerpt":{"rendered":"<p>Kaitlent\u0117 kaljano anglims SMOKE2U 500W Tai ma\u017ea kaitlent\u0117, skirta \u012fkaitinti nat\u016bralias kokoso anglis. Anglys saugiai gul\u0117s ant anglies groteli\u0173 ir apsaugos \u0161ildymo element\u0105. Tai u\u017etikrina anglies \u017eiebtuv\u0117lio tarnavimo laik\u0105. Specifikacija: Talpa: iki 4 kaljano angli\u0173 (26x26x26mm) Galia: 500W Maitinimo laidas: 1 m. \u012etampa: 230V ~ 50Hz Temperat\u016bra: reguliuojama Sauga: Apsauga nuo perkaitimo, CE patikrinta Angli\u0173 [&hellip;]<\/p>","protected":false},"featured_media":45551,"comment_status":"closed","ping_status":"closed","template":"","meta":[],"_links":{"self":[{"href":"https:\/\/hookahshop.lt\/pl\/wp-json\/wp\/v2\/product\/45550"}],"collection":[{"href":"https:\/\/hookahshop.lt\/pl\/wp-json\/wp\/v2\/product"}],"about":[{"href":"https:\/\/hookahshop.lt\/pl\/wp-json\/wp\/v2\/types\/product"}],"replies":[{"embeddable":true,"href":"https:\/\/hookahshop.lt\/pl\/wp-json\/wp\/v2\/comments?post=45550"}],"version-history":[{"count":4,"href":"https:\/\/hookahshop.lt\/pl\/wp-json\/wp\/v2\/product\/45550\/revisions"}],"predecessor-version":[{"id":45559,"href":"https:\/\/hookahshop.lt\/pl\/wp-json\/wp\/v2\/product\/45550\/revisions\/45559"}],"wp:featuredmedia":[{"embeddable":true,"href":"https:\/\/hookahshop.lt\/pl\/wp-json\/wp\/v2\/media\/45551"}],"wp:attachment":[{"href":"https:\/\/hookahshop.lt\/pl\/wp-json\/wp\/v2\/media?parent=45550"}],"curies":[{"name":"wp","href":"https:\/\/api.w.org\/{rel}","templated":true}]}}