{"id":45794,"date":"2026-04-28T15:06:11","date_gmt":"2026-04-28T12:06:11","guid":{"rendered":"https:\/\/hookahshop.lt\/?post_type=product&#038;p=45794"},"modified":"2026-05-01T23:30:30","modified_gmt":"2026-05-01T20:30:30","slug":"kolba-kaljanui-craft-crystal-medium-black","status":"publish","type":"product","link":"https:\/\/hookahshop.lt\/pl\/produkt\/kolba-do-sziszy-rzemieslniczej-krysztal-sredni-czarny\/","title":{"rendered":"Kolba kaljanui CRAFT Crystal Medium Black"},"content":{"rendered":"<h2>\u00a0Kolba kaljanui CRAFT Crystal Medium Black<\/h2>\n<p>Tai k\u016bgio formos juodos spalvos kolba, turinti standartin\u0119 tarpin\u0117s formos jungt\u012f.<\/p>\n<p><strong>Specyfikacja:<\/strong><br \/>\nWysoko\u015b\u0107: 250 mm<br \/>\nSvoris: ~ 1728 g<br \/>\n\u015arednica zewn\u0119trzna szyjki: 70 mm<br \/>\n\u015arednica wewn\u0119trzna szyjki: 45 mm<br \/>\nProdukto med\u017eiaga: skaidrus stiklas juodos spalvos.<\/p>\n<p>Czy masz jakie\u015b pytania? Skontaktuj si\u0119 z nami\u00a0<a href=\"https:\/\/hookahshop.lt\/pl\/lacznosc\/\">strona z kontaktami<\/a>\u00a0lub napisz do nas na adres\u00a0<a href=\"https:\/\/facebook.com\/HookahShop.lt\/\" target=\"_blank\" rel=\"noopener noreferrer\">konto na Facebooku<\/a>\u00a0a my odpowiemy na Twoj\u0105 pro\u015bb\u0119 tego samego dnia.<\/p>","protected":false},"excerpt":{"rendered":"<p>\u00a0Kolba kaljanui CRAFT Crystal Medium Black Tai k\u016bgio formos juodos spalvos kolba, turinti standartin\u0119 tarpin\u0117s formos jungt\u012f. Specifikacija: Auk\u0161tis: 250 mm Svoris: ~ 1728 g I\u0161orinis kaklelio skersmuo: 70 mm Vidinis kaklelio skersmuo: 45 mm Produkto med\u017eiaga: skaidrus stiklas juodos spalvos. Turite klausim\u0173? Susisiekite su mumis\u00a0kontakt\u0173 puslapyje\u00a0arba para\u0161ykite mums \u012f\u00a0Facebook paskyr\u0105\u00a0ir atsakysime \u012f j\u016bs\u0173 u\u017eklaus\u0105 [&hellip;]<\/p>","protected":false},"featured_media":45799,"comment_status":"closed","ping_status":"closed","template":"","meta":[],"_links":{"self":[{"href":"https:\/\/hookahshop.lt\/pl\/wp-json\/wp\/v2\/product\/45794"}],"collection":[{"href":"https:\/\/hookahshop.lt\/pl\/wp-json\/wp\/v2\/product"}],"about":[{"href":"https:\/\/hookahshop.lt\/pl\/wp-json\/wp\/v2\/types\/product"}],"replies":[{"embeddable":true,"href":"https:\/\/hookahshop.lt\/pl\/wp-json\/wp\/v2\/comments?post=45794"}],"version-history":[{"count":5,"href":"https:\/\/hookahshop.lt\/pl\/wp-json\/wp\/v2\/product\/45794\/revisions"}],"predecessor-version":[{"id":45867,"href":"https:\/\/hookahshop.lt\/pl\/wp-json\/wp\/v2\/product\/45794\/revisions\/45867"}],"wp:featuredmedia":[{"embeddable":true,"href":"https:\/\/hookahshop.lt\/pl\/wp-json\/wp\/v2\/media\/45799"}],"wp:attachment":[{"href":"https:\/\/hookahshop.lt\/pl\/wp-json\/wp\/v2\/media?parent=45794"}],"curies":[{"name":"wp","href":"https:\/\/api.w.org\/{rel}","templated":true}]}}