{"id":4958,"date":"2020-04-17T18:26:55","date_gmt":"2020-04-17T15:26:55","guid":{"rendered":"http:\/\/hookahshop.lt\/?post_type=product&#038;p=4958"},"modified":"2026-04-09T12:29:00","modified_gmt":"2026-04-09T09:29:00","slug":"turistine-dujine-virykle","status":"publish","type":"product","link":"https:\/\/hookahshop.lt\/pl\/produkt\/turystyczna-kuchenka-gazowa\/","title":{"rendered":"Campingowa kuchenka gazowa"},"content":{"rendered":"<h2>Campingowa kuchenka gazowa<\/h2>\n<p>Doskona\u0142y stosunek masy do mocy sprawia, \u017ce kuchenka jest idealna dla turyst\u00f3w pieszych i turyst\u00f3w z plecakiem. Po z\u0142o\u017ceniu wspornik\u00f3w ze stali nierdzewnej mo\u017cna wygodnie przechowywa\u0107 piec w za\u0142\u0105czonej torbie.<\/p>\n<p><strong>Cechy produktu:<\/strong><\/p>\n<ul>\n<li>Piec wykonany jest z \u017caroodpornej i t\u0142oczonej stali.<\/li>\n<li>Zintegrowany zap\u0142on piezoelektryczny - nie wymaga zapa\u0142ek ani zapalniczek!<\/li>\n<li>Moc p\u0142omienia kontrolowana jest wygodnym pokr\u0119t\u0142em - zaworkiem.<\/li>\n<li>Zintegrowana ochrona p\u0142omienia przed podmuchami powietrza.<\/li>\n<li>Stosowane s\u0105 tanie i popularne kanistry MSF-1a!<\/li>\n<li>Piec jest \u0142atwy w monta\u017cu, wygodny w u\u017cytkowaniu i czyszczeniu!<\/li>\n<li>UWAGA: kanister nale\u017cy pod\u0142\u0105czy\u0107 do z\u0142\u0105cza (do pokr\u0119t\u0142a regulacji przep\u0142ywu gazu) i przykr\u0119ci\u0107 do momentu zablokowania w dw\u00f3ch miejscach blokuj\u0105cych! Po ka\u017cdym u\u017cyciu kanister nale\u017cy zdemontowa\u0107!<\/li>\n<\/ul>\n<p><strong>Dane techniczne:<\/strong><\/p>\n<ul>\n<li>Typ kanistra: MSF-1a<\/li>\n<li>Materia\u0142: stal<\/li>\n<li>Zap\u0142on: Piezoelektryczny (nie wymaga zapa\u0142ek\/zapalniczki)<\/li>\n<li>Wygodna regulacja p\u0142omienia (pokr\u0119t\u0142o)<\/li>\n<li>Ruszt pieca \/ maksymalny rozstaw ramion (\u015brednica): 22 cm<\/li>\n<li>wysoko\u015b\u0107: 8,5 cm<\/li>\n<li>szeroko\u015b\u0107: 11 cm<\/li>\n<li>Wysoko\u015b\u0107 (zakrzywiony): 9,5 cm<\/li>\n<li>Szeroko\u015b\u0107 (po zakrzywieniu): 15 cm<\/li>\n<li>Do\u0142\u0105czone uchwyty maj\u0105 wymiary 11 cm x 11 cm x 9 cm<\/li>\n<li>Kolor: czerwony i srebrny<\/li>\n<li>W zestawie torba podr\u00f3\u017cna<\/li>\n<li>Opakowanie: pude\u0142ko kartonowe<\/li>\n<li>UWAGA: Zestaw nie zawiera kanistra<\/li>\n<\/ul>\n<p>Czy masz jakie\u015b pytania? Skontaktuj si\u0119 z nami\u00a0<a href=\"https:\/\/hookahshop.lt\/pl\/lacznosc\/\">strona z kontaktami<\/a>\u00a0lub napisz do nas na adres\u00a0<a href=\"https:\/\/facebook.com\/HookahShop.lt\/\" target=\"_blank\" rel=\"noopener noreferrer\">konto na Facebooku<\/a>\u00a0a my odpowiemy na Twoj\u0105 pro\u015bb\u0119 tego samego dnia.<\/p>","protected":false},"excerpt":{"rendered":"<p>Doskona\u0142y stosunek masy do mocy sprawia, \u017ce kuchenka jest idealna dla turyst\u00f3w pieszych i turyst\u00f3w z plecakiem. Po z\u0142o\u017ceniu wspornik\u00f3w ze stali nierdzewnej mo\u017cna wygodnie przechowywa\u0107 piec w za\u0142\u0105czonej torbie.<\/p>","protected":false},"featured_media":4962,"comment_status":"open","ping_status":"closed","template":"","meta":[],"_links":{"self":[{"href":"https:\/\/hookahshop.lt\/pl\/wp-json\/wp\/v2\/product\/4958"}],"collection":[{"href":"https:\/\/hookahshop.lt\/pl\/wp-json\/wp\/v2\/product"}],"about":[{"href":"https:\/\/hookahshop.lt\/pl\/wp-json\/wp\/v2\/types\/product"}],"replies":[{"embeddable":true,"href":"https:\/\/hookahshop.lt\/pl\/wp-json\/wp\/v2\/comments?post=4958"}],"version-history":[{"count":5,"href":"https:\/\/hookahshop.lt\/pl\/wp-json\/wp\/v2\/product\/4958\/revisions"}],"predecessor-version":[{"id":45191,"href":"https:\/\/hookahshop.lt\/pl\/wp-json\/wp\/v2\/product\/4958\/revisions\/45191"}],"wp:featuredmedia":[{"embeddable":true,"href":"https:\/\/hookahshop.lt\/pl\/wp-json\/wp\/v2\/media\/4962"}],"wp:attachment":[{"href":"https:\/\/hookahshop.lt\/pl\/wp-json\/wp\/v2\/media?parent=4958"}],"curies":[{"name":"wp","href":"https:\/\/api.w.org\/{rel}","templated":true}]}}