{"id":4971,"date":"2020-04-17T18:36:20","date_gmt":"2020-04-17T15:36:20","guid":{"rendered":"http:\/\/hookahshop.lt\/?post_type=product&#038;p=4971"},"modified":"2026-04-13T16:22:45","modified_gmt":"2026-04-13T13:22:45","slug":"duju-balionelis-tiross","status":"publish","type":"product","link":"https:\/\/hookahshop.lt\/pl\/produkt\/butla-gazowa-tiross\/","title":{"rendered":"Butla gazowa TIROSS 400ml"},"content":{"rendered":"<h2>Butla gazowa TIROSS 400ml<\/h2>\n<p>Nadaje si\u0119 do stosowania z kuchenk\u0105 gazow\u0105 K202 do rozpalania naturalnego w\u0119gla kokosowego do fajki wodnej.<\/p>\n<p>Czy masz jakie\u015b pytania? Skontaktuj si\u0119 z nami\u00a0<a href=\"https:\/\/hookahshop.lt\/pl\/lacznosc\/\">strona z kontaktami<\/a>\u00a0lub napisz do nas na adres\u00a0<a href=\"https:\/\/facebook.com\/HookahShop.lt\/\" target=\"_blank\" rel=\"noopener noreferrer\">konto na Facebooku<\/a>\u00a0a my odpowiemy na Twoj\u0105 pro\u015bb\u0119 tego samego dnia.<\/p>","protected":false},"excerpt":{"rendered":"<p>Butla gazowa TIROSS 400ml Nadaje si\u0119 do u\u017cytku z kuchenk\u0105 gazow\u0105 K202 do rozpalania naturalnego w\u0119gla kokosowego do fajki wodnej. Czy masz jakie\u015b pytania? Skontaktuj si\u0119 z nami na stronie kontaktowej lub napisz do nas na naszym koncie na Facebooku, a my odpowiemy na Twoj\u0105 pro\u015bb\u0119 jeszcze tego samego dnia.<\/p>","protected":false},"featured_media":4972,"comment_status":"open","ping_status":"closed","template":"","meta":[],"_links":{"self":[{"href":"https:\/\/hookahshop.lt\/pl\/wp-json\/wp\/v2\/product\/4971"}],"collection":[{"href":"https:\/\/hookahshop.lt\/pl\/wp-json\/wp\/v2\/product"}],"about":[{"href":"https:\/\/hookahshop.lt\/pl\/wp-json\/wp\/v2\/types\/product"}],"replies":[{"embeddable":true,"href":"https:\/\/hookahshop.lt\/pl\/wp-json\/wp\/v2\/comments?post=4971"}],"version-history":[{"count":7,"href":"https:\/\/hookahshop.lt\/pl\/wp-json\/wp\/v2\/product\/4971\/revisions"}],"predecessor-version":[{"id":18332,"href":"https:\/\/hookahshop.lt\/pl\/wp-json\/wp\/v2\/product\/4971\/revisions\/18332"}],"wp:featuredmedia":[{"embeddable":true,"href":"https:\/\/hookahshop.lt\/pl\/wp-json\/wp\/v2\/media\/4972"}],"wp:attachment":[{"href":"https:\/\/hookahshop.lt\/pl\/wp-json\/wp\/v2\/media?parent=4971"}],"curies":[{"name":"wp","href":"https:\/\/api.w.org\/{rel}","templated":true}]}}