{"id":6914,"date":"2020-05-12T17:37:15","date_gmt":"2020-05-12T14:37:15","guid":{"rendered":"http:\/\/hookahshop.lt\/?post_type=product&#038;p=6914"},"modified":"2026-04-05T23:29:01","modified_gmt":"2026-04-05T20:29:01","slug":"karscio-kamera-su-dezute","status":"publish","type":"product","link":"https:\/\/hookahshop.lt\/pl\/produkt\/kamera-termowizyjna-z-pudelkiem\/","title":{"rendered":"Komora grzewcza z pude\u0142kiem"},"content":{"rendered":"<h2>Komora grzewcza z pude\u0142kiem<\/h2>\n<p>Komora cieplna jest replik\u0105 pierwszej wersji Kalaud, o mniejszej pojemno\u015bci. Mie\u015bci 2-3 w\u0119gle kokosowe.<\/p>\n<p id=\"tw-target-text\" class=\"tw-data-text tw-text-large tw-ta\" dir=\"ltr\" data-placeholder=\"Vertimas\"><strong><span lang=\"lt\">G\u0142\u00f3wne zalety komory grzewczej:<\/span><\/strong><\/p>\n<p><span lang=\"lt\">Wielokrotnego u\u017cytku;<\/span><br \/>\n<span lang=\"lt\">Nigdy wi\u0119cej folii;<\/span><br \/>\n<span lang=\"lt\">W\u0119giel pozostaje na swoim miejscu dzi\u0119ki wygodnemu kszta\u0142towi;<\/span><br \/>\nPoprawia cyrkulacj\u0119 powietrza;<br \/>\n<span lang=\"lt\">Nagrzewa si\u0119 w kr\u00f3tkim czasie i utrzymuje ciep\u0142o na stabilnym poziomie.<\/span><\/p>\n<p>Czy masz jakie\u015b pytania? Skontaktuj si\u0119 z nami\u00a0<a href=\"https:\/\/hookahshop.lt\/pl\/lacznosc\/\">strona z kontaktami<\/a>\u00a0lub napisz do nas na adres\u00a0<a href=\"https:\/\/facebook.com\/HookahShop.lt\/\" target=\"_blank\" rel=\"noopener noreferrer\">konto na Facebooku<\/a>\u00a0a my odpowiemy na Twoj\u0105 pro\u015bb\u0119 tego samego dnia.<\/p>","protected":false},"excerpt":{"rendered":"<p>Komora grzewcza z pude\u0142kiem Komora grzewcza jest replik\u0105 pierwszej wersji Kalaud, o mniejszej pojemno\u015bci. Mie\u015bci 2-3 w\u0119gle kokosowe. G\u0142\u00f3wne zalety komory grzewczej: Wielokrotne zastosowanie; Nie ma ju\u017c potrzeby stosowania folii; Carbon pozostaje na swoim miejscu dzi\u0119ki wygodnemu kszta\u0142towi; Poprawia si\u0119 cyrkulacja powietrza; Nagrzewa si\u0119 w kr\u00f3tkim czasie i stabilnie utrzymuje ciep\u0142o. Czy masz jakie\u015b pytania? Skontaktuj si\u0119 z nami na stronie kontaktowej lub napisz do nas na naszym koncie na Facebooku, a my odpowiemy na Twoje [\u2026]<\/p>","protected":false},"featured_media":27206,"comment_status":"open","ping_status":"closed","template":"","meta":[],"_links":{"self":[{"href":"https:\/\/hookahshop.lt\/pl\/wp-json\/wp\/v2\/product\/6914"}],"collection":[{"href":"https:\/\/hookahshop.lt\/pl\/wp-json\/wp\/v2\/product"}],"about":[{"href":"https:\/\/hookahshop.lt\/pl\/wp-json\/wp\/v2\/types\/product"}],"replies":[{"embeddable":true,"href":"https:\/\/hookahshop.lt\/pl\/wp-json\/wp\/v2\/comments?post=6914"}],"version-history":[{"count":7,"href":"https:\/\/hookahshop.lt\/pl\/wp-json\/wp\/v2\/product\/6914\/revisions"}],"predecessor-version":[{"id":29571,"href":"https:\/\/hookahshop.lt\/pl\/wp-json\/wp\/v2\/product\/6914\/revisions\/29571"}],"wp:featuredmedia":[{"embeddable":true,"href":"https:\/\/hookahshop.lt\/pl\/wp-json\/wp\/v2\/media\/27206"}],"wp:attachment":[{"href":"https:\/\/hookahshop.lt\/pl\/wp-json\/wp\/v2\/media?parent=6914"}],"curies":[{"name":"wp","href":"https:\/\/api.w.org\/{rel}","templated":true}]}}