{"id":7278,"date":"2020-05-15T15:37:16","date_gmt":"2020-05-15T12:37:16","guid":{"rendered":"http:\/\/hookahshop.lt\/?post_type=product&#038;p=7278"},"modified":"2026-04-09T12:28:59","modified_gmt":"2026-04-09T09:28:59","slug":"taurele-kaljanui-solaris-pluto","status":"publish","type":"product","link":"https:\/\/hookahshop.lt\/pl\/produkt\/taurele-kaljanui-solaris-pluton\/","title":{"rendered":"Kubek do fajki wodnej SOLARIS Pluto"},"content":{"rendered":"<div class=\"jhH5U\">\n<div id=\"tw-ob\" class=\"tw-src-ltr\">\n<div class=\"oSioSc\">\n<div id=\"tw-target\">\n<div id=\"kAz1tf\" class=\"g9WsWb\">\n<div id=\"tw-target-text-container\" class=\"tw-ta-container hide-focus-ring tw-nfl\">\n<h2 class=\"tw-data-text tw-text-large XcVN5d tw-ta\" data-placeholder=\"Vertimas\">Kubek do fajki wodnej SOLARIS Pluto<\/h2>\n<p class=\"tw-data-text tw-text-large XcVN5d tw-ta\" dir=\"ltr\" data-placeholder=\"Vertimas\">Forma killer 7 do\u0142k\u00f3w - du\u017ca pojemno\u015b\u0107 15-20g na oko\u0142o godzin\u0119 w\u0119dzenia.<\/p>\n<p dir=\"ltr\" data-placeholder=\"Vertimas\">Czy masz jakie\u015b pytania? Skontaktuj si\u0119 z nami\u00a0<a href=\"https:\/\/hookahshop.lt\/pl\/lacznosc\/\">strona z kontaktami<\/a>\u00a0lub napisz do nas na adres\u00a0<a href=\"https:\/\/facebook.com\/HookahShop.lt\/\" target=\"_blank\" rel=\"noopener noreferrer\">konto na Facebooku<\/a>\u00a0a my odpowiemy na Twoj\u0105 pro\u015bb\u0119 tego samego dnia.<\/p>\n<\/div>\n<\/div>\n<\/div>\n<\/div>\n<\/div>\n<\/div>","protected":false},"excerpt":{"rendered":"<p>Kubek do fajki wodnej SOLARIS Pluto Forma Killer 7 otwor\u00f3w - du\u017ca pojemno\u015b\u0107 15-20g na oko\u0142o godzin\u0119 palenia. Czy masz jakie\u015b pytania? Skontaktuj si\u0119 z nami na stronie kontaktowej lub napisz do nas na naszym koncie na Facebooku, a my odpowiemy na Twoj\u0105 pro\u015bb\u0119 jeszcze tego samego dnia.<\/p>","protected":false},"featured_media":8743,"comment_status":"open","ping_status":"closed","template":"","meta":[],"_links":{"self":[{"href":"https:\/\/hookahshop.lt\/pl\/wp-json\/wp\/v2\/product\/7278"}],"collection":[{"href":"https:\/\/hookahshop.lt\/pl\/wp-json\/wp\/v2\/product"}],"about":[{"href":"https:\/\/hookahshop.lt\/pl\/wp-json\/wp\/v2\/types\/product"}],"replies":[{"embeddable":true,"href":"https:\/\/hookahshop.lt\/pl\/wp-json\/wp\/v2\/comments?post=7278"}],"version-history":[{"count":4,"href":"https:\/\/hookahshop.lt\/pl\/wp-json\/wp\/v2\/product\/7278\/revisions"}],"predecessor-version":[{"id":43336,"href":"https:\/\/hookahshop.lt\/pl\/wp-json\/wp\/v2\/product\/7278\/revisions\/43336"}],"wp:featuredmedia":[{"embeddable":true,"href":"https:\/\/hookahshop.lt\/pl\/wp-json\/wp\/v2\/media\/8743"}],"wp:attachment":[{"href":"https:\/\/hookahshop.lt\/pl\/wp-json\/wp\/v2\/media?parent=7278"}],"curies":[{"name":"wp","href":"https:\/\/api.w.org\/{rel}","templated":true}]}}