{"id":7290,"date":"2020-05-15T15:41:19","date_gmt":"2020-05-15T12:41:19","guid":{"rendered":"http:\/\/hookahshop.lt\/?post_type=product&#038;p=7290"},"modified":"2026-04-05T23:29:21","modified_gmt":"2026-04-05T20:29:21","slug":"znyples-kaljano-anglims-hootec-tongs-s","status":"publish","type":"product","link":"https:\/\/hookahshop.lt\/pl\/produkt\/szisza-szisza-wegiel-hootec-szczypce-s\/","title":{"rendered":"Szczypce do w\u0119gla drzewnego do fajki wodnej HOOTEC Tongs S"},"content":{"rendered":"<h2>Szczypce do w\u0119gla drzewnego do fajki wodnej HOOTEC Tongs S<\/h2>\n<p>S\u0105 to wygodne, stylowe szczypce wykonane z hartowanej stali.<\/p>\n<p>ZALETY: - Stylowy design &quot;hi tech&quot; - Wygodny kszta\u0142t i optymalna wytrzyma\u0142o\u015b\u0107.<\/p>\n<p>Wygodny rozmiar przy pracy z wieloma w\u0119glami: - D\u0142ugo\u015b\u0107 szczypiec (20 cm)<\/p>\n<p>Czy masz jakie\u015b pytania? Skontaktuj si\u0119 z nami\u00a0<a href=\"https:\/\/hookahshop.lt\/pl\/lacznosc\/\">strona z kontaktami<\/a>\u00a0lub napisz do nas na adres\u00a0<a href=\"https:\/\/facebook.com\/HookahShop.lt\/\" target=\"_blank\" rel=\"noopener noreferrer\">konto na Facebooku<\/a>\u00a0a my odpowiemy na Twoj\u0105 pro\u015bb\u0119 tego samego dnia.<\/p>","protected":false},"excerpt":{"rendered":"<p>Szczypce do w\u0119gla drzewnego do fajki wodnej HOOTEC Tongs S S\u0105 to wygodne, stylowe szczypce wykonane z hartowanej stali. ZALETY: - Stylowy, zaawansowany technologicznie design - Wygodny kszta\u0142t i optymalna wytrzyma\u0142o\u015b\u0107. Wygodny rozmiar do pracy z wieloma w\u0119glami: - D\u0142ugo\u015b\u0107 szczypiec (20 cm) Pytania? Skontaktuj si\u0119 z nami na stronie kontaktowej lub napisz do nas na naszym koncie na Facebooku, a my odpowiemy na Twoj\u0105 pro\u015bb\u0119 jeszcze tego samego dnia.<\/p>","protected":false},"featured_media":16478,"comment_status":"open","ping_status":"closed","template":"","meta":[],"_links":{"self":[{"href":"https:\/\/hookahshop.lt\/pl\/wp-json\/wp\/v2\/product\/7290"}],"collection":[{"href":"https:\/\/hookahshop.lt\/pl\/wp-json\/wp\/v2\/product"}],"about":[{"href":"https:\/\/hookahshop.lt\/pl\/wp-json\/wp\/v2\/types\/product"}],"replies":[{"embeddable":true,"href":"https:\/\/hookahshop.lt\/pl\/wp-json\/wp\/v2\/comments?post=7290"}],"version-history":[{"count":2,"href":"https:\/\/hookahshop.lt\/pl\/wp-json\/wp\/v2\/product\/7290\/revisions"}],"predecessor-version":[{"id":23328,"href":"https:\/\/hookahshop.lt\/pl\/wp-json\/wp\/v2\/product\/7290\/revisions\/23328"}],"wp:featuredmedia":[{"embeddable":true,"href":"https:\/\/hookahshop.lt\/pl\/wp-json\/wp\/v2\/media\/16478"}],"wp:attachment":[{"href":"https:\/\/hookahshop.lt\/pl\/wp-json\/wp\/v2\/media?parent=7290"}],"curies":[{"name":"wp","href":"https:\/\/api.w.org\/{rel}","templated":true}]}}