{"id":8800,"date":"2020-06-06T21:18:15","date_gmt":"2020-06-06T18:18:15","guid":{"rendered":"https:\/\/hookahshop.lt\/?post_type=product&#038;p=8800"},"modified":"2026-04-05T23:28:46","modified_gmt":"2026-04-05T20:28:46","slug":"kaljanas-bigmaks-rapier","status":"publish","type":"product","link":"https:\/\/hookahshop.lt\/pl\/produkt\/kaljanas-bigmaks-rapier\/","title":{"rendered":"Fajka wodna BIGMAKS Rapier"},"content":{"rendered":"<h2>Fajka wodna BIGMAKS Rapier<\/h2>\n<p>To minimalistyczna linia przeznaczona do palenia fajki wodnej z dyfuzorem (naci\u0105g fajki wodnej nie jest regulowany). System hookah sk\u0142ada si\u0119 z pi\u0119ciu zawor\u00f3w, kt\u00f3re umo\u017cliwiaj\u0105 natychmiastowe oczyszczenie kolby z dymu, a tak\u017ce sch\u0142odzenie misy bez jej nape\u0142niania. Trzon, sto\u017cek, ustnik i p\u0142ytka s\u0105 wykonane ze stali nierdzewnej AISI304 z bardzo precyzyjn\u0105 obr\u00f3bk\u0105. Monta\u017c z po\u0142\u0105czeniami gwintowanymi. Stosowane s\u0105 z\u0142\u0105cza o-ringowe.<\/p>\n<p><strong>Ekwipunek:<\/strong><br \/>\nPude\u0142ko; Wa\u0142; Talerz z grawerem marki; Ustnik; Z\u0142\u0105cze w\u0119\u017ca; W\u0105\u017c mi\u0119kki; Uszczelki (2 szt.); Plastikowe kulki (5 szt.);<\/p>\n<p><img decoding=\"async\" loading=\"lazy\" class=\"alignnone size-medium wp-image-38521\" src=\"https:\/\/hookahshop.lt\/wp-content\/uploads\/2020\/09\/stiebas-zarna-kandiklis-1-300x273.jpg\" alt=\"- hookahshop.lt\" width=\"300\" height=\"273\" srcset=\"https:\/\/hookahshop.lt\/wp-content\/uploads\/2020\/09\/stiebas-zarna-kandiklis-1-300x273.jpg 300w, https:\/\/hookahshop.lt\/wp-content\/uploads\/2020\/09\/stiebas-zarna-kandiklis-1-13x12.jpg 13w, https:\/\/hookahshop.lt\/wp-content\/uploads\/2020\/09\/stiebas-zarna-kandiklis-1-64x58.jpg 64w, https:\/\/hookahshop.lt\/wp-content\/uploads\/2020\/09\/stiebas-zarna-kandiklis-1.jpg 420w\" sizes=\"(max-width: 300px) 100vw, 300px\" title=\"\"><\/p>\n<p>Charakterystyka:<br \/>\nWaga fajki wodnej: ~ 860 gr<br \/>\nWysoko\u015b\u0107 fajki wodnej: 450 mm<br \/>\nStal nierdzewna, D13 mm<br \/>\nZ\u0142\u0105cze w\u0119\u017ca: O-ring<br \/>\nDyfuzor: Tak, nieuregulowany<br \/>\nUstnik: stal nierdzewna<br \/>\nD\u0142ugo\u015b\u0107 ustnika: 397 mm, D10 mm<br \/>\nSzron: mi\u0119kki silikon<br \/>\nD\u0142ugo\u015b\u0107 w\u0119\u017ca: 1500 mm<\/p>\n<p>Czy masz jakie\u015b pytania? Skontaktuj si\u0119 z nami\u00a0<a href=\"https:\/\/hookahshop.lt\/pl\/lacznosc\/\">strona z kontaktami<\/a>\u00a0lub napisz do nas na adres\u00a0<a href=\"https:\/\/facebook.com\/HookahShop.lt\/\" target=\"_blank\" rel=\"noopener noreferrer\">konto na Facebooku<\/a>\u00a0a my odpowiemy na Twoj\u0105 pro\u015bb\u0119 tego samego dnia.<\/p>","protected":false},"excerpt":{"rendered":"<p>Szisza BIGMAKS Rapier To minimalistyczna linia stworzona z my\u015bl\u0105 o czerpaniu przyjemno\u015bci z palenia fajki wodnej z dyfuzorem (ci\u0105g fajki wodnej nie jest regulowany). System fajki wodnej sk\u0142ada si\u0119 z pi\u0119ciu zawor\u00f3w, kt\u00f3re pozwalaj\u0105 na natychmiastowe oczyszczenie kolby z dymu, a tak\u017ce sch\u0142odzenie misy bez jej nape\u0142niania. Trzon, sto\u017cek, ustnik i p\u0142ytka wykonane s\u0105 ze stali nierdzewnej AISI304 z du\u017c\u0105 precyzj\u0105 obr\u00f3bki. Monta\u017c z po\u0142\u0105czeniami gwintowanymi. U\u017cywany [\u2026]<\/p>","protected":false},"featured_media":8801,"comment_status":"open","ping_status":"closed","template":"","meta":[],"_links":{"self":[{"href":"https:\/\/hookahshop.lt\/pl\/wp-json\/wp\/v2\/product\/8800"}],"collection":[{"href":"https:\/\/hookahshop.lt\/pl\/wp-json\/wp\/v2\/product"}],"about":[{"href":"https:\/\/hookahshop.lt\/pl\/wp-json\/wp\/v2\/types\/product"}],"replies":[{"embeddable":true,"href":"https:\/\/hookahshop.lt\/pl\/wp-json\/wp\/v2\/comments?post=8800"}],"version-history":[{"count":6,"href":"https:\/\/hookahshop.lt\/pl\/wp-json\/wp\/v2\/product\/8800\/revisions"}],"predecessor-version":[{"id":34422,"href":"https:\/\/hookahshop.lt\/pl\/wp-json\/wp\/v2\/product\/8800\/revisions\/34422"}],"wp:featuredmedia":[{"embeddable":true,"href":"https:\/\/hookahshop.lt\/pl\/wp-json\/wp\/v2\/media\/8801"}],"wp:attachment":[{"href":"https:\/\/hookahshop.lt\/pl\/wp-json\/wp\/v2\/media?parent=8800"}],"curies":[{"name":"wp","href":"https:\/\/api.w.org\/{rel}","templated":true}]}}