{"id":8822,"date":"2020-06-06T21:40:12","date_gmt":"2020-06-06T18:40:12","guid":{"rendered":"https:\/\/hookahshop.lt\/?post_type=product&#038;p=8822"},"modified":"2026-04-05T23:29:19","modified_gmt":"2026-04-05T20:29:19","slug":"taurele-kaljanui-upper-white-deep-bowl","status":"publish","type":"product","link":"https:\/\/hookahshop.lt\/pl\/produkt\/szisza-kubek-gorna-biala-gleboka-miska\/","title":{"rendered":"Kubek do fajki wodnej UPPER White Deep Bowl"},"content":{"rendered":"<h2>Kubek do fajki wodnej UPPER White Deep Bowl<\/h2>\n<p>Ma klasyczny kszta\u0142t i jest wykonany z bia\u0142ej gliny. Fili\u017canka do\u015b\u0107 szybko si\u0119 nagrzewa i r\u00f3wnomiernie rozprowadza ciep\u0142o. Pojemno\u015b\u0107 tytoniu wynosi oko\u0142o 15-20 gram\u00f3w.<\/p>\n<p>Charakterystyka:<\/p>\n<p>Wysoko\u015b\u0107: 81 mm<br \/>\n\u015arednica (zewn\u0119trzna): 69 mm<br \/>\n\u015arednica (wewn\u0119trzna): 61 mm<br \/>\nG\u0142\u0119boko\u015b\u0107: 20 mm<br \/>\n\u015arednica otworu: 6mm<br \/>\nLiczba otwor\u00f3w: 7 szt<br \/>\nWaga: 161 gram\u00f3w<\/p>\n<p>Czy masz jakie\u015b pytania? Skontaktuj si\u0119 z nami\u00a0<a href=\"https:\/\/hookahshop.lt\/pl\/lacznosc\/\">strona z kontaktami<\/a>\u00a0lub napisz do nas na adres\u00a0<a href=\"https:\/\/facebook.com\/HookahShop.lt\/\" target=\"_blank\" rel=\"noopener noreferrer\">konto na Facebooku<\/a>\u00a0a my odpowiemy na Twoj\u0105 pro\u015bb\u0119 tego samego dnia.<\/p>","protected":false},"excerpt":{"rendered":"<p>Miska na fajk\u0119 wodn\u0105 UPPER White Deep Bowl Ma klasyczny kszta\u0142t, wykonana z bia\u0142ej glinki. Fili\u017canka do\u015b\u0107 szybko si\u0119 nagrzewa i r\u00f3wnomiernie rozprowadza ciep\u0142o. Pojemno\u015b\u0107 tytoniu wynosi oko\u0142o 15-20 gram\u00f3w. Charakterystyka: Wysoko\u015b\u0107: 81 mm \u015arednica (zewn\u0119trzna): 69 mm \u015arednica (wewn\u0119trzna): 61 mm G\u0142\u0119boko\u015b\u0107: 20 mm \u015arednica otworu: 6 mm Ilo\u015b\u0107 otwor\u00f3w: 7 szt. Waga: 161 gram Masz pytania? Kontakt [\u2026]<\/p>","protected":false},"featured_media":8823,"comment_status":"open","ping_status":"closed","template":"","meta":[],"_links":{"self":[{"href":"https:\/\/hookahshop.lt\/pl\/wp-json\/wp\/v2\/product\/8822"}],"collection":[{"href":"https:\/\/hookahshop.lt\/pl\/wp-json\/wp\/v2\/product"}],"about":[{"href":"https:\/\/hookahshop.lt\/pl\/wp-json\/wp\/v2\/types\/product"}],"replies":[{"embeddable":true,"href":"https:\/\/hookahshop.lt\/pl\/wp-json\/wp\/v2\/comments?post=8822"}],"version-history":[{"count":3,"href":"https:\/\/hookahshop.lt\/pl\/wp-json\/wp\/v2\/product\/8822\/revisions"}],"predecessor-version":[{"id":39822,"href":"https:\/\/hookahshop.lt\/pl\/wp-json\/wp\/v2\/product\/8822\/revisions\/39822"}],"wp:featuredmedia":[{"embeddable":true,"href":"https:\/\/hookahshop.lt\/pl\/wp-json\/wp\/v2\/media\/8823"}],"wp:attachment":[{"href":"https:\/\/hookahshop.lt\/pl\/wp-json\/wp\/v2\/media?parent=8822"}],"curies":[{"name":"wp","href":"https:\/\/api.w.org\/{rel}","templated":true}]}}