{"id":8831,"date":"2020-06-06T21:56:59","date_gmt":"2020-06-06T18:56:59","guid":{"rendered":"https:\/\/hookahshop.lt\/?post_type=product&#038;p=8831"},"modified":"2026-05-13T23:29:26","modified_gmt":"2026-05-13T20:29:26","slug":"savaime-uzsidegancios-kaljano-anglys-carbopol-crown-40mm-10vnt","status":"publish","type":"product","link":"https:\/\/hookahshop.lt\/pl\/produkt\/samozaplon-szisza-wegiel-karbopol-korona-40mm-10szt\/","title":{"rendered":"Samozap\u0142onowa fajka w\u0119glowa CARBOPOL Crown 40mm 10szt"},"content":{"rendered":"<h2>Samozap\u0142onowa fajka w\u0119glowa CARBOPOL Crown 40mm 10szt<\/h2>\n<p>Nowy kszta\u0142t, kt\u00f3ry umo\u017cliwia \u0142atw\u0105 cyrkulacj\u0119 powietrza<br \/>\nNadaje si\u0119 do wszystkich kubk\u00f3w<br \/>\nNie ma obcego zapachu<br \/>\nCena za 1 rolk\u0119 (10 tabletek)<br \/>\n\u015arednica 40mm<br \/>\nPali si\u0119 do godziny 13:00<\/p>\n<p>Czy masz jakie\u015b pytania? Skontaktuj si\u0119 z nami\u00a0<a href=\"https:\/\/hookahshop.lt\/pl\/lacznosc\/\">strona z kontaktami<\/a>\u00a0lub napisz do nas na adres\u00a0<a href=\"https:\/\/facebook.com\/HookahShop.lt\/\" target=\"_blank\" rel=\"noopener noreferrer\">konto na Facebooku<\/a>\u00a0a my odpowiemy na Twoj\u0105 pro\u015bb\u0119 tego samego dnia.<\/p>","protected":false},"excerpt":{"rendered":"<p>Samozapalny w\u0119giel do fajki wodnej CARBOPOL Crown 40mm 10szt. Nowy kszta\u0142t umo\u017cliwiaj\u0105cy \u0142atw\u0105 cyrkulacj\u0119 powietrza, Pasuje do ka\u017cdej fili\u017canki. Nie posiada obcego zapachu. Cena za 1 rolk\u0119 (10szt. tabletek) \u015arednica 40mm. Pali si\u0119 do 1 godziny. Czy masz jakie\u015b pytania? Skontaktuj si\u0119 z nami na stronie kontaktowej lub napisz do nas na naszym koncie na Facebooku, a my odpowiemy na Twoj\u0105 pro\u015bb\u0119 jeszcze tego samego dnia.<\/p>","protected":false},"featured_media":8832,"comment_status":"open","ping_status":"closed","template":"","meta":[],"_links":{"self":[{"href":"https:\/\/hookahshop.lt\/pl\/wp-json\/wp\/v2\/product\/8831"}],"collection":[{"href":"https:\/\/hookahshop.lt\/pl\/wp-json\/wp\/v2\/product"}],"about":[{"href":"https:\/\/hookahshop.lt\/pl\/wp-json\/wp\/v2\/types\/product"}],"replies":[{"embeddable":true,"href":"https:\/\/hookahshop.lt\/pl\/wp-json\/wp\/v2\/comments?post=8831"}],"version-history":[{"count":4,"href":"https:\/\/hookahshop.lt\/pl\/wp-json\/wp\/v2\/product\/8831\/revisions"}],"predecessor-version":[{"id":24335,"href":"https:\/\/hookahshop.lt\/pl\/wp-json\/wp\/v2\/product\/8831\/revisions\/24335"}],"wp:featuredmedia":[{"embeddable":true,"href":"https:\/\/hookahshop.lt\/pl\/wp-json\/wp\/v2\/media\/8832"}],"wp:attachment":[{"href":"https:\/\/hookahshop.lt\/pl\/wp-json\/wp\/v2\/media?parent=8831"}],"curies":[{"name":"wp","href":"https:\/\/api.w.org\/{rel}","templated":true}]}}