{"id":8840,"date":"2020-06-06T22:11:44","date_gmt":"2020-06-06T19:11:44","guid":{"rendered":"https:\/\/hookahshop.lt\/?post_type=product&#038;p=8840"},"modified":"2026-04-05T23:29:17","modified_gmt":"2026-04-05T20:29:17","slug":"taurele-kaljanui-smokelab-malachit-evil","status":"publish","type":"product","link":"https:\/\/hookahshop.lt\/pl\/produkt\/taurele-kaljanui-malachit-evil\/","title":{"rendered":"Kubek do fajki wodnej SMOKELAB Malachit Evil"},"content":{"rendered":"<h2>Kubek do fajki wodnej SMOKELAB Malachit Evil<\/h2>\n<p>Kubek wykonany z czerwonej gliny z pow\u0142ok\u0105 ochronn\u0105, kt\u00f3ra zapobiega wch\u0142anianiu syropu przez kubek.<\/p>\n<p>Grube \u015bcianki pozwalaj\u0105 na p\u0142ynne i r\u00f3wnomierne nagrzewanie fili\u017canki.<\/p>\n<p>Charakterystyka:<br \/>\nWysoko\u015b\u0107: 97 mm<br \/>\n\u015arednica (zewn\u0119trzna): 70 mm<br \/>\n\u015arednica (wewn\u0119trzna): 55 mm<br \/>\nG\u0142\u0119boko\u015b\u0107: 18 mm<br \/>\n\u015arednica otworu: 7 mm<br \/>\nLiczba otwor\u00f3w: 5 szt<br \/>\nWaga: 223 gramy<\/p>\n<p>Czy masz jakie\u015b pytania? Skontaktuj si\u0119 z nami\u00a0<a href=\"https:\/\/hookahshop.lt\/pl\/lacznosc\/\">strona z kontaktami<\/a>\u00a0lub napisz do nas na adres\u00a0<a href=\"https:\/\/facebook.com\/HookahShop.lt\/\" target=\"_blank\" rel=\"noopener noreferrer\">konto na Facebooku<\/a>\u00a0a my odpowiemy na Twoj\u0105 pro\u015bb\u0119 tego samego dnia.<\/p>","protected":false},"excerpt":{"rendered":"<p>Fili\u017canka do fajki wodnej SMOKELAB Malachit Evil Cup wykonana z czerwonej glinki z pow\u0142ok\u0105 ochronn\u0105 zapobiegaj\u0105c\u0105 wch\u0142anianiu syropu przez fili\u017cank\u0119. Grube \u015bcianki sprawiaj\u0105, \u017ce fili\u017canka nagrzewa si\u0119 p\u0142ynnie i r\u00f3wnomiernie. Charakterystyka: Wysoko\u015b\u0107: 97 mm \u015arednica (zewn\u0119trzna): 70 mm \u015arednica (wewn\u0119trzna): 55 mm G\u0142\u0119boko\u015b\u0107: 18 mm \u015arednica otworu: 7 mm Ilo\u015b\u0107 otwor\u00f3w: 5 szt. Waga: 223 gramy Masz pytania? Kontakt [\u2026]<\/p>","protected":false},"featured_media":8841,"comment_status":"open","ping_status":"closed","template":"","meta":[],"_links":{"self":[{"href":"https:\/\/hookahshop.lt\/pl\/wp-json\/wp\/v2\/product\/8840"}],"collection":[{"href":"https:\/\/hookahshop.lt\/pl\/wp-json\/wp\/v2\/product"}],"about":[{"href":"https:\/\/hookahshop.lt\/pl\/wp-json\/wp\/v2\/types\/product"}],"replies":[{"embeddable":true,"href":"https:\/\/hookahshop.lt\/pl\/wp-json\/wp\/v2\/comments?post=8840"}],"version-history":[{"count":5,"href":"https:\/\/hookahshop.lt\/pl\/wp-json\/wp\/v2\/product\/8840\/revisions"}],"predecessor-version":[{"id":29558,"href":"https:\/\/hookahshop.lt\/pl\/wp-json\/wp\/v2\/product\/8840\/revisions\/29558"}],"wp:featuredmedia":[{"embeddable":true,"href":"https:\/\/hookahshop.lt\/pl\/wp-json\/wp\/v2\/media\/8841"}],"wp:attachment":[{"href":"https:\/\/hookahshop.lt\/pl\/wp-json\/wp\/v2\/media?parent=8840"}],"curies":[{"name":"wp","href":"https:\/\/api.w.org\/{rel}","templated":true}]}}