{"id":8846,"date":"2020-06-06T22:15:31","date_gmt":"2020-06-06T19:15:31","guid":{"rendered":"https:\/\/hookahshop.lt\/?post_type=product&#038;p=8846"},"modified":"2026-04-22T23:29:31","modified_gmt":"2026-04-22T20:29:31","slug":"taurele-kaljanui-smokelab-malachit-phunnel","status":"publish","type":"product","link":"https:\/\/hookahshop.lt\/pl\/produkt\/szklana-szisza-smokelab-malachit-lejek\/","title":{"rendered":"Kubek do fajki wodnej SMOKELAB Malachit Phunnel"},"content":{"rendered":"<h2>Kubek do fajki wodnej SMOKELAB Malachit Phunnel<\/h2>\n<p>Kubek wykonany z czerwonej gliny z pow\u0142ok\u0105 ochronn\u0105, kt\u00f3ra zapobiega wch\u0142anianiu syropu przez kubek.<\/p>\n<p>Grube \u015bcianki pozwalaj\u0105 na p\u0142ynne i r\u00f3wnomierne nagrzewanie fili\u017canki.<\/p>\n<p>Charakterystyka:<br \/>\nWysoko\u015b\u0107: 100mm<br \/>\n\u015arednica (zewn\u0119trzna): 74 mm<br \/>\n\u015arednica (wewn\u0119trzna): 61 mm<br \/>\nG\u0142\u0119boko\u015b\u0107: 14 mm<br \/>\n\u015arednica otworu: 8 mm<br \/>\nIlo\u015b\u0107 otwor\u00f3w: 1 szt<br \/>\nWaga: 170 gram\u00f3w<\/p>\n<p>Czy masz jakie\u015b pytania? Skontaktuj si\u0119 z nami\u00a0<a href=\"https:\/\/hookahshop.lt\/pl\/lacznosc\/\">strona z kontaktami<\/a>\u00a0lub napisz do nas na adres\u00a0<a href=\"https:\/\/facebook.com\/HookahShop.lt\/\" target=\"_blank\" rel=\"noopener noreferrer\">konto na Facebooku<\/a>\u00a0a my odpowiemy na Twoj\u0105 pro\u015bb\u0119 tego samego dnia.<\/p>","protected":false},"excerpt":{"rendered":"<p>Miska na fajk\u0119 wodn\u0105 SMOKELAB Malachit Phunnel Miseczka wykonana z czerwonej glinki z pow\u0142ok\u0105 ochronn\u0105, kt\u00f3ra zapobiega wch\u0142anianiu syropu przez misk\u0119. Grube \u015bcianki sprawiaj\u0105, \u017ce fili\u017canka nagrzewa si\u0119 p\u0142ynnie i r\u00f3wnomiernie. Charakterystyka: Wysoko\u015b\u0107: 100 mm \u015arednica (zewn\u0119trzna): 74 mm \u015arednica (wewn\u0119trzna): 61 mm G\u0142\u0119boko\u015b\u0107: 14 mm \u015arednica otworu: 8 mm Ilo\u015b\u0107 otwor\u00f3w: 1 szt. Waga: 170 gram\u00f3w Masz pytania? Kontakt [\u2026]<\/p>","protected":false},"featured_media":8849,"comment_status":"open","ping_status":"closed","template":"","meta":[],"_links":{"self":[{"href":"https:\/\/hookahshop.lt\/pl\/wp-json\/wp\/v2\/product\/8846"}],"collection":[{"href":"https:\/\/hookahshop.lt\/pl\/wp-json\/wp\/v2\/product"}],"about":[{"href":"https:\/\/hookahshop.lt\/pl\/wp-json\/wp\/v2\/types\/product"}],"replies":[{"embeddable":true,"href":"https:\/\/hookahshop.lt\/pl\/wp-json\/wp\/v2\/comments?post=8846"}],"version-history":[{"count":4,"href":"https:\/\/hookahshop.lt\/pl\/wp-json\/wp\/v2\/product\/8846\/revisions"}],"predecessor-version":[{"id":29559,"href":"https:\/\/hookahshop.lt\/pl\/wp-json\/wp\/v2\/product\/8846\/revisions\/29559"}],"wp:featuredmedia":[{"embeddable":true,"href":"https:\/\/hookahshop.lt\/pl\/wp-json\/wp\/v2\/media\/8849"}],"wp:attachment":[{"href":"https:\/\/hookahshop.lt\/pl\/wp-json\/wp\/v2\/media?parent=8846"}],"curies":[{"name":"wp","href":"https:\/\/api.w.org\/{rel}","templated":true}]}}