{"id":8852,"date":"2020-06-06T22:21:40","date_gmt":"2020-06-06T19:21:40","guid":{"rendered":"https:\/\/hookahshop.lt\/?post_type=product&#038;p=8852"},"modified":"2026-04-06T23:29:15","modified_gmt":"2026-04-06T20:29:15","slug":"taurele-kaljanui-solaris-saturn-glazuruota","status":"publish","type":"product","link":"https:\/\/hookahshop.lt\/pl\/produkt\/taurele-kaljanui-solaris-saturn-glazed\/","title":{"rendered":"Kubek do fajki wodnej SOLARIS Saturn"},"content":{"rendered":"<h2>Kubek do fajki wodnej SOLARIS Saturn<\/h2>\n<p>Forma killer 7 dziurek, przeszklona - du\u017ca pojemno\u015b\u0107 15-20g na oko\u0142o godzin\u0119 w\u0119dzenia.<\/p>\n<p>Czy masz jakie\u015b pytania? Skontaktuj si\u0119 z nami\u00a0<a href=\"https:\/\/hookahshop.lt\/pl\/lacznosc\/\">strona z kontaktami<\/a>\u00a0lub napisz do nas na adres\u00a0<a href=\"https:\/\/facebook.com\/HookahShop.lt\/\" target=\"_blank\" rel=\"noopener noreferrer\">konto na Facebooku<\/a>\u00a0a my odpowiemy na Twoj\u0105 pro\u015bb\u0119 tego samego dnia.<\/p>","protected":false},"excerpt":{"rendered":"<p>Kubek do fajki wodnej SOLARIS Saturn Forma Killer 7 otwor\u00f3w, szkliwiony - du\u017ca pojemno\u015b\u0107 15-20g na oko\u0142o godzin\u0119 palenia. Czy masz jakie\u015b pytania? Skontaktuj si\u0119 z nami na stronie kontaktowej lub napisz do nas na naszym koncie na Facebooku, a my odpowiemy na Twoj\u0105 pro\u015bb\u0119 jeszcze tego samego dnia.<\/p>","protected":false},"featured_media":8853,"comment_status":"open","ping_status":"closed","template":"","meta":[],"_links":{"self":[{"href":"https:\/\/hookahshop.lt\/pl\/wp-json\/wp\/v2\/product\/8852"}],"collection":[{"href":"https:\/\/hookahshop.lt\/pl\/wp-json\/wp\/v2\/product"}],"about":[{"href":"https:\/\/hookahshop.lt\/pl\/wp-json\/wp\/v2\/types\/product"}],"replies":[{"embeddable":true,"href":"https:\/\/hookahshop.lt\/pl\/wp-json\/wp\/v2\/comments?post=8852"}],"version-history":[{"count":3,"href":"https:\/\/hookahshop.lt\/pl\/wp-json\/wp\/v2\/product\/8852\/revisions"}],"predecessor-version":[{"id":29563,"href":"https:\/\/hookahshop.lt\/pl\/wp-json\/wp\/v2\/product\/8852\/revisions\/29563"}],"wp:featuredmedia":[{"embeddable":true,"href":"https:\/\/hookahshop.lt\/pl\/wp-json\/wp\/v2\/media\/8853"}],"wp:attachment":[{"href":"https:\/\/hookahshop.lt\/pl\/wp-json\/wp\/v2\/media?parent=8852"}],"curies":[{"name":"wp","href":"https:\/\/api.w.org\/{rel}","templated":true}]}}