{"id":9072,"date":"2020-06-11T21:52:43","date_gmt":"2020-06-11T18:52:43","guid":{"rendered":"https:\/\/hookahshop.lt\/?post_type=product&#038;p=9072"},"modified":"2026-04-05T23:29:21","modified_gmt":"2026-04-05T20:29:21","slug":"znyples-kaljano-anglims-blade-hookah-replika","status":"publish","type":"product","link":"https:\/\/hookahshop.lt\/pl\/produkt\/znyples-hookah-anglims-blade-hookah-replica\/","title":{"rendered":"Szczypce do w\u0119gla drzewnego BLADE HOOKAH Replika"},"content":{"rendered":"<h2>Szczypce do w\u0119gla drzewnego BLADE HOOKAH Replika<\/h2>\n<p>Ostrza szczypce do fajki wodnej s\u0105 wykonane tylko ze stali nierdzewnej, bardzo wygodny rozmiar.<\/p>\n<p>Czy masz jakie\u015b pytania? Skontaktuj si\u0119 z nami\u00a0<a href=\"https:\/\/hookahshop.lt\/pl\/lacznosc\/\">strona z kontaktami<\/a>\u00a0lub napisz do nas na adres\u00a0<a href=\"https:\/\/facebook.com\/HookahShop.lt\/\" target=\"_blank\" rel=\"noopener noreferrer\">konto na Facebooku<\/a>\u00a0a my odpowiemy na Twoj\u0105 pro\u015bb\u0119 tego samego dnia.<\/p>","protected":false},"excerpt":{"rendered":"<p>Szczypce do w\u0119gla drzewnego OSTRZE SZISZY Replika \u201eBlade Hookah\u201d Szczypce wykonane wy\u0142\u0105cznie ze stali nierdzewnej, bardzo wygodny rozmiar. Czy masz jakie\u015b pytania? Skontaktuj si\u0119 z nami na stronie kontaktowej lub napisz do nas na naszym koncie na Facebooku, a my odpowiemy na Twoj\u0105 pro\u015bb\u0119 jeszcze tego samego dnia.<\/p>","protected":false},"featured_media":30764,"comment_status":"open","ping_status":"closed","template":"","meta":[],"_links":{"self":[{"href":"https:\/\/hookahshop.lt\/pl\/wp-json\/wp\/v2\/product\/9072"}],"collection":[{"href":"https:\/\/hookahshop.lt\/pl\/wp-json\/wp\/v2\/product"}],"about":[{"href":"https:\/\/hookahshop.lt\/pl\/wp-json\/wp\/v2\/types\/product"}],"replies":[{"embeddable":true,"href":"https:\/\/hookahshop.lt\/pl\/wp-json\/wp\/v2\/comments?post=9072"}],"version-history":[{"count":7,"href":"https:\/\/hookahshop.lt\/pl\/wp-json\/wp\/v2\/product\/9072\/revisions"}],"predecessor-version":[{"id":43034,"href":"https:\/\/hookahshop.lt\/pl\/wp-json\/wp\/v2\/product\/9072\/revisions\/43034"}],"wp:featuredmedia":[{"embeddable":true,"href":"https:\/\/hookahshop.lt\/pl\/wp-json\/wp\/v2\/media\/30764"}],"wp:attachment":[{"href":"https:\/\/hookahshop.lt\/pl\/wp-json\/wp\/v2\/media?parent=9072"}],"curies":[{"name":"wp","href":"https:\/\/api.w.org\/{rel}","templated":true}]}}