{"id":9156,"date":"2020-06-14T20:56:11","date_gmt":"2020-06-14T17:56:11","guid":{"rendered":"https:\/\/hookahshop.lt\/?post_type=product&#038;p=9156"},"modified":"2026-04-06T23:28:38","modified_gmt":"2026-04-06T20:28:38","slug":"indelis-tabakui-laikyti-100g","status":"publish","type":"product","link":"https:\/\/hookahshop.lt\/pl\/produkt\/pojemnik-do-przechowywania-tyton-100g\/","title":{"rendered":"Pojemnik na tyto\u0144 100g"},"content":{"rendered":"<h2>Pojemnik do przechowywania tytoniu o pojemno\u015bci 100g<\/h2>\n<p>Pojemnik wykonany jest z tworzywa sztucznego i charakteryzuje si\u0119 du\u017c\u0105 szczelno\u015bci\u0105 i zwarto\u015bci\u0105 oraz posiada wystarczaj\u0105co du\u017c\u0105 pojemno\u015b\u0107 na tyto\u0144 lub mieszank\u0119 tytoniow\u0105.<br \/>\nTen pojemnik na tyto\u0144 jest ca\u0142kowicie szczelny i odporny na wilgo\u0107, wi\u0119c mieszanka tytoniowa, kt\u00f3r\u0105 w\u0142o\u017cysz do pojemnika, pozostanie taka sama, jak j\u0105 w\u0142o\u017cy\u0142e\u015b, bez wzgl\u0119du na to, jak stara jest mieszanka tytoniowa w pojemniku.<\/p>\n<p>Czy masz jakie\u015b pytania? Skontaktuj si\u0119 z nami\u00a0<a href=\"https:\/\/hookahshop.lt\/pl\/lacznosc\/\">strona z kontaktami<\/a>\u00a0lub napisz do nas na adres\u00a0<a href=\"https:\/\/facebook.com\/HookahShop.lt\/\" target=\"_blank\" rel=\"noopener noreferrer\">konto na Facebooku<\/a>\u00a0a my odpowiemy na Twoj\u0105 pro\u015bb\u0119 tego samego dnia.<\/p>","protected":false},"excerpt":{"rendered":"<p>Pojemnik do przechowywania tytoniu o pojemno\u015bci 100g Pojemnik wykonany jest z tworzywa sztucznego i charakteryzuje si\u0119 du\u017c\u0105 szczelno\u015bci\u0105 i zwarto\u015bci\u0105 oraz posiada odpowiednio du\u017c\u0105 pojemno\u015b\u0107 na tyto\u0144 lub mieszank\u0119 tytoniow\u0105. Ten pojemnik na tyto\u0144 jest ca\u0142kowicie szczelny i odporny na wilgo\u0107, wi\u0119c mieszanka tytoniowa, kt\u00f3r\u0105 w\u0142o\u017cysz do pojemnika, pozostanie taka sama, jak j\u0105 w\u0142o\u017cysz, niezale\u017cnie od tego, jak d\u0142ugo mieszanka tytoniowa by\u0142a umieszczona w pojemniku [\u2026]<\/p>","protected":false},"featured_media":9165,"comment_status":"open","ping_status":"closed","template":"","meta":[],"_links":{"self":[{"href":"https:\/\/hookahshop.lt\/pl\/wp-json\/wp\/v2\/product\/9156"}],"collection":[{"href":"https:\/\/hookahshop.lt\/pl\/wp-json\/wp\/v2\/product"}],"about":[{"href":"https:\/\/hookahshop.lt\/pl\/wp-json\/wp\/v2\/types\/product"}],"replies":[{"embeddable":true,"href":"https:\/\/hookahshop.lt\/pl\/wp-json\/wp\/v2\/comments?post=9156"}],"version-history":[{"count":5,"href":"https:\/\/hookahshop.lt\/pl\/wp-json\/wp\/v2\/product\/9156\/revisions"}],"predecessor-version":[{"id":42937,"href":"https:\/\/hookahshop.lt\/pl\/wp-json\/wp\/v2\/product\/9156\/revisions\/42937"}],"wp:featuredmedia":[{"embeddable":true,"href":"https:\/\/hookahshop.lt\/pl\/wp-json\/wp\/v2\/media\/9165"}],"wp:attachment":[{"href":"https:\/\/hookahshop.lt\/pl\/wp-json\/wp\/v2\/media?parent=9156"}],"curies":[{"name":"wp","href":"https:\/\/api.w.org\/{rel}","templated":true}]}}