{"id":9169,"date":"2020-06-14T21:02:11","date_gmt":"2020-06-14T18:02:11","guid":{"rendered":"https:\/\/hookahshop.lt\/?post_type=product&#038;p=9169"},"modified":"2026-04-08T13:49:17","modified_gmt":"2026-04-08T10:49:17","slug":"indelis-tabakui-laikyti-200g","status":"publish","type":"product","link":"https:\/\/hookahshop.lt\/pl\/produkt\/pojemnik-do-przechowywania-tyton-200g\/","title":{"rendered":"Pojemnik na tyto\u0144 200g"},"content":{"rendered":"<h2>Pojemnik na tyto\u0144 200g<\/h2>\n<p>Pojemnik jest bardzo szczelny i zwarty oraz ma wystarczaj\u0105co du\u017c\u0105 pojemno\u015b\u0107 na tyto\u0144 lub mieszank\u0119 tytoniow\u0105.<br \/>\nTen pojemnik na tyto\u0144 jest ca\u0142kowicie szczelny i odporny na wilgo\u0107, wi\u0119c mieszanka tytoniowa, kt\u00f3r\u0105 w\u0142o\u017cysz do pojemnika, pozostanie taka sama, jak j\u0105 w\u0142o\u017cy\u0142e\u015b, bez wzgl\u0119du na to, jak stara jest mieszanka tytoniowa w pojemniku.<\/p>\n<p>Czy masz jakie\u015b pytania? Skontaktuj si\u0119 z nami\u00a0<a href=\"https:\/\/hookahshop.lt\/pl\/lacznosc\/\">strona z kontaktami<\/a>\u00a0lub napisz do nas na adres\u00a0<a href=\"https:\/\/facebook.com\/HookahShop.lt\/\" target=\"_blank\" rel=\"noopener noreferrer\">konto na Facebooku<\/a>\u00a0a my odpowiemy na Twoj\u0105 pro\u015bb\u0119 tego samego dnia.<\/p>","protected":false},"excerpt":{"rendered":"<p>Pojemnik do przechowywania tytoniu 200g Pojemnik charakteryzuje si\u0119 du\u017c\u0105 szczelno\u015bci\u0105 i zwarto\u015bci\u0105 oraz posiada odpowiednio du\u017c\u0105 pojemno\u015b\u0107 na tyto\u0144 lub mieszank\u0119 tytoniow\u0105. Ten pojemnik na tyto\u0144 jest ca\u0142kowicie szczelny i odporny na wilgo\u0107, wi\u0119c mieszanka tytoniowa, kt\u00f3r\u0105 w\u0142o\u017cysz do pojemnika, pozostanie taka sama, jak j\u0105 w\u0142o\u017cysz, niezale\u017cnie od tego, jak stara jest mieszanka tytoniowa w pojemniku. Czy masz jakie\u015b pytania? Kontakt [\u2026]<\/p>","protected":false},"featured_media":9173,"comment_status":"open","ping_status":"closed","template":"","meta":[],"_links":{"self":[{"href":"https:\/\/hookahshop.lt\/pl\/wp-json\/wp\/v2\/product\/9169"}],"collection":[{"href":"https:\/\/hookahshop.lt\/pl\/wp-json\/wp\/v2\/product"}],"about":[{"href":"https:\/\/hookahshop.lt\/pl\/wp-json\/wp\/v2\/types\/product"}],"replies":[{"embeddable":true,"href":"https:\/\/hookahshop.lt\/pl\/wp-json\/wp\/v2\/comments?post=9169"}],"version-history":[{"count":5,"href":"https:\/\/hookahshop.lt\/pl\/wp-json\/wp\/v2\/product\/9169\/revisions"}],"predecessor-version":[{"id":44560,"href":"https:\/\/hookahshop.lt\/pl\/wp-json\/wp\/v2\/product\/9169\/revisions\/44560"}],"wp:featuredmedia":[{"embeddable":true,"href":"https:\/\/hookahshop.lt\/pl\/wp-json\/wp\/v2\/media\/9173"}],"wp:attachment":[{"href":"https:\/\/hookahshop.lt\/pl\/wp-json\/wp\/v2\/media?parent=9169"}],"curies":[{"name":"wp","href":"https:\/\/api.w.org\/{rel}","templated":true}]}}