{"id":9331,"date":"2020-06-20T10:02:12","date_gmt":"2020-06-20T07:02:12","guid":{"rendered":"https:\/\/hookahshop.lt\/?post_type=product&#038;p=9331"},"modified":"2026-04-22T23:28:54","modified_gmt":"2026-04-22T20:28:54","slug":"kaljanas-alpha-hookah-x-snow-white","status":"publish","type":"product","link":"https:\/\/hookahshop.lt\/pl\/produkt\/hookah-alpha-hookah-x-white-cosmo\/","title":{"rendered":"Kaljanas ALPHA HOOKAH X Snow White"},"content":{"rendered":"<h2>Kaljanas ALPHA HOOKAH X Snow White<\/h2>\n<p>To haczyk roku na John Calliano Awards 2018 i Hookah Club Show 2020.<br \/>\nJest kompaktowy, \u0142atwy w u\u017cyciu. Wystarczaj\u0105co lekkie jak na fajk\u0119 wodn\u0105, wszystkie jej elementy wykonane s\u0105 z wysokiej jako\u015bci nowoczesnych materia\u0142\u00f3w, zapewniaj\u0105cych doskona\u0142y smak i trwa\u0142o\u015b\u0107 nawet przy regularnym u\u017cytkowaniu.<\/p>\n<p><strong>Charakterystyka:<\/strong><br \/>\nWaga fajki wodnej: ~ 1320 gr<br \/>\nWysoko\u015b\u0107 fajki wodnej: 420 mm<br \/>\nStal nierdzewna, D13 mm<br \/>\nPodeszwa z otworami do nadmuchu wykonana z anodowanego aluminium, malowana proszkowo<br \/>\nStal nierdzewna, D14 mm<br \/>\nG\u0142\u00f3wny materia\u0142: niemiecki poliacetal<br \/>\nPod\u0142\u0105czenie w\u0119\u017ca: magnetyczne<br \/>\nMateria\u0142 z\u0142\u0105cza: poliacetal<br \/>\nKlosz: zdejmowany<br \/>\nUstnik: stal nierdzewna<br \/>\nD\u0142ugo\u015b\u0107 ustnika: 293 mm, D10 mm<br \/>\nW\u0105\u017c: silikon<br \/>\nD\u0142ugo\u015b\u0107 w\u0119\u017ca: 1500 mm<\/p>\n<p><strong>Ekwipunek:<\/strong><\/p>\n<p>Wa\u0142, p\u0142ytka, w\u0105\u017c z ustnikiem, uszczelki.<\/p>\n<p><img decoding=\"async\" loading=\"lazy\" class=\"alignnone size-medium wp-image-38521\" src=\"https:\/\/hookahshop.lt\/wp-content\/uploads\/2020\/09\/stiebas-zarna-kandiklis-1-300x273.jpg\" alt=\"- hookahshop.lt\" width=\"300\" height=\"273\" srcset=\"https:\/\/hookahshop.lt\/wp-content\/uploads\/2020\/09\/stiebas-zarna-kandiklis-1-300x273.jpg 300w, https:\/\/hookahshop.lt\/wp-content\/uploads\/2020\/09\/stiebas-zarna-kandiklis-1-13x12.jpg 13w, https:\/\/hookahshop.lt\/wp-content\/uploads\/2020\/09\/stiebas-zarna-kandiklis-1-64x58.jpg 64w, https:\/\/hookahshop.lt\/wp-content\/uploads\/2020\/09\/stiebas-zarna-kandiklis-1.jpg 420w\" sizes=\"(max-width: 300px) 100vw, 300px\" title=\"\"><\/p>\n<p>Czy masz jakie\u015b pytania? Skontaktuj si\u0119 z nami\u00a0<a href=\"https:\/\/hookahshop.lt\/pl\/lacznosc\/\">strona z kontaktami<\/a>\u00a0lub napisz do nas na adres\u00a0<a href=\"https:\/\/facebook.com\/HookahShop.lt\/\" target=\"_blank\" rel=\"noopener noreferrer\">konto na Facebooku<\/a>\u00a0a my odpowiemy na Twoj\u0105 pro\u015bb\u0119 tego samego dnia.<\/p>","protected":false},"excerpt":{"rendered":"<p>Kaljanas ALPHA HOOKAH X Snow White Tai met\u0173 kaljanas pagal \u201eJohn Calliano Awards 2018\u201c ir \u201eHookah Club Show 2020\u201c. Jis yra kompakti\u0161kas, patogus naudoti. Pakankamai lengvas kaljanas, visi jo elementai yra pagaminti i\u0161 auk\u0161tos kokyb\u0117s moderni\u0173 med\u017eiag\u0173, u\u017etikrinan\u010di\u0173 puik\u0173 skon\u012f ir ilgaam\u017ei\u0161kum\u0105 net reguliariai naudojant. Charakteristikos: Kaljano svoris: ~ 1320 gr Kaljano auk\u0161tis: 420 mm [&hellip;]<\/p>","protected":false},"featured_media":9332,"comment_status":"open","ping_status":"closed","template":"","meta":[],"_links":{"self":[{"href":"https:\/\/hookahshop.lt\/pl\/wp-json\/wp\/v2\/product\/9331"}],"collection":[{"href":"https:\/\/hookahshop.lt\/pl\/wp-json\/wp\/v2\/product"}],"about":[{"href":"https:\/\/hookahshop.lt\/pl\/wp-json\/wp\/v2\/types\/product"}],"replies":[{"embeddable":true,"href":"https:\/\/hookahshop.lt\/pl\/wp-json\/wp\/v2\/comments?post=9331"}],"version-history":[{"count":9,"href":"https:\/\/hookahshop.lt\/pl\/wp-json\/wp\/v2\/product\/9331\/revisions"}],"predecessor-version":[{"id":45621,"href":"https:\/\/hookahshop.lt\/pl\/wp-json\/wp\/v2\/product\/9331\/revisions\/45621"}],"wp:featuredmedia":[{"embeddable":true,"href":"https:\/\/hookahshop.lt\/pl\/wp-json\/wp\/v2\/media\/9332"}],"wp:attachment":[{"href":"https:\/\/hookahshop.lt\/pl\/wp-json\/wp\/v2\/media?parent=9331"}],"curies":[{"name":"wp","href":"https:\/\/api.w.org\/{rel}","templated":true}]}}