{"id":9337,"date":"2020-06-20T10:10:15","date_gmt":"2020-06-20T07:10:15","guid":{"rendered":"https:\/\/hookahshop.lt\/?post_type=product&#038;p=9337"},"modified":"2026-04-16T23:28:53","modified_gmt":"2026-04-16T20:28:53","slug":"kaljanas-first-hookah-core-joker","status":"publish","type":"product","link":"https:\/\/hookahshop.lt\/pl\/produkt\/hookah-first-hookah-core-joker\/","title":{"rendered":"Szisza FIRST HOOKAH Core Joker"},"content":{"rendered":"<h2>Szisza FIRST Szisza Rdze\u0144 Joker<\/h2>\n<p>Jest to bud\u017cetowa wersja modelu z segmentu premium First Hookah. Stylowy i minimalistyczny wygl\u0105d.<\/p>\n<p>Pierwszy Joker Hookah Core jest ozdobiony grawerem Jokera na samej fajce wodnej. Wa\u0142 wykonany jest ze stali nierdzewnej.<\/p>\n<p>Charakterystyka:<br \/>\nWaga fajki wodnej: ~ 1300 gr<br \/>\nWysoko\u015b\u0107 fajki wodnej: 500 mm<br \/>\nStal nierdzewna, D13 mm<br \/>\nStal nierdzewna, D13 mm<br \/>\nG\u0142\u00f3wny materia\u0142: poliacetal<br \/>\nPo\u0142\u0105czenie w\u0119\u017ca: Oring<br \/>\nStal nierdzewna<br \/>\nKlosz: zdejmowany<br \/>\nUstnik: grawerowana stal nierdzewna<br \/>\nD\u0142ugo\u015b\u0107 ustnika: 330 mm, D10 mm<br \/>\nW\u0105\u017c: silikon<br \/>\nD\u0142ugo\u015b\u0107 w\u0119\u017ca: 1500 mm<\/p>\n<p>Ekwipunek:<br \/>\nWa\u0142, p\u0142ytka, ustnik, w\u0105\u017c, dyfuzor, przy\u0142\u0105cze w\u0119\u017ca, uszczelki.<\/p>\n<p>Czy masz jakie\u015b pytania? Skontaktuj si\u0119 z nami\u00a0<a href=\"https:\/\/hookahshop.lt\/pl\/lacznosc\/\">strona z kontaktami<\/a>\u00a0lub napisz do nas na adres\u00a0<a href=\"https:\/\/facebook.com\/HookahShop.lt\/\" target=\"_blank\" rel=\"noopener noreferrer\">konto na Facebooku<\/a>\u00a0a my odpowiemy na Twoj\u0105 pro\u015bb\u0119 tego samego dnia.<\/p>","protected":false},"excerpt":{"rendered":"<p>Hookah FIRST Hookah Core Joker To bud\u017cetowa wersja modelu z segmentu premium First Hookah. Stylowy i minimalistyczny wygl\u0105d. Pierwszy Joker z rdzeniem do fajki wodnej jest ozdobiony grawerem Jokera na samej fajce wodnej. Wa\u0142 wykonany jest ze stali nierdzewnej. Charakterystyka: Waga fajki wodnej: ~ 1300 gr Wysoko\u015b\u0107 fajki wodnej: 500 mm Stal nierdzewna, D13 mm Stal nierdzewna, D13 mm G\u0142\u00f3wny materia\u0142: [\u2026]<\/p>","protected":false},"featured_media":9338,"comment_status":"open","ping_status":"closed","template":"","meta":[],"_links":{"self":[{"href":"https:\/\/hookahshop.lt\/pl\/wp-json\/wp\/v2\/product\/9337"}],"collection":[{"href":"https:\/\/hookahshop.lt\/pl\/wp-json\/wp\/v2\/product"}],"about":[{"href":"https:\/\/hookahshop.lt\/pl\/wp-json\/wp\/v2\/types\/product"}],"replies":[{"embeddable":true,"href":"https:\/\/hookahshop.lt\/pl\/wp-json\/wp\/v2\/comments?post=9337"}],"version-history":[{"count":4,"href":"https:\/\/hookahshop.lt\/pl\/wp-json\/wp\/v2\/product\/9337\/revisions"}],"predecessor-version":[{"id":22904,"href":"https:\/\/hookahshop.lt\/pl\/wp-json\/wp\/v2\/product\/9337\/revisions\/22904"}],"wp:featuredmedia":[{"embeddable":true,"href":"https:\/\/hookahshop.lt\/pl\/wp-json\/wp\/v2\/media\/9338"}],"wp:attachment":[{"href":"https:\/\/hookahshop.lt\/pl\/wp-json\/wp\/v2\/media?parent=9337"}],"curies":[{"name":"wp","href":"https:\/\/api.w.org\/{rel}","templated":true}]}}