{"id":9379,"date":"2020-06-27T15:37:43","date_gmt":"2020-06-27T12:37:43","guid":{"rendered":"https:\/\/hookahshop.lt\/?post_type=product&#038;p=9379"},"modified":"2026-04-15T23:29:18","modified_gmt":"2026-04-15T20:29:18","slug":"znyples-kaljano-anglims-blade-hookah-gold","status":"publish","type":"product","link":"https:\/\/hookahshop.lt\/pl\/produkt\/smoczki-szisza-wegiel-ostrze-szisza-zloto\/","title":{"rendered":"Szczypce do fajki wodnej BLADE HOOKAH Gold"},"content":{"rendered":"<h2>Szczypce do fajki wodnej BLADE HOOKAH Gold<\/h2>\n<p>Ostrza szczypce do fajki wodnej wykonane s\u0105 wy\u0142\u0105cznie ze stali nierdzewnej, bardzo wygodny rozmiar. Czy masz jakie\u015b pytania?<\/p>\n<p>Czy masz jakie\u015b pytania? Skontaktuj si\u0119 z nami\u00a0<a href=\"https:\/\/hookahshop.lt\/pl\/lacznosc\/\">strona z kontaktami<\/a>\u00a0lub napisz do nas na adres\u00a0<a href=\"https:\/\/facebook.com\/HookahShop.lt\/\" target=\"_blank\" rel=\"noopener noreferrer\">konto na Facebooku<\/a>\u00a0a my odpowiemy na Twoj\u0105 pro\u015bb\u0119 tego samego dnia.<\/p>","protected":false},"excerpt":{"rendered":"<p>Szczypce do w\u0119gla do shishy BLADE HOOKAH Gold Szczypce &quot;Blade Hookah&quot; wykonane s\u0105 wy\u0142\u0105cznie ze stali nierdzewnej, bardzo wygodny rozmiar. Masz jakie\u015b pytania? Masz jakie\u015b pytania? Skontaktuj si\u0119 z nami na stronie kontaktowej lub napisz do nas na Facebooku, a my odpowiemy na Twoje zapytanie tego samego dnia.<\/p>","protected":false},"featured_media":9380,"comment_status":"open","ping_status":"closed","template":"","meta":[],"_links":{"self":[{"href":"https:\/\/hookahshop.lt\/pl\/wp-json\/wp\/v2\/product\/9379"}],"collection":[{"href":"https:\/\/hookahshop.lt\/pl\/wp-json\/wp\/v2\/product"}],"about":[{"href":"https:\/\/hookahshop.lt\/pl\/wp-json\/wp\/v2\/types\/product"}],"replies":[{"embeddable":true,"href":"https:\/\/hookahshop.lt\/pl\/wp-json\/wp\/v2\/comments?post=9379"}],"version-history":[{"count":4,"href":"https:\/\/hookahshop.lt\/pl\/wp-json\/wp\/v2\/product\/9379\/revisions"}],"predecessor-version":[{"id":38421,"href":"https:\/\/hookahshop.lt\/pl\/wp-json\/wp\/v2\/product\/9379\/revisions\/38421"}],"wp:featuredmedia":[{"embeddable":true,"href":"https:\/\/hookahshop.lt\/pl\/wp-json\/wp\/v2\/media\/9380"}],"wp:attachment":[{"href":"https:\/\/hookahshop.lt\/pl\/wp-json\/wp\/v2\/media?parent=9379"}],"curies":[{"name":"wp","href":"https:\/\/api.w.org\/{rel}","templated":true}]}}