{"id":9384,"date":"2020-06-27T15:39:23","date_gmt":"2020-06-27T12:39:23","guid":{"rendered":"https:\/\/hookahshop.lt\/?post_type=product&#038;p=9384"},"modified":"2026-04-15T23:29:18","modified_gmt":"2026-04-15T20:29:18","slug":"znyples-kaljano-anglims-blade-hookah-multicolor","status":"publish","type":"product","link":"https:\/\/hookahshop.lt\/pl\/produkt\/szisza-szisza-weglowa-ostrze-szisza-wielokolorowa\/","title":{"rendered":"Szczypce do fajki wodnej BLADE HOOKAH Multicolor"},"content":{"rendered":"<h2>Szczypce do fajki wodnej BLADE HOOKAH Multicolor<\/h2>\n<p>Ostrza szczypce do fajki wodnej wykonane s\u0105 wy\u0142\u0105cznie ze stali nierdzewnej, bardzo wygodny rozmiar.<\/p>\n<p>Czy masz jakie\u015b pytania? Skontaktuj si\u0119 z nami\u00a0<a href=\"https:\/\/hookahshop.lt\/pl\/lacznosc\/\">strona z kontaktami<\/a>\u00a0lub napisz do nas na adres\u00a0<a href=\"https:\/\/facebook.com\/HookahShop.lt\/\" target=\"_blank\" rel=\"noopener noreferrer\">konto na Facebooku<\/a>\u00a0a my odpowiemy na Twoj\u0105 pro\u015bb\u0119 tego samego dnia.<\/p>","protected":false},"excerpt":{"rendered":"<p>Szczypce do w\u0119gla do fajki wodnej BLADE HOOKAH Multicolor Szczypce &quot;Blade Hookah&quot; wykonane s\u0105 wy\u0142\u0105cznie ze stali nierdzewnej, bardzo wygodny rozmiar. Masz pytania? Skontaktuj si\u0119 z nami na stronie kontaktowej lub napisz do nas na Facebooku, a odpowiemy na Twoje zapytanie tego samego dnia.<\/p>","protected":false},"featured_media":9386,"comment_status":"open","ping_status":"closed","template":"","meta":[],"_links":{"self":[{"href":"https:\/\/hookahshop.lt\/pl\/wp-json\/wp\/v2\/product\/9384"}],"collection":[{"href":"https:\/\/hookahshop.lt\/pl\/wp-json\/wp\/v2\/product"}],"about":[{"href":"https:\/\/hookahshop.lt\/pl\/wp-json\/wp\/v2\/types\/product"}],"replies":[{"embeddable":true,"href":"https:\/\/hookahshop.lt\/pl\/wp-json\/wp\/v2\/comments?post=9384"}],"version-history":[{"count":5,"href":"https:\/\/hookahshop.lt\/pl\/wp-json\/wp\/v2\/product\/9384\/revisions"}],"predecessor-version":[{"id":33220,"href":"https:\/\/hookahshop.lt\/pl\/wp-json\/wp\/v2\/product\/9384\/revisions\/33220"}],"wp:featuredmedia":[{"embeddable":true,"href":"https:\/\/hookahshop.lt\/pl\/wp-json\/wp\/v2\/media\/9386"}],"wp:attachment":[{"href":"https:\/\/hookahshop.lt\/pl\/wp-json\/wp\/v2\/media?parent=9384"}],"curies":[{"name":"wp","href":"https:\/\/api.w.org\/{rel}","templated":true}]}}