{"id":9495,"date":"2020-06-29T09:25:42","date_gmt":"2020-06-29T06:25:42","guid":{"rendered":"https:\/\/hookahshop.lt\/?post_type=product&#038;p=9495"},"modified":"2026-04-06T23:28:44","modified_gmt":"2026-04-06T20:28:44","slug":"kaljanas-bamboo-hookah-stem","status":"publish","type":"product","link":"https:\/\/hookahshop.lt\/pl\/produkt\/kaljanas-bambus-hookah-stem\/","title":{"rendered":"Fajka wodna BAMBOO Szisza wodna"},"content":{"rendered":"<h2>Fajka wodna BAMBOO Szisza wodna<\/h2>\n<p>Posiada minimalistyczny design, wykonany ze stali nierdzewnej. Bud\u017cetowy model Bamboo Hookah Stem, ta szisza nie pozostawi Ci\u0119 oboj\u0119tnym.<\/p>\n<p>Ekwipunek:<\/p>\n<p>Wa\u0142; tabliczka z grawerem marki; ustnik; jelito; uszczelki; <strong>Kolba jest pod\u015bwietlona<\/strong>.<\/p>\n<p>Charakterystyka:<br \/>\nWaga fajki wodnej: ~ 2180 gr<br \/>\nWysoko\u015b\u0107 fajki wodnej z manierk\u0105: 525 mm<br \/>\nStal nierdzewna \u201eAisi-304\u201d, \u015br. 16 mm<br \/>\nStal nierdzewna<br \/>\nStal nierdzewna, D13 mm<br \/>\nG\u0142\u00f3wny materia\u0142: poliacetal<br \/>\nPod\u0142\u0105czenie w\u0119\u017ca: wbudowane<br \/>\nMateria\u0142 po\u0142\u0105czenia: stal nierdzewna<br \/>\nObrz\u0119k: wewn\u0119trzny - w postaci logo<br \/>\nKlosz: wyjmowany, stal nierdzewna<br \/>\nUstnik: stal nierdzewna<br \/>\nD\u0142ugo\u015b\u0107 ustnika: 283 mm, D10 mm<br \/>\nW\u0105\u017c: silikon<br \/>\nD\u0142ugo\u015b\u0107 w\u0119\u017ca: 1500 mm<\/p>\n<p>Czy masz jakie\u015b pytania? Skontaktuj si\u0119 z nami\u00a0<a href=\"https:\/\/hookahshop.lt\/pl\/lacznosc\/\">strona z kontaktami<\/a>\u00a0lub napisz do nas na adres\u00a0<a href=\"https:\/\/facebook.com\/HookahShop.lt\/\" target=\"_blank\" rel=\"noopener noreferrer\">konto na Facebooku<\/a>\u00a0a my odpowiemy na Twoj\u0105 pro\u015bb\u0119 tego samego dnia.<\/p>","protected":false},"excerpt":{"rendered":"<p>Szisza Bambusowa \u0141odyga do fajki wodnej Ma minimalistyczny design, wykonana ze stali nierdzewnej. Bud\u017cetowy model Bamboo Hookah Stem, ta szisza nie pozostawi Ci\u0119 oboj\u0119tnym. Kompletny zestaw: Wa\u0142; tabliczka z grawerem marki; ustnik; w\u0105\u017c gumowy; przek\u0142adki; FLASK jest pod\u015bwietlany. Charakterystyka: Waga fajki wodnej: ~ 2180 gr Wysoko\u015b\u0107 fajki wodnej z kolb\u0105: 525 mm Stal nierdzewna &quot;Aisi-304&quot;, D16 mm Stal nierdzewna Stal nierdzewna, D13 mm G\u0142\u00f3wna [\u2026]<\/p>","protected":false},"featured_media":9496,"comment_status":"open","ping_status":"closed","template":"","meta":[],"_links":{"self":[{"href":"https:\/\/hookahshop.lt\/pl\/wp-json\/wp\/v2\/product\/9495"}],"collection":[{"href":"https:\/\/hookahshop.lt\/pl\/wp-json\/wp\/v2\/product"}],"about":[{"href":"https:\/\/hookahshop.lt\/pl\/wp-json\/wp\/v2\/types\/product"}],"replies":[{"embeddable":true,"href":"https:\/\/hookahshop.lt\/pl\/wp-json\/wp\/v2\/comments?post=9495"}],"version-history":[{"count":3,"href":"https:\/\/hookahshop.lt\/pl\/wp-json\/wp\/v2\/product\/9495\/revisions"}],"predecessor-version":[{"id":27897,"href":"https:\/\/hookahshop.lt\/pl\/wp-json\/wp\/v2\/product\/9495\/revisions\/27897"}],"wp:featuredmedia":[{"embeddable":true,"href":"https:\/\/hookahshop.lt\/pl\/wp-json\/wp\/v2\/media\/9496"}],"wp:attachment":[{"href":"https:\/\/hookahshop.lt\/pl\/wp-json\/wp\/v2\/media?parent=9495"}],"curies":[{"name":"wp","href":"https:\/\/api.w.org\/{rel}","templated":true}]}}