{"id":9544,"date":"2020-06-29T16:04:22","date_gmt":"2020-06-29T13:04:22","guid":{"rendered":"https:\/\/hookahshop.lt\/?post_type=product&#038;p=9544"},"modified":"2026-04-19T23:29:26","modified_gmt":"2026-04-19T20:29:26","slug":"zarna-silikonine-blade-hookah-black","status":"publish","type":"product","link":"https:\/\/hookahshop.lt\/pl\/produkt\/waz-silikonowe-ostrze-szisza-czarna\/","title":{"rendered":"W\u0105\u017c silikonowy BLADE HOOKAH Czarny"},"content":{"rendered":"<h2>W\u0105\u017c silikonowy BLADE HOOKAH Czarny<\/h2>\n<p>W\u0105\u017c wykonany jest z silikonu medycznego z antystatyczn\u0105 pow\u0142ok\u0105 Soft-Touch i nie wydziela obcych zapach\u00f3w. Dzi\u0119ki tym funkcjom w\u0105\u017c do fajki wodnej BLADE pozostaje elastyczny.<br \/>\nSpecyfikacje:<br \/>\nD\u0142ugo\u015b\u0107: 1,60 m<br \/>\n\u015arednica zewn\u0119trzna: 18mm<br \/>\n\u015arednica wewn\u0119trzna w\u0119\u017ca: 11 mm<br \/>\nPokrycie: mi\u0119kkie, mi\u0119kkie w dotyku<br \/>\nWaga: oko\u0142o 270 gram\u00f3w.<\/p>\n<p>Czy masz jakie\u015b pytania? Skontaktuj si\u0119 z nami\u00a0<a href=\"https:\/\/hookahshop.lt\/pl\/lacznosc\/\">strona z kontaktami<\/a>\u00a0lub napisz do nas na adres\u00a0<a href=\"https:\/\/facebook.com\/HookahShop.lt\/\" target=\"_blank\" rel=\"noopener noreferrer\">konto na Facebooku<\/a>\u00a0a my odpowiemy na Twoj\u0105 pro\u015bb\u0119 tego samego dnia.<\/p>","protected":false},"excerpt":{"rendered":"<p>W\u0105\u017c silikonowy OSTRZE SZISZY Czarny W\u0105\u017c wykonany jest z silikonu medycznego z antystatyczn\u0105 pow\u0142ok\u0105 Soft-Touch i nie wydziela obcych zapach\u00f3w. Dzi\u0119ki tym funkcjom w\u0105\u017c do fajki wodnej BLADE pozostaje elastyczny. Dane techniczne: D\u0142ugo\u015b\u0107: 1,60 m \u015arednica zewn\u0119trzna: 18 mm \u015arednica wewn\u0119trzna w\u0119\u017ca: 11 mm Pokrycie: mi\u0119kkie, mi\u0119kkie w dotyku Waga: oko\u0142o 270 g. Czy masz jakie\u015b pytania? Skontaktuj si\u0119 z nami na stronie kontaktowej lub napisz do nas na naszym koncie na Facebooku i [\u2026]<\/p>","protected":false},"featured_media":9556,"comment_status":"open","ping_status":"closed","template":"","meta":[],"_links":{"self":[{"href":"https:\/\/hookahshop.lt\/pl\/wp-json\/wp\/v2\/product\/9544"}],"collection":[{"href":"https:\/\/hookahshop.lt\/pl\/wp-json\/wp\/v2\/product"}],"about":[{"href":"https:\/\/hookahshop.lt\/pl\/wp-json\/wp\/v2\/types\/product"}],"replies":[{"embeddable":true,"href":"https:\/\/hookahshop.lt\/pl\/wp-json\/wp\/v2\/comments?post=9544"}],"version-history":[{"count":4,"href":"https:\/\/hookahshop.lt\/pl\/wp-json\/wp\/v2\/product\/9544\/revisions"}],"predecessor-version":[{"id":24967,"href":"https:\/\/hookahshop.lt\/pl\/wp-json\/wp\/v2\/product\/9544\/revisions\/24967"}],"wp:featuredmedia":[{"embeddable":true,"href":"https:\/\/hookahshop.lt\/pl\/wp-json\/wp\/v2\/media\/9556"}],"wp:attachment":[{"href":"https:\/\/hookahshop.lt\/pl\/wp-json\/wp\/v2\/media?parent=9544"}],"curies":[{"name":"wp","href":"https:\/\/api.w.org\/{rel}","templated":true}]}}