{"id":9569,"date":"2020-06-30T12:53:48","date_gmt":"2020-06-30T09:53:48","guid":{"rendered":"https:\/\/hookahshop.lt\/?post_type=product&#038;p=9569"},"modified":"2026-04-15T12:28:44","modified_gmt":"2026-04-15T09:28:44","slug":"anglys-kaljanui-zocomo-26mm-1kg","status":"publish","type":"product","link":"https:\/\/hookahshop.lt\/pl\/produkt\/wegiel-do-fajki-zocomo-26mm-1kg\/","title":{"rendered":"W\u0119giel do fajki wodnej ZOCOMO 26mm 1kg"},"content":{"rendered":"<h2>W\u0119giel do fajki wodnej ZOCOMO 26mm 1kg<\/h2>\n<p>Wraz z Zocomo Cubes, popularny producent wyrob\u00f3w tytoniowych Zomo wprowadza teraz na rynek w\u0142asny w\u0119giel drzewny.<br \/>\nW\u0119giel sk\u0142ada si\u0119 z \u0142upin orzecha kokosowego i naturalnych surowc\u00f3w 100%, dzi\u0119ki czemu s\u0105 wyj\u0105tkowo przyjazne dla \u015brodowiska.<br \/>\nW\u0119gle do fajki wodnej s\u0105 wysokiej jako\u015bci i odpowiednio utrzymuj\u0105 ciep\u0142o podczas palenia.<br \/>\nDodatkowo kostki imponuj\u0105 d\u0142ugim czasem palenia oraz tym, \u017ce nie rozwijaj\u0105 swojego smaku podczas palenia, dzi\u0119ki czemu mo\u017cna w pe\u0142ni cieszy\u0107 si\u0119 tytoniem.<br \/>\nWymiary jednego w\u0119gla: 26 x 26 x 26 mm<br \/>\nPude\u0142ko zawiera 64 w\u0119gle<br \/>\nCzas palenia: ok. 90 min<br \/>\nCzas konfiguracji: do 12 minut<br \/>\nAby spali\u0107 w\u0119giel, potrzebujesz elektrycznej p\u0142yty grzejnej do fajki wodnej, turystycznej kuchenki gazowej lub podobnej.<br \/>\nKraj pochodzenia: Indonezja<\/p>\n<p>Czy masz jakie\u015b pytania? Skontaktuj si\u0119 z nami\u00a0<a href=\"https:\/\/hookahshop.lt\/pl\/lacznosc\/\">strona z kontaktami<\/a>\u00a0lub napisz do nas na adres\u00a0<a href=\"https:\/\/facebook.com\/HookahShop.lt\/\" target=\"_blank\" rel=\"noopener noreferrer\">konto na Facebooku<\/a>\u00a0a my odpowiemy na Twoj\u0105 pro\u015bb\u0119 tego samego dnia.<\/p>","protected":false},"excerpt":{"rendered":"<p>W\u0119giel do fajki wodnej ZOCOMO 26mm 1kg Wraz z Zocomo Cubes, popularny producent tytoniu Zomo prezentuje teraz na rynku w\u0142asny w\u0119giel drzewny. Carbon sk\u0142ada si\u0119 z \u0142upin orzecha kokosowego oraz naturalnych surowc\u00f3w 100%, dzi\u0119ki czemu s\u0105 niezwykle ekologiczne. W\u0119gle do fajki wodnej s\u0105 wysokiej jako\u015bci i prawid\u0142owo utrzymuj\u0105 ciep\u0142o podczas palenia. Dodatkowo kostki imponuj\u0105 d\u0142ugim czasem palenia oraz faktem, \u017ce podczas palenia [...]<\/p>","protected":false},"featured_media":9570,"comment_status":"open","ping_status":"closed","template":"","meta":[],"_links":{"self":[{"href":"https:\/\/hookahshop.lt\/pl\/wp-json\/wp\/v2\/product\/9569"}],"collection":[{"href":"https:\/\/hookahshop.lt\/pl\/wp-json\/wp\/v2\/product"}],"about":[{"href":"https:\/\/hookahshop.lt\/pl\/wp-json\/wp\/v2\/types\/product"}],"replies":[{"embeddable":true,"href":"https:\/\/hookahshop.lt\/pl\/wp-json\/wp\/v2\/comments?post=9569"}],"version-history":[{"count":5,"href":"https:\/\/hookahshop.lt\/pl\/wp-json\/wp\/v2\/product\/9569\/revisions"}],"predecessor-version":[{"id":23385,"href":"https:\/\/hookahshop.lt\/pl\/wp-json\/wp\/v2\/product\/9569\/revisions\/23385"}],"wp:featuredmedia":[{"embeddable":true,"href":"https:\/\/hookahshop.lt\/pl\/wp-json\/wp\/v2\/media\/9570"}],"wp:attachment":[{"href":"https:\/\/hookahshop.lt\/pl\/wp-json\/wp\/v2\/media?parent=9569"}],"curies":[{"name":"wp","href":"https:\/\/api.w.org\/{rel}","templated":true}]}}