{"id":9640,"date":"2020-07-02T15:07:22","date_gmt":"2020-07-02T12:07:22","guid":{"rendered":"https:\/\/hookahshop.lt\/?post_type=product&#038;p=9640"},"modified":"2026-04-17T16:33:25","modified_gmt":"2026-04-17T13:33:25","slug":"taurele-kaljanui-solaris-styx-bowl","status":"publish","type":"product","link":"https:\/\/hookahshop.lt\/pl\/produkt\/miska-szisza-solaris-styx\/","title":{"rendered":"Kubek do fajki wodnej SOLARIS Styx"},"content":{"rendered":"<h2>Kubek do fajki wodnej SOLARIS Styx<\/h2>\n<p>Wewn\u0105trz i na zewn\u0105trz s\u0105 przeszklone.<\/p>\n<p>Wysoko\u015b\u0107 ca\u0142kowita - 77mm<br \/>\nG\u0142\u0119boko\u015b\u0107 cz\u0119\u015bci roboczej wynosi 18 mm<br \/>\n\u015arednica cz\u0119\u015bci roboczej wynosi 56 mm<\/p>\n<p>Czy masz jakie\u015b pytania? Skontaktuj si\u0119 z nami\u00a0<a href=\"https:\/\/hookahshop.lt\/pl\/lacznosc\/\">strona z kontaktami<\/a>\u00a0lub napisz do nas na adres\u00a0<a href=\"https:\/\/facebook.com\/HookahShop.lt\/\" target=\"_blank\" rel=\"noopener noreferrer\">konto na Facebooku<\/a>\u00a0a my odpowiemy na Twoj\u0105 pro\u015bb\u0119 tego samego dnia.<\/p>","protected":false},"excerpt":{"rendered":"<p>Fili\u017canka do fajki wodnej SOLARIS Styx Szklana wewn\u0105trz i na zewn\u0105trz. Wysoko\u015b\u0107 ca\u0142kowita - 77mm G\u0142\u0119boko\u015b\u0107 cz\u0119\u015bci roboczej - 18mm \u015arednica cz\u0119\u015bci roboczej - 56mm Masz pytania? Skontaktuj si\u0119 z nami na stronie kontaktowej lub napisz do nas na naszym koncie na Facebooku, a my odpowiemy na Twoj\u0105 pro\u015bb\u0119 jeszcze tego samego dnia.<\/p>","protected":false},"featured_media":12369,"comment_status":"open","ping_status":"closed","template":"","meta":[],"_links":{"self":[{"href":"https:\/\/hookahshop.lt\/pl\/wp-json\/wp\/v2\/product\/9640"}],"collection":[{"href":"https:\/\/hookahshop.lt\/pl\/wp-json\/wp\/v2\/product"}],"about":[{"href":"https:\/\/hookahshop.lt\/pl\/wp-json\/wp\/v2\/types\/product"}],"replies":[{"embeddable":true,"href":"https:\/\/hookahshop.lt\/pl\/wp-json\/wp\/v2\/comments?post=9640"}],"version-history":[{"count":5,"href":"https:\/\/hookahshop.lt\/pl\/wp-json\/wp\/v2\/product\/9640\/revisions"}],"predecessor-version":[{"id":38436,"href":"https:\/\/hookahshop.lt\/pl\/wp-json\/wp\/v2\/product\/9640\/revisions\/38436"}],"wp:featuredmedia":[{"embeddable":true,"href":"https:\/\/hookahshop.lt\/pl\/wp-json\/wp\/v2\/media\/12369"}],"wp:attachment":[{"href":"https:\/\/hookahshop.lt\/pl\/wp-json\/wp\/v2\/media?parent=9640"}],"curies":[{"name":"wp","href":"https:\/\/api.w.org\/{rel}","templated":true}]}}