{"id":9646,"date":"2020-07-02T15:23:14","date_gmt":"2020-07-02T12:23:14","guid":{"rendered":"https:\/\/hookahshop.lt\/?post_type=product&#038;p=9646"},"modified":"2026-04-17T23:29:39","modified_gmt":"2026-04-17T20:29:39","slug":"taurele-kaljanui-solaris-deimos-bowl","status":"publish","type":"product","link":"https:\/\/hookahshop.lt\/pl\/produkt\/taurele-kaljanui-solaris-deimos-bowl\/","title":{"rendered":"Kubek do fajki wodnej SOLARIS Deimos"},"content":{"rendered":"<h2>Kubek do fajki wodnej SOLARIS Deimos<\/h2>\n<p>Ca\u0142kowita wysoko\u015b\u0107 - 77mm<br \/>\nG\u0142\u0119boko\u015b\u0107 cz\u0119\u015bci roboczej - 18mm<br \/>\n\u015arednica cz\u0119\u015bci roboczej wynosi 56 mm<\/p>\n<p>Czy masz jakie\u015b pytania? Skontaktuj si\u0119 z nami\u00a0<a href=\"https:\/\/hookahshop.lt\/pl\/lacznosc\/\">strona z kontaktami<\/a>\u00a0lub napisz do nas na adres\u00a0<a href=\"https:\/\/facebook.com\/HookahShop.lt\/\" target=\"_blank\" rel=\"noopener noreferrer\">konto na Facebooku<\/a>\u00a0a my odpowiemy na Twoj\u0105 pro\u015bb\u0119 tego samego dnia.<\/p>","protected":false},"excerpt":{"rendered":"<p>Kubek na fajk\u0119 wodn\u0105 SOLARIS Deimos Wysoko\u015b\u0107 ca\u0142kowita - 77mm G\u0142\u0119boko\u015b\u0107 cz\u0119\u015bci roboczej - 18mm \u015arednica cz\u0119\u015bci roboczej - 56mm Masz pytania? Skontaktuj si\u0119 z nami na stronie kontaktowej lub napisz do nas na naszym koncie na Facebooku, a my odpowiemy na Twoj\u0105 pro\u015bb\u0119 jeszcze tego samego dnia.<\/p>","protected":false},"featured_media":21261,"comment_status":"open","ping_status":"closed","template":"","meta":[],"_links":{"self":[{"href":"https:\/\/hookahshop.lt\/pl\/wp-json\/wp\/v2\/product\/9646"}],"collection":[{"href":"https:\/\/hookahshop.lt\/pl\/wp-json\/wp\/v2\/product"}],"about":[{"href":"https:\/\/hookahshop.lt\/pl\/wp-json\/wp\/v2\/types\/product"}],"replies":[{"embeddable":true,"href":"https:\/\/hookahshop.lt\/pl\/wp-json\/wp\/v2\/comments?post=9646"}],"version-history":[{"count":6,"href":"https:\/\/hookahshop.lt\/pl\/wp-json\/wp\/v2\/product\/9646\/revisions"}],"predecessor-version":[{"id":45175,"href":"https:\/\/hookahshop.lt\/pl\/wp-json\/wp\/v2\/product\/9646\/revisions\/45175"}],"wp:featuredmedia":[{"embeddable":true,"href":"https:\/\/hookahshop.lt\/pl\/wp-json\/wp\/v2\/media\/21261"}],"wp:attachment":[{"href":"https:\/\/hookahshop.lt\/pl\/wp-json\/wp\/v2\/media?parent=9646"}],"curies":[{"name":"wp","href":"https:\/\/api.w.org\/{rel}","templated":true}]}}