{"id":9658,"date":"2020-07-02T15:27:59","date_gmt":"2020-07-02T12:27:59","guid":{"rendered":"https:\/\/hookahshop.lt\/?post_type=product&#038;p=9658"},"modified":"2026-04-20T23:29:19","modified_gmt":"2026-04-20T20:29:19","slug":"taurele-kaljanui-solaris-prometheus-bowl","status":"publish","type":"product","link":"https:\/\/hookahshop.lt\/pl\/produkt\/kubek-szisza-solaris-prometeusz-miska\/","title":{"rendered":"Kubek do fajki wodnej SOLARIS Prometheus"},"content":{"rendered":"<h2>Kubek do fajki wodnej SOLARIS Prometheus<\/h2>\n<p>Wn\u0119trze jest przeszklone.<\/p>\n<p>Ca\u0142kowita wysoko\u015b\u0107 - 77mm<br \/>\nG\u0142\u0119boko\u015b\u0107 cz\u0119\u015bci roboczej - 18mm<br \/>\n\u015arednica cz\u0119\u015bci roboczej wynosi 56 mm<\/p>\n<p>Czy masz jakie\u015b pytania? Skontaktuj si\u0119 z nami\u00a0<a href=\"https:\/\/hookahshop.lt\/pl\/lacznosc\/\">strona z kontaktami<\/a>\u00a0lub napisz do nas na adres\u00a0<a href=\"https:\/\/facebook.com\/HookahShop.lt\/\" target=\"_blank\" rel=\"noopener noreferrer\">konto na Facebooku<\/a>\u00a0a my odpowiemy na Twoj\u0105 pro\u015bb\u0119 tego samego dnia.<\/p>","protected":false},"excerpt":{"rendered":"<p>Kubek na fajk\u0119 wodn\u0105 SOLARIS Prometheus Wn\u0119trze jest przeszklone. Wysoko\u015b\u0107 ca\u0142kowita - 77mm G\u0142\u0119boko\u015b\u0107 cz\u0119\u015bci roboczej - 18mm \u015arednica cz\u0119\u015bci roboczej - 56mm Masz pytania? Skontaktuj si\u0119 z nami na stronie kontaktowej lub napisz do nas na naszym koncie na Facebooku, a my odpowiemy na Twoj\u0105 pro\u015bb\u0119 jeszcze tego samego dnia.<\/p>","protected":false},"featured_media":12365,"comment_status":"open","ping_status":"closed","template":"","meta":[],"_links":{"self":[{"href":"https:\/\/hookahshop.lt\/pl\/wp-json\/wp\/v2\/product\/9658"}],"collection":[{"href":"https:\/\/hookahshop.lt\/pl\/wp-json\/wp\/v2\/product"}],"about":[{"href":"https:\/\/hookahshop.lt\/pl\/wp-json\/wp\/v2\/types\/product"}],"replies":[{"embeddable":true,"href":"https:\/\/hookahshop.lt\/pl\/wp-json\/wp\/v2\/comments?post=9658"}],"version-history":[{"count":5,"href":"https:\/\/hookahshop.lt\/pl\/wp-json\/wp\/v2\/product\/9658\/revisions"}],"predecessor-version":[{"id":45768,"href":"https:\/\/hookahshop.lt\/pl\/wp-json\/wp\/v2\/product\/9658\/revisions\/45768"}],"wp:featuredmedia":[{"embeddable":true,"href":"https:\/\/hookahshop.lt\/pl\/wp-json\/wp\/v2\/media\/12365"}],"wp:attachment":[{"href":"https:\/\/hookahshop.lt\/pl\/wp-json\/wp\/v2\/media?parent=9658"}],"curies":[{"name":"wp","href":"https:\/\/api.w.org\/{rel}","templated":true}]}}