{"id":9679,"date":"2020-07-02T15:46:09","date_gmt":"2020-07-02T12:46:09","guid":{"rendered":"https:\/\/hookahshop.lt\/?post_type=product&#038;p=9679"},"modified":"2026-04-22T23:28:50","modified_gmt":"2026-04-22T20:28:50","slug":"kaljanas-aladin-alux-m1-blue-46cm","status":"publish","type":"product","link":"https:\/\/hookahshop.lt\/pl\/produkt\/kaljanas-aladin-alux-m1-niebieski-46cm\/","title":{"rendered":"Fajka wodna ALADIN Alux M1 Niebieska"},"content":{"rendered":"<h2>KALJANAS ALADIN ALUX M1 NIEBIESKI 46CM<\/h2>\n<p>Wersja \u0142\u0105czona: dolna cz\u0119\u015b\u0107 szybu \/ masztu stykaj\u0105ca si\u0119 z wod\u0105 wykonana jest ze stali nierdzewnej, pozosta\u0142e cz\u0119\u015bci fajki wodnej wykonane s\u0105 z aluminium.<\/p>\n<p>W zestawie standardowym znajduj\u0105 si\u0119 szczypce, \u201emi\u0119kki\u201d w\u0105\u017c silikonowy z ko\u0144c\u00f3wkami, kubek oraz \u201epalnik do kubka\u201d, regulowany dyfuzor.<\/p>\n<p>Czy masz jakie\u015b pytania? Skontaktuj si\u0119 z nami\u00a0<a href=\"https:\/\/hookahshop.lt\/pl\/lacznosc\/\">strona z kontaktami<\/a>\u00a0lub napisz do nas na adres\u00a0<a href=\"https:\/\/facebook.com\/HookahShop.lt\/\" target=\"_blank\" rel=\"noopener noreferrer\">konto na Facebooku<\/a>\u00a0a my odpowiemy na Twoj\u0105 pro\u015bb\u0119 tego samego dnia.<\/p>","protected":false},"excerpt":{"rendered":"<p>SZIJKA ALADIN ALUX M1 BLUE 46CM Wersja kombinowana: dolna cz\u0119\u015b\u0107 trzonka\/\u0142odygi maj\u0105ca kontakt z wod\u0105 wykonana jest ze stali nierdzewnej, pozosta\u0142e cz\u0119\u015bci fajki wodnej wykonane s\u0105 z aluminium. W zestawie standardowym znajduj\u0105 si\u0119 szczypce, \u201emi\u0119kki\u201d w\u0105\u017c silikonowy z ko\u0144c\u00f3wkami, kubek oraz \u201epalnik do kubka\u201d, regulowany dyfuzor. Czy masz jakie\u015b pytania? Skontaktuj si\u0119 z nami na stronie kontaktowej lub napisz do nas na naszym koncie na Facebooku, a my odpowiemy na Twoj\u0105 pro\u015bb\u0119 [\u2026]<\/p>","protected":false},"featured_media":9692,"comment_status":"open","ping_status":"closed","template":"","meta":[],"_links":{"self":[{"href":"https:\/\/hookahshop.lt\/pl\/wp-json\/wp\/v2\/product\/9679"}],"collection":[{"href":"https:\/\/hookahshop.lt\/pl\/wp-json\/wp\/v2\/product"}],"about":[{"href":"https:\/\/hookahshop.lt\/pl\/wp-json\/wp\/v2\/types\/product"}],"replies":[{"embeddable":true,"href":"https:\/\/hookahshop.lt\/pl\/wp-json\/wp\/v2\/comments?post=9679"}],"version-history":[{"count":3,"href":"https:\/\/hookahshop.lt\/pl\/wp-json\/wp\/v2\/product\/9679\/revisions"}],"predecessor-version":[{"id":22843,"href":"https:\/\/hookahshop.lt\/pl\/wp-json\/wp\/v2\/product\/9679\/revisions\/22843"}],"wp:featuredmedia":[{"embeddable":true,"href":"https:\/\/hookahshop.lt\/pl\/wp-json\/wp\/v2\/media\/9692"}],"wp:attachment":[{"href":"https:\/\/hookahshop.lt\/pl\/wp-json\/wp\/v2\/media?parent=9679"}],"curies":[{"name":"wp","href":"https:\/\/api.w.org\/{rel}","templated":true}]}}