{"id":9685,"date":"2020-07-02T15:48:24","date_gmt":"2020-07-02T12:48:24","guid":{"rendered":"https:\/\/hookahshop.lt\/?post_type=product&#038;p=9685"},"modified":"2026-04-16T23:28:46","modified_gmt":"2026-04-16T20:28:46","slug":"kaljanas-aladin-alux-m1-red-46cm","status":"publish","type":"product","link":"https:\/\/hookahshop.lt\/pl\/produkt\/szisza-aladin-alux-m1-czerwona-46cm\/","title":{"rendered":"Fajka wodna ALADIN Alux M1 Ed"},"content":{"rendered":"<h2>KALJANAS ALADIN ALUX M1 CZERWONY 46CM<\/h2>\n<p>Wersja \u0142\u0105czona: dolna cz\u0119\u015b\u0107 szybu \/ masztu stykaj\u0105ca si\u0119 z wod\u0105 wykonana jest ze stali nierdzewnej, pozosta\u0142e cz\u0119\u015bci fajki wodnej wykonane s\u0105 z aluminium.<\/p>\n<p>W zestawie standardowym znajduj\u0105 si\u0119 szczypce, \u201emi\u0119kki\u201d w\u0105\u017c silikonowy z ko\u0144c\u00f3wkami, kubek oraz \u201epalnik do kubka\u201d, regulowany dyfuzor.<\/p>\n<p>Czy masz jakie\u015b pytania? Skontaktuj si\u0119 z nami\u00a0<a href=\"https:\/\/hookahshop.lt\/pl\/lacznosc\/\">strona z kontaktami<\/a>\u00a0lub napisz do nas na adres\u00a0<a href=\"https:\/\/facebook.com\/HookahShop.lt\/\" target=\"_blank\" rel=\"noopener noreferrer\">konto na Facebooku<\/a>\u00a0a my odpowiemy na Twoj\u0105 pro\u015bb\u0119 tego samego dnia.<\/p>","protected":false},"excerpt":{"rendered":"<p>SZIJKA ALADIN ALUX M1 RED 46CM Wersja kombinowana: dolna cz\u0119\u015b\u0107 trzonka\/\u0142odygi maj\u0105ca kontakt z wod\u0105 wykonana jest ze stali nierdzewnej, pozosta\u0142e cz\u0119\u015bci fajki wodnej wykonane s\u0105 z aluminium. W zestawie standardowym znajduj\u0105 si\u0119 szczypce, \u201emi\u0119kki\u201d w\u0105\u017c silikonowy z ko\u0144c\u00f3wkami, kubek oraz \u201epalnik do kubka\u201d, regulowany dyfuzor. Czy masz jakie\u015b pytania? Skontaktuj si\u0119 z nami na stronie kontaktowej lub napisz do nas na naszym koncie na Facebooku, a my odpowiemy na Twoj\u0105 pro\u015bb\u0119 [\u2026]<\/p>","protected":false},"featured_media":9686,"comment_status":"open","ping_status":"closed","template":"","meta":[],"_links":{"self":[{"href":"https:\/\/hookahshop.lt\/pl\/wp-json\/wp\/v2\/product\/9685"}],"collection":[{"href":"https:\/\/hookahshop.lt\/pl\/wp-json\/wp\/v2\/product"}],"about":[{"href":"https:\/\/hookahshop.lt\/pl\/wp-json\/wp\/v2\/types\/product"}],"replies":[{"embeddable":true,"href":"https:\/\/hookahshop.lt\/pl\/wp-json\/wp\/v2\/comments?post=9685"}],"version-history":[{"count":4,"href":"https:\/\/hookahshop.lt\/pl\/wp-json\/wp\/v2\/product\/9685\/revisions"}],"predecessor-version":[{"id":22842,"href":"https:\/\/hookahshop.lt\/pl\/wp-json\/wp\/v2\/product\/9685\/revisions\/22842"}],"wp:featuredmedia":[{"embeddable":true,"href":"https:\/\/hookahshop.lt\/pl\/wp-json\/wp\/v2\/media\/9686"}],"wp:attachment":[{"href":"https:\/\/hookahshop.lt\/pl\/wp-json\/wp\/v2\/media?parent=9685"}],"curies":[{"name":"wp","href":"https:\/\/api.w.org\/{rel}","templated":true}]}}