{"id":9718,"date":"2020-07-02T17:28:55","date_gmt":"2020-07-02T14:28:55","guid":{"rendered":"https:\/\/hookahshop.lt\/?post_type=product&#038;p=9718"},"modified":"2026-04-18T23:28:59","modified_gmt":"2026-04-18T20:28:59","slug":"spyruokle-silikoninei-zarnai-silver","status":"publish","type":"product","link":"https:\/\/hookahshop.lt\/pl\/produkt\/sprezyna-silikon-waz-srebrny\/","title":{"rendered":"Spr\u0119\u017cyna do w\u0119\u017ca silikonowego Srebrna"},"content":{"rendered":"<h2>Spr\u0119\u017cyna do w\u0119\u017ca silikonowego Srebrna<\/h2>\n<p>Metal w kolorze srebrnym. Pomaga jelitom zachowa\u0107 stabilny kszta\u0142t.<\/p>\n<p>Czy masz jakie\u015b pytania? Skontaktuj si\u0119 z nami\u00a0<a href=\"https:\/\/hookahshop.lt\/pl\/lacznosc\/\">strona z kontaktami<\/a>\u00a0lub napisz do nas na adres\u00a0<a href=\"https:\/\/facebook.com\/HookahShop.lt\/\" target=\"_blank\" rel=\"noopener noreferrer\">konto na Facebooku<\/a>\u00a0a my odpowiemy na Twoj\u0105 pro\u015bb\u0119 tego samego dnia.<\/p>","protected":false},"excerpt":{"rendered":"<p>Spr\u0119\u017cyna do w\u0119\u017ca silikonowego Srebrna Kolor srebrny wykonana z metalu. Pomaga jelitom zachowa\u0107 stabilny kszta\u0142t. Czy masz jakie\u015b pytania? Skontaktuj si\u0119 z nami na stronie kontaktowej lub napisz do nas na Facebooku, a my odpowiemy na Twoj\u0105 pro\u015bb\u0119 jeszcze tego samego dnia.<\/p>","protected":false},"featured_media":9719,"comment_status":"open","ping_status":"closed","template":"","meta":[],"_links":{"self":[{"href":"https:\/\/hookahshop.lt\/pl\/wp-json\/wp\/v2\/product\/9718"}],"collection":[{"href":"https:\/\/hookahshop.lt\/pl\/wp-json\/wp\/v2\/product"}],"about":[{"href":"https:\/\/hookahshop.lt\/pl\/wp-json\/wp\/v2\/types\/product"}],"replies":[{"embeddable":true,"href":"https:\/\/hookahshop.lt\/pl\/wp-json\/wp\/v2\/comments?post=9718"}],"version-history":[{"count":6,"href":"https:\/\/hookahshop.lt\/pl\/wp-json\/wp\/v2\/product\/9718\/revisions"}],"predecessor-version":[{"id":43094,"href":"https:\/\/hookahshop.lt\/pl\/wp-json\/wp\/v2\/product\/9718\/revisions\/43094"}],"wp:featuredmedia":[{"embeddable":true,"href":"https:\/\/hookahshop.lt\/pl\/wp-json\/wp\/v2\/media\/9719"}],"wp:attachment":[{"href":"https:\/\/hookahshop.lt\/pl\/wp-json\/wp\/v2\/media?parent=9718"}],"curies":[{"name":"wp","href":"https:\/\/api.w.org\/{rel}","templated":true}]}}