{"id":9726,"date":"2020-07-02T18:30:59","date_gmt":"2020-07-02T15:30:59","guid":{"rendered":"https:\/\/hookahshop.lt\/?post_type=product&#038;p=9726"},"modified":"2026-04-18T23:28:55","modified_gmt":"2026-04-18T20:28:55","slug":"kolba-kaljanui-bigmaks-elegant-red-white","status":"publish","type":"product","link":"https:\/\/hookahshop.lt\/pl\/produkt\/kolba-do-sziszy-bigmaks-elegancka-czerwono-biala\/","title":{"rendered":"Kolba do fajki wodnej BIGMAKS Elegant Red White"},"content":{"rendered":"<h2>Kolba do fajki wodnej BIGMAKS Elegant Red White<\/h2>\n<p>Piersi\u00f3wka wykonana w ELEGANCKIM kszta\u0142cie z kryszta\u0142u. Unikalny kszta\u0142t i charakterystyczne kolory nadaj\u0105 ka\u017cdej minimalistycznej fajce wodnej luksusowy wygl\u0105d.<\/p>\n<p><strong><span title=\"\">Specyfikacje:<\/span><\/strong><br \/>\nWysoko\u015b\u0107: 260 mm<br \/>\nWaga: ~2000g<br \/>\n\u015arednica zewn\u0119trzna gardzieli: 75 mm<br \/>\nWewn\u0119trzna \u015brednica gardzieli: 45 mm<br \/>\nMateria\u0142 produktu: szk\u0142o kryszta\u0142owe<\/p>\n<p>Czy masz jakie\u015b pytania? Skontaktuj si\u0119 z nami\u00a0<a href=\"https:\/\/hookahshop.lt\/pl\/lacznosc\/\">strona z kontaktami<\/a>\u00a0lub napisz do nas na adres\u00a0<a href=\"https:\/\/facebook.com\/HookahShop.lt\/\" target=\"_blank\" rel=\"noopener noreferrer\">konto na Facebooku<\/a>\u00a0a my odpowiemy na Twoj\u0105 pro\u015bb\u0119 tego samego dnia.<\/p>","protected":false},"excerpt":{"rendered":"<p>Kolba kaljanui BIGMAKS Elegant Red White \u0160i kolba, pagaminta \u201eELEGANT\u201c pavidalu i\u0161 kri\u0161tolo. I\u0161skirtin\u0117 forma ir i\u0161skirtin\u0117s spalvos suteikia bet kokiam minimalistiniam kaljanui prabangi\u0105 i\u0161vaizd\u0105. Specifikacijos: Auk\u0161tis: 260 mm Svoris: ~ 2000 g Gerkl\u0117s i\u0161orinis skersmuo: 75 mm Gerkl\u0117s vidinis skersmuo: 45 mm Gaminio med\u017eiaga: kri\u0161tolo stiklas Turite klausim\u0173? Susisiekite su mumis\u00a0kontakt\u0173 puslapyje\u00a0arba para\u0161ykite mums [&hellip;]<\/p>","protected":false},"featured_media":9727,"comment_status":"open","ping_status":"closed","template":"","meta":[],"_links":{"self":[{"href":"https:\/\/hookahshop.lt\/pl\/wp-json\/wp\/v2\/product\/9726"}],"collection":[{"href":"https:\/\/hookahshop.lt\/pl\/wp-json\/wp\/v2\/product"}],"about":[{"href":"https:\/\/hookahshop.lt\/pl\/wp-json\/wp\/v2\/types\/product"}],"replies":[{"embeddable":true,"href":"https:\/\/hookahshop.lt\/pl\/wp-json\/wp\/v2\/comments?post=9726"}],"version-history":[{"count":5,"href":"https:\/\/hookahshop.lt\/pl\/wp-json\/wp\/v2\/product\/9726\/revisions"}],"predecessor-version":[{"id":45045,"href":"https:\/\/hookahshop.lt\/pl\/wp-json\/wp\/v2\/product\/9726\/revisions\/45045"}],"wp:featuredmedia":[{"embeddable":true,"href":"https:\/\/hookahshop.lt\/pl\/wp-json\/wp\/v2\/media\/9727"}],"wp:attachment":[{"href":"https:\/\/hookahshop.lt\/pl\/wp-json\/wp\/v2\/media?parent=9726"}],"curies":[{"name":"wp","href":"https:\/\/api.w.org\/{rel}","templated":true}]}}