{"id":9778,"date":"2020-07-05T11:55:13","date_gmt":"2020-07-05T08:55:13","guid":{"rendered":"https:\/\/hookahshop.lt\/?post_type=product&#038;p=9778"},"modified":"2026-04-08T13:49:31","modified_gmt":"2026-04-08T10:49:31","slug":"kaljano-komplektas-bamboo-hookah-stem","status":"publish","type":"product","link":"https:\/\/hookahshop.lt\/pl\/produkt\/zestaw-szisza-bambusowa-lodyga-szisza\/","title":{"rendered":"Fajka wodna (zestaw) Bambusowa \u0142odyga do fajki wodnej"},"content":{"rendered":"<h2>Zestaw do fajki wodnej Bambusowa \u0142odyga do fajki wodnej<\/h2>\n<p>Kompletny zestaw opisany jest poni\u017cej w opisie.<\/p>\n<p>Wysoko\u015b\u0107 fajki wodnej z kolb\u0105 = 525 mm<\/p>\n<p>Ekwipunek:<br \/>\nWa\u0142 -1 szt.<br \/>\nTalerz do fajki wodnej z grawerem marki - 1 szt.<br \/>\nUstnik - 1 szt.<br \/>\nW\u0105\u017c silikonowy - 1 szt.<br \/>\nUszczelki - 2 szt.<br \/>\nKolba (przezroczysta) - 1 szt.<br \/>\nReplika szczypiec Blade Hookah srebrna - 1 szt.<br \/>\nKomora cieplna - 1 szt.<br \/>\nG\u00f3rna cz\u0119\u015b\u0107 miseczki - 1 szt.<br \/>\nW\u0119giel Zocomo 1kg - 1szt.<\/p>\n<p>Czy masz jakie\u015b pytania? Skontaktuj si\u0119 z nami\u00a0<a href=\"https:\/\/hookahshop.lt\/pl\/lacznosc\/\">strona z kontaktami<\/a>\u00a0lub napisz do nas na adres\u00a0<a href=\"https:\/\/facebook.com\/HookahShop.lt\/\" target=\"_blank\" rel=\"noopener noreferrer\">konto na Facebooku<\/a>\u00a0a my odpowiemy na Twoj\u0105 pro\u015bb\u0119 tego samego dnia.<\/p>","protected":false},"excerpt":{"rendered":"<p>Zestaw do fajki wodnej Trzonek do fajki wodnej z bambusa Zestaw opisany jest poni\u017cej w opisie. Wysoko\u015b\u0107 fajki wodnej z kolb\u0105 = 525 mm Kompletny zestaw: Trzonek -1 szt. Talerz do fajki wodnej z grawerunkiem marki \u2013 1 szt. Ustnik \u2013 1 szt. W\u0105\u017c silikonowy \u2013 1 szt. Uszczelki \u2013 2 szt. Kolba (przezroczysta) \u2013 1 szt. Szczypce Ostrze Replika srebrnej fajki wodnej \u2013 1 [\u2026]<\/p>","protected":false},"featured_media":9782,"comment_status":"open","ping_status":"closed","template":"","meta":[],"_links":{"self":[{"href":"https:\/\/hookahshop.lt\/pl\/wp-json\/wp\/v2\/product\/9778"}],"collection":[{"href":"https:\/\/hookahshop.lt\/pl\/wp-json\/wp\/v2\/product"}],"about":[{"href":"https:\/\/hookahshop.lt\/pl\/wp-json\/wp\/v2\/types\/product"}],"replies":[{"embeddable":true,"href":"https:\/\/hookahshop.lt\/pl\/wp-json\/wp\/v2\/comments?post=9778"}],"version-history":[{"count":3,"href":"https:\/\/hookahshop.lt\/pl\/wp-json\/wp\/v2\/product\/9778\/revisions"}],"predecessor-version":[{"id":41782,"href":"https:\/\/hookahshop.lt\/pl\/wp-json\/wp\/v2\/product\/9778\/revisions\/41782"}],"wp:featuredmedia":[{"embeddable":true,"href":"https:\/\/hookahshop.lt\/pl\/wp-json\/wp\/v2\/media\/9782"}],"wp:attachment":[{"href":"https:\/\/hookahshop.lt\/pl\/wp-json\/wp\/v2\/media?parent=9778"}],"curies":[{"name":"wp","href":"https:\/\/api.w.org\/{rel}","templated":true}]}}