{"id":9824,"date":"2020-07-07T16:47:47","date_gmt":"2020-07-07T13:47:47","guid":{"rendered":"https:\/\/hookahshop.lt\/?post_type=product&#038;p=9824"},"modified":"2026-04-06T23:28:53","modified_gmt":"2026-04-06T20:28:53","slug":"kaljano-komplektas-kaljanas-aladin-mvp-470-model-clear-cube-47cm","status":"publish","type":"product","link":"https:\/\/hookahshop.lt\/pl\/produkt\/zestaw-szisza-szisza-aladin-mvp-470-model-clear-cube-47cm\/","title":{"rendered":"FAJKA (ZESTAW) FAJKA ALADIN MVP 470 MODEL PRZEZROCZYSTA KOSTKA 47CM"},"content":{"rendered":"<h2>ZESTAW DO FIRMY ALADIN MVP 470 MODEL PRZEZROCZYSTY KOSTKA 47CM<\/h2>\n<p>Kompletny zestaw opisany jest poni\u017cej w opisie.<\/p>\n<p>Wysoko\u015b\u0107 fajki wodnej z kolb\u0105 = 470 mm<\/p>\n<p>Ekwipunek:<br \/>\nWa\u0142 -1 szt.<br \/>\nTalerz do fajki wodnej - 1 szt.<br \/>\nUstnik - 1 szt.<br \/>\nW\u0105\u017c silikonowy - 1 szt.<br \/>\nUszczelki - 2 szt.<br \/>\nKolba - 1 szt.<br \/>\nSzczypce - 1 szt.<br \/>\nKomora grzewcza - 1 szt.<br \/>\nKubek (mo\u017ce r\u00f3\u017cni\u0107 si\u0119 od tego na zdj\u0119ciu) - 1szt.<br \/>\nW\u0119giel 1kg - 1szt.<br \/>\nP\u0142yta - 1 szt.<\/p>\n<p>Czy masz jakie\u015b pytania? Skontaktuj si\u0119 z nami\u00a0<a href=\"https:\/\/hookahshop.lt\/pl\/lacznosc\/\">strona z kontaktami<\/a>\u00a0lub napisz do nas na adres\u00a0<a href=\"https:\/\/facebook.com\/HookahShop.lt\/\" target=\"_blank\" rel=\"noopener noreferrer\">konto na Facebooku<\/a>\u00a0a my odpowiemy na Twoj\u0105 pro\u015bb\u0119 tego samego dnia.<\/p>","protected":false},"excerpt":{"rendered":"<p>ZESTAW HACZYK\u00d3W ALADIN MVP 470 MODEL CLEAR CUBE 47CM Kompletny zestaw opisany jest w poni\u017cszym opisie. Wysoko\u015b\u0107 fajki wodnej z kolb\u0105 = 470 mm Kompletny zestaw: Trzonek - 1 szt. Talerz do fajki wodnej - 1 szt. Ustnik - 1 szt. W\u0105\u017c silikonowy - 1 szt. Uszczelki - 2 szt. Kolba - 1 szt. Szczypce - 1 szt. Komora cieplna [\u2026]<\/p>","protected":false},"featured_media":9825,"comment_status":"open","ping_status":"closed","template":"","meta":[],"_links":{"self":[{"href":"https:\/\/hookahshop.lt\/pl\/wp-json\/wp\/v2\/product\/9824"}],"collection":[{"href":"https:\/\/hookahshop.lt\/pl\/wp-json\/wp\/v2\/product"}],"about":[{"href":"https:\/\/hookahshop.lt\/pl\/wp-json\/wp\/v2\/types\/product"}],"replies":[{"embeddable":true,"href":"https:\/\/hookahshop.lt\/pl\/wp-json\/wp\/v2\/comments?post=9824"}],"version-history":[{"count":1,"href":"https:\/\/hookahshop.lt\/pl\/wp-json\/wp\/v2\/product\/9824\/revisions"}],"predecessor-version":[{"id":41783,"href":"https:\/\/hookahshop.lt\/pl\/wp-json\/wp\/v2\/product\/9824\/revisions\/41783"}],"wp:featuredmedia":[{"embeddable":true,"href":"https:\/\/hookahshop.lt\/pl\/wp-json\/wp\/v2\/media\/9825"}],"wp:attachment":[{"href":"https:\/\/hookahshop.lt\/pl\/wp-json\/wp\/v2\/media?parent=9824"}],"curies":[{"name":"wp","href":"https:\/\/api.w.org\/{rel}","templated":true}]}}