{"id":9833,"date":"2020-07-07T16:54:55","date_gmt":"2020-07-07T13:54:55","guid":{"rendered":"https:\/\/hookahshop.lt\/?post_type=product&#038;p=9833"},"modified":"2026-04-08T13:49:31","modified_gmt":"2026-04-08T10:49:31","slug":"kaljano-komplektas-aladin-alux-m1-black-46cm","status":"publish","type":"product","link":"https:\/\/hookahshop.lt\/pl\/produkt\/zestaw-do-fajki-wodnej-aladin-alux-m1-czarny-46cm\/","title":{"rendered":"Zestaw haczyk\u00f3w ALADIN Alux M1 Czarny 46cm"},"content":{"rendered":"<h2>Zestaw haczyk\u00f3w ALADIN Alux M1 Czarny 46cm<\/h2>\n<p>Wersja kombinowana: dolna cz\u0119\u015b\u0107 trzonu\/trzpienia, kt\u00f3ra ma kontakt z wod\u0105, wykonana jest ze stali nierdzewnej, pozosta\u0142e cz\u0119\u015bci fajki wykonane s\u0105 z aluminium. Kompletny zestaw jest opisany poni\u017cej w opisie.<br \/>\nWysoko\u015b\u0107 fajki z kolb\u0105 = 460 mm<\/p>\n<p>Ekwipunek:<br \/>\nWa\u0142 -1 szt.<br \/>\nTalerz do fajki wodnej z grawerem marki - 1 szt.<br \/>\nUstnik - 1 szt.<br \/>\nW\u0105\u017c silikonowy - 1 szt.<br \/>\nUszczelki - 2 szt.<br \/>\nKolba (przezroczysta) - 1 szt.<br \/>\nSzczypce - 1 szt.<br \/>\nKomora grzewcza - 1 szt.<br \/>\nKubek (mo\u017ce r\u00f3\u017cni\u0107 si\u0119 od tego na zdj\u0119ciu) - 1szt.<br \/>\nCarbon Zocomo 1kg - 1szt.<br \/>\nP\u0142yta - 1szt.<\/p>\n<p>Czy masz jakie\u015b pytania? Skontaktuj si\u0119 z nami\u00a0<a href=\"https:\/\/hookahshop.lt\/pl\/lacznosc\/\">strona z kontaktami<\/a>\u00a0lub napisz do nas na adres\u00a0<a href=\"https:\/\/facebook.com\/HookahShop.lt\/\" target=\"_blank\" rel=\"noopener noreferrer\">konto na Facebooku<\/a>\u00a0a my odpowiemy na Twoj\u0105 pro\u015bb\u0119 tego samego dnia.<\/p>","protected":false},"excerpt":{"rendered":"<p>Zestaw fajek wodnych ALADIN Alux M1 Black 46cm Wersja kombinowana: dolna cz\u0119\u015b\u0107 trzonka\/\u0142odygi maj\u0105ca kontakt z wod\u0105 wykonana jest ze stali nierdzewnej, pozosta\u0142e cz\u0119\u015bci fajki wodnej wykonane s\u0105 z aluminium. Kompletny zestaw opisany jest poni\u017cej w opisie. Wysoko\u015b\u0107 fajki wodnej z kolb\u0105 = 460 mm Kompletny zestaw: Trzonek - 1 szt. Talerz do fajki wodnej z grawerem marki - 1 szt. Ustnik - 1 szt. W\u0105\u017c silikonowy [\u2026]<\/p>","protected":false},"featured_media":28049,"comment_status":"open","ping_status":"closed","template":"","meta":[],"_links":{"self":[{"href":"https:\/\/hookahshop.lt\/pl\/wp-json\/wp\/v2\/product\/9833"}],"collection":[{"href":"https:\/\/hookahshop.lt\/pl\/wp-json\/wp\/v2\/product"}],"about":[{"href":"https:\/\/hookahshop.lt\/pl\/wp-json\/wp\/v2\/types\/product"}],"replies":[{"embeddable":true,"href":"https:\/\/hookahshop.lt\/pl\/wp-json\/wp\/v2\/comments?post=9833"}],"version-history":[{"count":4,"href":"https:\/\/hookahshop.lt\/pl\/wp-json\/wp\/v2\/product\/9833\/revisions"}],"predecessor-version":[{"id":30297,"href":"https:\/\/hookahshop.lt\/pl\/wp-json\/wp\/v2\/product\/9833\/revisions\/30297"}],"wp:featuredmedia":[{"embeddable":true,"href":"https:\/\/hookahshop.lt\/pl\/wp-json\/wp\/v2\/media\/28049"}],"wp:attachment":[{"href":"https:\/\/hookahshop.lt\/pl\/wp-json\/wp\/v2\/media?parent=9833"}],"curies":[{"name":"wp","href":"https:\/\/api.w.org\/{rel}","templated":true}]}}