{"id":9936,"date":"2020-07-10T23:27:50","date_gmt":"2020-07-10T20:27:50","guid":{"rendered":"https:\/\/hookahshop.lt\/?post_type=product&#038;p=9936"},"modified":"2026-04-29T23:29:36","modified_gmt":"2026-04-29T20:29:36","slug":"znyples-kaljanui-hootec-tongs-m","status":"publish","type":"product","link":"https:\/\/hookahshop.lt\/pl\/produkt\/szczypce-do-fajki-wodnej-hootec-szczypce-m\/","title":{"rendered":"Szczypce do w\u0119gla drzewnego do fajki wodnej HOOTEC Tongs M"},"content":{"rendered":"<h2>Szczypce do w\u0119gla drzewnego do fajki wodnej HOOTEC Tongs M<\/h2>\n<p>Wygodne, stylowe szczypce wykonane z hartowanej stali.<\/p>\n<p>ZALETY: - Stylowy, zaawansowany technologicznie design - Wygodny kszta\u0142t i optymalna wytrzyma\u0142o\u015b\u0107.<\/p>\n<p>Wygodny rozmiar do pracy z du\u017c\u0105 ilo\u015bci\u0105 w\u0119gla: - D\u0142ugo\u015b\u0107 szczypiec (30 cm)<\/p>\n<p>Czy masz jakie\u015b pytania? Skontaktuj si\u0119 z nami\u00a0<a href=\"https:\/\/hookahshop.lt\/pl\/lacznosc\/\">strona z kontaktami<\/a>\u00a0lub napisz do nas na adres\u00a0<a href=\"https:\/\/facebook.com\/HookahShop.lt\/\" target=\"_blank\" rel=\"noopener noreferrer\">konto na Facebooku<\/a>\u00a0a my odpowiemy na Twoj\u0105 pro\u015bb\u0119 tego samego dnia.<\/p>","protected":false},"excerpt":{"rendered":"<p>Szczypce do w\u0119gla drzewnego do fajki wodnej HOOTEC Szczypce M Wygodne, stylowe szczypce wykonane z hartowanej stali. ZALETY: - Stylowy, zaawansowany technologicznie design - Wygodny kszta\u0142t i optymalna wytrzyma\u0142o\u015b\u0107. Wygodny rozmiar do pracy z wieloma w\u0119glami: - D\u0142ugo\u015b\u0107 szczypiec (30 cm) Pytania? Skontaktuj si\u0119 z nami na stronie kontaktowej lub napisz do nas na naszym koncie na Facebooku, a my odpowiemy na Twoj\u0105 pro\u015bb\u0119 jeszcze tego samego dnia.<\/p>","protected":false},"featured_media":8723,"comment_status":"open","ping_status":"closed","template":"","meta":[],"_links":{"self":[{"href":"https:\/\/hookahshop.lt\/pl\/wp-json\/wp\/v2\/product\/9936"}],"collection":[{"href":"https:\/\/hookahshop.lt\/pl\/wp-json\/wp\/v2\/product"}],"about":[{"href":"https:\/\/hookahshop.lt\/pl\/wp-json\/wp\/v2\/types\/product"}],"replies":[{"embeddable":true,"href":"https:\/\/hookahshop.lt\/pl\/wp-json\/wp\/v2\/comments?post=9936"}],"version-history":[{"count":3,"href":"https:\/\/hookahshop.lt\/pl\/wp-json\/wp\/v2\/product\/9936\/revisions"}],"predecessor-version":[{"id":30539,"href":"https:\/\/hookahshop.lt\/pl\/wp-json\/wp\/v2\/product\/9936\/revisions\/30539"}],"wp:featuredmedia":[{"embeddable":true,"href":"https:\/\/hookahshop.lt\/pl\/wp-json\/wp\/v2\/media\/8723"}],"wp:attachment":[{"href":"https:\/\/hookahshop.lt\/pl\/wp-json\/wp\/v2\/media?parent=9936"}],"curies":[{"name":"wp","href":"https:\/\/api.w.org\/{rel}","templated":true}]}}