{"id":9940,"date":"2020-07-10T23:35:02","date_gmt":"2020-07-10T20:35:02","guid":{"rendered":"https:\/\/hookahshop.lt\/?post_type=product&#038;p=9940"},"modified":"2026-04-17T23:29:14","modified_gmt":"2026-04-17T20:29:14","slug":"kaljanas-bigmaks-major-hookah","status":"publish","type":"product","link":"https:\/\/hookahshop.lt\/pl\/produkt\/szisza-bigmax-major-szisza\/","title":{"rendered":"Szisza BIGMAKS Du\u017ca szisza"},"content":{"rendered":"<h2>Szisza BIGMAKS Du\u017ca szisza<\/h2>\n<p>Fajka wodna wykonana jest z wyprodukowanej w Europie stali nierdzewnej AISI 304. Monta\u017c odbywa si\u0119 za pomoc\u0105 po\u0142\u0105cze\u0144 gwintowanych. Fajka wodna ma \u015brednio klasyczny ci\u0105g. System nadmuchu sk\u0142ada si\u0119 z pi\u0119ciu zawor\u00f3w, kt\u00f3re umo\u017cliwiaj\u0105 natychmiastowe oczyszczenie kolby z dymu, a tak\u017ce sch\u0142odzenie czaszy. Z\u0142\u0105cze O-ring, oryginalny projekt.<\/p>\n<p><strong>Ekwipunek:<\/strong><br \/>\nSkrzynka; wa\u0142; tabliczka z grawerem firmowym; ustnik; z\u0142\u0105cze w\u0119\u017ca; jelito mi\u0119kkie; uszczelki (2 szt.); plastikowe kulki (5 szt.);<\/p>\n<p><strong>Charakterystyka:<\/strong><br \/>\nWaga fajki wodnej: ~ 1500 gr<br \/>\nWysoko\u015b\u0107 fajki wodnej: 510 mm<br \/>\nStal nierdzewna: D13 mm<br \/>\nZ\u0142\u0105cze w\u0119\u017ca: O-ring<br \/>\nDyfuzor: Tak, nieuregulowany<br \/>\nUstnik: stal nierdzewna<br \/>\nD\u0142ugo\u015b\u0107 ustnika: 294 mm, D10 mm<br \/>\nSzron: mi\u0119kki silikon<br \/>\nD\u0142ugo\u015b\u0107 w\u0119\u017ca: 1500 mm<\/p>\n<p>Czy masz jakie\u015b pytania? Skontaktuj si\u0119 z nami\u00a0<a href=\"https:\/\/hookahshop.lt\/pl\/lacznosc\/\">strona z kontaktami<\/a>\u00a0lub napisz do nas na adres\u00a0<a href=\"https:\/\/facebook.com\/HookahShop.lt\/\" target=\"_blank\" rel=\"noopener noreferrer\">konto na Facebooku<\/a>\u00a0a my odpowiemy na Twoj\u0105 pro\u015bb\u0119 tego samego dnia.<\/p>","protected":false},"excerpt":{"rendered":"<p>Szisza wodna BIGMAKS Major Szisza Szisza wykonana jest ze stali nierdzewnej AISI 304 produkowanej w Europie. Monta\u017c odbywa si\u0119 za pomoc\u0105 po\u0142\u0105cze\u0144 gwintowych. Fajka ma \u015bredni, klasyczny rysunek. System nadmuchu sk\u0142ada si\u0119 z pi\u0119ciu zawor\u00f3w, kt\u00f3re umo\u017cliwiaj\u0105 natychmiastowe oczyszczenie kolby z dymu, a tak\u017ce sch\u0142odzenie misy. Z\u0142\u0105cze typu O-ring, oryginalna konstrukcja. Kompletny zestaw: Pude\u0142ko; wa\u0142; tabliczka z grawerem marki; ustnik; z\u0142\u0105cze w\u0119\u017ca; [\u2026]<\/p>","protected":false},"featured_media":9941,"comment_status":"open","ping_status":"closed","template":"","meta":[],"_links":{"self":[{"href":"https:\/\/hookahshop.lt\/pl\/wp-json\/wp\/v2\/product\/9940"}],"collection":[{"href":"https:\/\/hookahshop.lt\/pl\/wp-json\/wp\/v2\/product"}],"about":[{"href":"https:\/\/hookahshop.lt\/pl\/wp-json\/wp\/v2\/types\/product"}],"replies":[{"embeddable":true,"href":"https:\/\/hookahshop.lt\/pl\/wp-json\/wp\/v2\/comments?post=9940"}],"version-history":[{"count":2,"href":"https:\/\/hookahshop.lt\/pl\/wp-json\/wp\/v2\/product\/9940\/revisions"}],"predecessor-version":[{"id":22826,"href":"https:\/\/hookahshop.lt\/pl\/wp-json\/wp\/v2\/product\/9940\/revisions\/22826"}],"wp:featuredmedia":[{"embeddable":true,"href":"https:\/\/hookahshop.lt\/pl\/wp-json\/wp\/v2\/media\/9941"}],"wp:attachment":[{"href":"https:\/\/hookahshop.lt\/pl\/wp-json\/wp\/v2\/media?parent=9940"}],"curies":[{"name":"wp","href":"https:\/\/api.w.org\/{rel}","templated":true}]}}