{"id":9947,"date":"2020-07-10T23:44:31","date_gmt":"2020-07-10T20:44:31","guid":{"rendered":"https:\/\/hookahshop.lt\/?post_type=product&#038;p=9947"},"modified":"2026-04-15T12:28:56","modified_gmt":"2026-04-15T09:28:56","slug":"kaljanas-like-smoke-steel-wood-black","status":"publish","type":"product","link":"https:\/\/hookahshop.lt\/pl\/produkt\/przypominajacy-fajke-wodna-dym-stal-drewno-czarny\/","title":{"rendered":"Fajka wodna LIKE SMOKE Stal Drewniana Czarna"},"content":{"rendered":"<h2>Fajka wodna LIKE SMOKE Stal Drewniana Czarna<\/h2>\n<p>Fajka wodna wykonana jest ze stali nierdzewnej, z bardzo precyzyjn\u0105 obr\u00f3bk\u0105 jej cz\u0119\u015bci. Dekoracja wykonana jest z drewna, a czarny kolor podkre\u015bla majestat tej fajki wodnej!<\/p>\n<p>Na talerzu i podstawie wygrawerowana jest nazwa marki. Z\u0142\u0105cze w\u0119\u017ca jest magnetyczne. Posiada regulowany dyfuzor, kt\u00f3ry mo\u017cna regulowa\u0107.<\/p>\n<p>Ekwipunek:<br \/>\nWa\u0142, p\u0142ytka, ustnik, w\u0105\u017c, dyfuzor, przy\u0142\u0105cze w\u0119\u017ca, uszczelki.<\/p>\n<p>Charakterystyka:<br \/>\nWaga fajki wodnej: ~ 1985 gr<br \/>\nWysoko\u015b\u0107 fajki wodnej: 510 mm<br \/>\nWa\u0142 wewn\u0105trz: stal nierdzewna, D11 mm<br \/>\nZewn\u0119trzna cz\u0119\u015b\u0107 wa\u0142u: stal nierdzewna i drewno w \u015brodku<br \/>\nTrzonek: stal nierdzewna, D14 mm<br \/>\nG\u0142\u00f3wny materia\u0142: stal nierdzewna<br \/>\nZ\u0142\u0105cze w\u0119\u017ca: magnetyczne<br \/>\nMateria\u0142 po\u0142\u0105czenia: stal nierdzewna<br \/>\nDyfuzor: zdejmowany na gwint<br \/>\nUstnik: stal nierdzewna<br \/>\nD\u0142ugo\u015b\u0107 ustnika: 325 mm, D10 mm<br \/>\nW\u0105\u017c: mi\u0119kki silikon<br \/>\nD\u0142ugo\u015b\u0107 w\u0119\u017ca: 1500 mm<\/p>\n<p>Czy masz jakie\u015b pytania? Skontaktuj si\u0119 z nami\u00a0<a href=\"https:\/\/hookahshop.lt\/pl\/lacznosc\/\">strona z kontaktami<\/a>\u00a0lub napisz do nas na adres\u00a0<a href=\"https:\/\/facebook.com\/HookahShop.lt\/\" target=\"_blank\" rel=\"noopener noreferrer\">konto na Facebooku<\/a>\u00a0a my odpowiemy na Twoj\u0105 pro\u015bb\u0119 tego samego dnia.<\/p>","protected":false},"excerpt":{"rendered":"<p>Fajka wodna LIKE SMOKE Steel Wood Black Fajka wodna wykonana jest ze stali nierdzewnej, z bardzo precyzyjn\u0105 obr\u00f3bk\u0105 jej cz\u0119\u015bci. Dekoracja wykonana jest z drewna, a czarny kolor podkre\u015bla majestat tej fajki wodnej! Na p\u0142ytce i podstawie wygrawerowana jest nazwa marki. Z\u0142\u0105cze w\u0119\u017ca jest magnetyczne. Posiada regulowany dyfuzor, kt\u00f3ry mo\u017cna regulowa\u0107. Kompletny zestaw: trzonek, p\u0142ytka, ustnik, w\u0105\u017c, dyfuzor, z\u0142\u0105czka do w\u0119\u017ca, uszczelki. Charakterystyka: Waga fajki wodnej: ~ [\u2026]<\/p>","protected":false},"featured_media":9954,"comment_status":"open","ping_status":"closed","template":"","meta":[],"_links":{"self":[{"href":"https:\/\/hookahshop.lt\/pl\/wp-json\/wp\/v2\/product\/9947"}],"collection":[{"href":"https:\/\/hookahshop.lt\/pl\/wp-json\/wp\/v2\/product"}],"about":[{"href":"https:\/\/hookahshop.lt\/pl\/wp-json\/wp\/v2\/types\/product"}],"replies":[{"embeddable":true,"href":"https:\/\/hookahshop.lt\/pl\/wp-json\/wp\/v2\/comments?post=9947"}],"version-history":[{"count":3,"href":"https:\/\/hookahshop.lt\/pl\/wp-json\/wp\/v2\/product\/9947\/revisions"}],"predecessor-version":[{"id":22825,"href":"https:\/\/hookahshop.lt\/pl\/wp-json\/wp\/v2\/product\/9947\/revisions\/22825"}],"wp:featuredmedia":[{"embeddable":true,"href":"https:\/\/hookahshop.lt\/pl\/wp-json\/wp\/v2\/media\/9954"}],"wp:attachment":[{"href":"https:\/\/hookahshop.lt\/pl\/wp-json\/wp\/v2\/media?parent=9947"}],"curies":[{"name":"wp","href":"https:\/\/api.w.org\/{rel}","templated":true}]}}