{"id":9957,"date":"2020-07-10T23:55:34","date_gmt":"2020-07-10T20:55:34","guid":{"rendered":"https:\/\/hookahshop.lt\/?post_type=product&#038;p=9957"},"modified":"2026-05-13T13:51:24","modified_gmt":"2026-05-13T10:51:24","slug":"kaljanas-first-hookah-eco-black","status":"publish","type":"product","link":"https:\/\/hookahshop.lt\/pl\/produkt\/hookah-first-hookah-eco-black-be-flask\/","title":{"rendered":"Fajka wodna FIRST HOOKAH Eco Czarna"},"content":{"rendered":"<h2>Kaljanas FIRST szisza ekologiczna czarna<\/h2>\n<p>Nowoczesny, wyrafinowany i lekki wygl\u0105d. G\u0142\u00f3wn\u0105 cech\u0105 tego modelu jest \u201etransformacja\u201d. Eco zajmuje stosunkowo now\u0105, ale obecnie bardzo popularn\u0105 nisz\u0119 rynkow\u0105. Wsp\u00f3\u0142czesne trendy dyktuj\u0105 swoje zasady, a fajki wodne zajmuj\u0105 coraz wi\u0119ksz\u0105 cz\u0119\u015b\u0107 odbiorc\u00f3w. Niska waga, \u0142atwa obs\u0142uga i konserwacja to tajemnica tego modelu.<\/p>\n<p>Podstawa i dyfuzor fajki wodnej - wykonane z niemieckiego poliacetalu, wszystkie pozosta\u0142e cz\u0119\u015bci s\u0105 metalowe i wykonane ze stali nierdzewnej.<\/p>\n<p>Ekwipunek:<br \/>\nWa\u0142, p\u0142ytka, ustnik, w\u0105\u017c, dyfuzor, przy\u0142\u0105cze w\u0119\u017ca, uszczelki.<\/p>\n<p>Charakterystyka:<br \/>\nWaga fajki wodnej: ~ 1500 gr<br \/>\nWysoko\u015b\u0107 fajki wodnej: 510 mm<br \/>\nWewn\u0105trz wa\u0142u: stal nierdzewna, D14 mm<br \/>\nWa\u0142: stal nierdzewna, D15 mm<br \/>\nG\u0142\u00f3wny materia\u0142: poliacetal<br \/>\nZ\u0142\u0105cze w\u0119\u017ca: O-ring<br \/>\nMateria\u0142 po\u0142\u0105czenia: stal nierdzewna<br \/>\nKlosz: wyjmowany, poliacetal<br \/>\nUstnik: grawerowana stal nierdzewna<br \/>\nD\u0142ugo\u015b\u0107 ustnika: 330 mm, D10 mm<br \/>\nW\u0105\u017c: mi\u0119kki silikon<br \/>\nD\u0142ugo\u015b\u0107 w\u0119\u017ca: 1500 mm<\/p>\n<p>Czy masz jakie\u015b pytania? Skontaktuj si\u0119 z nami\u00a0<a href=\"https:\/\/hookahshop.lt\/pl\/lacznosc\/\">strona z kontaktami<\/a>\u00a0lub napisz do nas na adres\u00a0<a href=\"https:\/\/facebook.com\/HookahShop.lt\/\" target=\"_blank\" rel=\"noopener noreferrer\">konto na Facebooku<\/a>\u00a0a my odpowiemy na Twoj\u0105 pro\u015bb\u0119 tego samego dnia.<\/p>","protected":false},"excerpt":{"rendered":"<p>Hookah FIRST Hookah Eco Black Nowoczesny, wyrafinowany i lekki wygl\u0105d. G\u0142\u00f3wn\u0105 cech\u0105 tego modelu jest \u201etransformacja\u201d. Eco zajmuje obecnie stosunkowo now\u0105, ale bardzo popularn\u0105 nisz\u0119 rynkow\u0105. Wsp\u00f3\u0142czesne trendy dyktuj\u0105 swoje zasady, a fajki wodne zajmuj\u0105 coraz wi\u0119ksz\u0105 cz\u0119\u015b\u0107 publiczno\u015bci. Niska waga, \u0142atwo\u015b\u0107 u\u017cytkowania i konserwacji to tajemnica tego modelu. Podstawa i dyfuzor do fajki wodnej \u2013 wykonane [\u2026]<\/p>","protected":false},"featured_media":9958,"comment_status":"open","ping_status":"closed","template":"","meta":[],"_links":{"self":[{"href":"https:\/\/hookahshop.lt\/pl\/wp-json\/wp\/v2\/product\/9957"}],"collection":[{"href":"https:\/\/hookahshop.lt\/pl\/wp-json\/wp\/v2\/product"}],"about":[{"href":"https:\/\/hookahshop.lt\/pl\/wp-json\/wp\/v2\/types\/product"}],"replies":[{"embeddable":true,"href":"https:\/\/hookahshop.lt\/pl\/wp-json\/wp\/v2\/comments?post=9957"}],"version-history":[{"count":3,"href":"https:\/\/hookahshop.lt\/pl\/wp-json\/wp\/v2\/product\/9957\/revisions"}],"predecessor-version":[{"id":22907,"href":"https:\/\/hookahshop.lt\/pl\/wp-json\/wp\/v2\/product\/9957\/revisions\/22907"}],"wp:featuredmedia":[{"embeddable":true,"href":"https:\/\/hookahshop.lt\/pl\/wp-json\/wp\/v2\/media\/9958"}],"wp:attachment":[{"href":"https:\/\/hookahshop.lt\/pl\/wp-json\/wp\/v2\/media?parent=9957"}],"curies":[{"name":"wp","href":"https:\/\/api.w.org\/{rel}","templated":true}]}}