{"id":9975,"date":"2020-07-11T00:14:49","date_gmt":"2020-07-10T21:14:49","guid":{"rendered":"https:\/\/hookahshop.lt\/?post_type=product&#038;p=9975"},"modified":"2026-04-19T23:29:09","modified_gmt":"2026-04-19T20:29:09","slug":"karscio-kamera-kalaud-alpha-replika","status":"publish","type":"product","link":"https:\/\/hookahshop.lt\/pl\/produkt\/replika-kamery-termowizyjnej-kalaud-alfa\/","title":{"rendered":"Hot Camera KALAUD ALPHA Replika"},"content":{"rendered":"<h2 data-placeholder=\"Vertimas\">Hot Camera KALAUD ALPHA Replika<\/h2>\n<p dir=\"ltr\" data-placeholder=\"Vertimas\">Przeznaczony jest do podgrzewania kubka do fajki wodnej w\u0119glem kokosowym. To jest replika lotosu kalaud.<\/p>\n<p id=\"tw-target-text\" class=\"tw-data-text tw-text-large tw-ta\" dir=\"ltr\" data-placeholder=\"Vertimas\"><strong><span lang=\"lt\">G\u0142\u00f3wne zalety komory grzewczej:<\/span><\/strong><\/p>\n<ul>\n<li class=\"tw-data-text tw-text-large tw-ta\" data-placeholder=\"Vertimas\"><span lang=\"lt\">Wielokrotnego u\u017cytku;<\/span><\/li>\n<li class=\"tw-data-text tw-text-large tw-ta\" data-placeholder=\"Vertimas\"><span lang=\"lt\">Nigdy wi\u0119cej folii;<\/span><\/li>\n<li class=\"tw-data-text tw-text-large tw-ta\" data-placeholder=\"Vertimas\"><span lang=\"lt\">W\u0119giel pozostaje na swoim miejscu dzi\u0119ki wygodnemu kszta\u0142towi;<\/span><\/li>\n<li class=\"tw-data-text tw-text-large tw-ta\" data-placeholder=\"Vertimas\">Poprawia cyrkulacj\u0119 powietrza;<\/li>\n<li class=\"tw-data-text tw-text-large tw-ta\" data-placeholder=\"Vertimas\"><span lang=\"lt\">Nagrzewa si\u0119 w kr\u00f3tkim czasie i utrzymuje ciep\u0142o na stabilnym poziomie.<\/span><\/li>\n<\/ul>\n<p>Czy masz jakie\u015b pytania? Skontaktuj si\u0119 z nami\u00a0<a href=\"https:\/\/hookahshop.lt\/pl\/lacznosc\/\">strona z kontaktami<\/a>\u00a0lub napisz do nas na adres\u00a0<a href=\"https:\/\/facebook.com\/HookahShop.lt\/\" target=\"_blank\" rel=\"noopener noreferrer\">konto na Facebooku<\/a>\u00a0a my odpowiemy na Twoj\u0105 pro\u015bb\u0119 tego samego dnia.<\/p>","protected":false},"excerpt":{"rendered":"<p>Komora grzewcza KALAUD ALPHA Replika Przeznaczona jest do podgrzewania szklanki do fajki wodnej opalanej w\u0119glem kokosowym. To jest replika lotosu kalaud. G\u0142\u00f3wne zalety komory grzewczej: Wielokrotne zastosowanie; Nie ma ju\u017c potrzeby stosowania folii; Carbon pozostaje na swoim miejscu dzi\u0119ki wygodnemu kszta\u0142towi; Poprawia si\u0119 cyrkulacja powietrza; Nagrzewa si\u0119 w kr\u00f3tkim czasie i stabilnie utrzymuje ciep\u0142o. Czy masz jakie\u015b pytania? Skontaktuj si\u0119 z nami na stronie kontaktowej lub napisz do nas na naszym koncie na Facebooku i [\u2026]<\/p>","protected":false},"featured_media":12890,"comment_status":"open","ping_status":"closed","template":"","meta":[],"_links":{"self":[{"href":"https:\/\/hookahshop.lt\/pl\/wp-json\/wp\/v2\/product\/9975"}],"collection":[{"href":"https:\/\/hookahshop.lt\/pl\/wp-json\/wp\/v2\/product"}],"about":[{"href":"https:\/\/hookahshop.lt\/pl\/wp-json\/wp\/v2\/types\/product"}],"replies":[{"embeddable":true,"href":"https:\/\/hookahshop.lt\/pl\/wp-json\/wp\/v2\/comments?post=9975"}],"version-history":[{"count":5,"href":"https:\/\/hookahshop.lt\/pl\/wp-json\/wp\/v2\/product\/9975\/revisions"}],"predecessor-version":[{"id":44995,"href":"https:\/\/hookahshop.lt\/pl\/wp-json\/wp\/v2\/product\/9975\/revisions\/44995"}],"wp:featuredmedia":[{"embeddable":true,"href":"https:\/\/hookahshop.lt\/pl\/wp-json\/wp\/v2\/media\/12890"}],"wp:attachment":[{"href":"https:\/\/hookahshop.lt\/pl\/wp-json\/wp\/v2\/media?parent=9975"}],"curies":[{"name":"wp","href":"https:\/\/api.w.org\/{rel}","templated":true}]}}