{"id":10733,"date":"2020-07-22T00:33:42","date_gmt":"2020-07-21T21:33:42","guid":{"rendered":"https:\/\/hookahshop.lt\/?post_type=product&#038;p=10733"},"modified":"2026-05-14T23:29:13","modified_gmt":"2026-05-14T20:29:13","slug":"kolba-kaljanui-hookahtree-creat-pearl","status":"publish","type":"product","link":"https:\/\/hookahshop.lt\/ru\/tovar\/kolba-kalyan-hookahtree-creat-pearl\/","title":{"rendered":"\u041a\u043e\u043b\u0431\u0430 \u0434\u043b\u044f \u043a\u0430\u043b\u044c\u044f\u043d\u0430 HOOKAHTREE Creat Pearl"},"content":{"rendered":"<h2>\u041a\u043e\u043b\u0431\u0430 \u0434\u043b\u044f \u043a\u0430\u043b\u044c\u044f\u043d\u0430 HOOKAHTREE Creat Pearl<\/h2>\n<p>\u042d\u0442\u043e \u0444\u043b\u044f\u0436\u043a\u0430 \u0434\u043b\u044f \u043b\u044e\u0431\u0438\u0442\u0435\u043b\u0435\u0439 \u043a\u043b\u0430\u0441\u0441\u0438\u043a\u0438. \u0421\u0430\u043c\u0430 \u0444\u043e\u0440\u043c\u0430 \u0431\u044b\u043b\u0430 \u043d\u0435\u043c\u043d\u043e\u0433\u043e \u0438\u0437\u043c\u0435\u043d\u0435\u043d\u0430 \u0438 \u0432 \u044d\u0442\u043e\u0439 \u043c\u043e\u0434\u0435\u043b\u0438 \u0443\u0447\u0442\u0435\u043d\u044b \u0432\u0441\u0435 \u0440\u0430\u0437\u043c\u0435\u0440\u044b.<\/p>\n<p>\u041a\u043e\u043b\u0431\u0430 HookahTree Creat \u0432\u043f\u0435\u0447\u0430\u0442\u043b\u044f\u0435\u0442 \u0441\u0432\u043e\u0438\u043c\u0438 \u043d\u0435\u043e\u0431\u044b\u0447\u043d\u044b\u043c\u0438 \u0438 \u0437\u0430\u043f\u043e\u043c\u0438\u043d\u0430\u044e\u0449\u0438\u043c\u0438\u0441\u044f \u043e\u0442\u0442\u0435\u043d\u043a\u0430\u043c\u0438. \u041b\u044e\u0431\u0438\u0442\u0435\u043b\u0438 \u043e\u0431\u044f\u0437\u0430\u0442\u0435\u043b\u044c\u043d\u043e \u043e\u0446\u0435\u043d\u044f\u0442 \u0435\u0433\u043e \u0443\u043d\u0438\u043a\u0430\u043b\u044c\u043d\u0443\u044e \u0444\u043e\u0440\u043c\u0443.<\/p>\n<p><strong><span title=\"\">\u0425\u0430\u0440\u0430\u043a\u0442\u0435\u0440\u0438\u0441\u0442\u0438\u043a\u0438:<\/span><\/strong><br \/>\n\u0412\u044b\u0441\u043e\u0442\u0430: 271 \u043c\u043c<br \/>\n\u0412\u0435\u0441: ~ 1780 \u0433<br \/>\n\u0412\u043d\u0435\u0448\u043d\u0438\u0439 \u0434\u0438\u0430\u043c\u0435\u0442\u0440 \u0433\u043e\u0440\u043b\u043e\u0432\u0438\u043d\u044b: 69 \u043c\u043c<br \/>\n\u0412\u043d\u0443\u0442\u0440\u0435\u043d\u043d\u0438\u0439 \u0434\u0438\u0430\u043c\u0435\u0442\u0440 \u0433\u043e\u0440\u043b\u0430: 47 \u043c\u043c<br \/>\n\u041c\u0430\u0442\u0435\u0440\u0438\u0430\u043b \u0438\u0437\u0434\u0435\u043b\u0438\u044f: \u0441\u0442\u0435\u043a\u043b\u043e<\/p>\n<p>\u0423 \u0432\u0430\u0441 \u0435\u0441\u0442\u044c \u0432\u043e\u043f\u0440\u043e\u0441\u044b? \u0421\u0432\u044f\u0437\u0430\u0442\u044c\u0441\u044f \u0441 \u043d\u0430\u043c\u0438\u00a0<a href=\"https:\/\/hookahshop.lt\/ru\/kontakty\/\">\u0441\u0442\u0440\u0430\u043d\u0438\u0446\u0430 \u043a\u043e\u043d\u0442\u0430\u043a\u0442\u043e\u0432<\/a>\u00a0\u0438\u043b\u0438 \u043d\u0430\u043f\u0438\u0448\u0438\u0442\u0435 \u043d\u0430\u043c \u043f\u043e \u0430\u0434\u0440\u0435\u0441\u0443\u00a0<a href=\"https:\/\/facebook.com\/HookahShop.lt\/\" target=\"_blank\" rel=\"noopener noreferrer\">\u0430\u043a\u043a\u0430\u0443\u043d\u0442 \u0432 \u0424\u044d\u0439\u0441\u0431\u0443\u043a\u0435<\/a>\u00a0\u0438 \u043c\u044b \u043e\u0442\u0432\u0435\u0442\u0438\u043c \u043d\u0430 \u0432\u0430\u0448 \u0437\u0430\u043f\u0440\u043e\u0441 \u0432 \u0442\u043e\u0442 \u0436\u0435 \u0434\u0435\u043d\u044c.<\/p>","protected":false},"excerpt":{"rendered":"<p>Kolba kaljanui HOOKAHTREE Creat Pearl Tai yra kolba, skirta klasikos m\u0117g\u0117jams. Pati forma buvo \u0161iek tiek pakeista ir \u0161iame modelyje buvo atsi\u017evelgta \u012f visus matmenis. Kolba \u201eHookahTree Creat\u201c (\u201ePerlamutras\u201c) daro \u012fsp\u016bd\u012f savo ne\u012fprastais ir \u012fsimenan\u010diais atspalviais. M\u0117g\u0117jai tikrai \u012fvertins jos unikali\u0105 form\u0105. Specifikacijos: Auk\u0161tis: 271 mm Svoris: ~ 1780 g I\u0161orinis gerkl\u0117s skersmuo: 69 mm [&hellip;]<\/p>","protected":false},"featured_media":10734,"comment_status":"open","ping_status":"closed","template":"","meta":[],"_links":{"self":[{"href":"https:\/\/hookahshop.lt\/ru\/wp-json\/wp\/v2\/product\/10733"}],"collection":[{"href":"https:\/\/hookahshop.lt\/ru\/wp-json\/wp\/v2\/product"}],"about":[{"href":"https:\/\/hookahshop.lt\/ru\/wp-json\/wp\/v2\/types\/product"}],"replies":[{"embeddable":true,"href":"https:\/\/hookahshop.lt\/ru\/wp-json\/wp\/v2\/comments?post=10733"}],"version-history":[{"count":5,"href":"https:\/\/hookahshop.lt\/ru\/wp-json\/wp\/v2\/product\/10733\/revisions"}],"predecessor-version":[{"id":45142,"href":"https:\/\/hookahshop.lt\/ru\/wp-json\/wp\/v2\/product\/10733\/revisions\/45142"}],"wp:featuredmedia":[{"embeddable":true,"href":"https:\/\/hookahshop.lt\/ru\/wp-json\/wp\/v2\/media\/10734"}],"wp:attachment":[{"href":"https:\/\/hookahshop.lt\/ru\/wp-json\/wp\/v2\/media?parent=10733"}],"curies":[{"name":"wp","href":"https:\/\/api.w.org\/{rel}","templated":true}]}}