{"id":11380,"date":"2020-08-11T18:22:17","date_gmt":"2020-08-11T15:22:17","guid":{"rendered":"https:\/\/hookahshop.lt\/?post_type=product&#038;p=11380"},"modified":"2026-04-17T23:29:30","modified_gmt":"2026-04-17T20:29:30","slug":"kolba-kaljanui-hookahtree-c3-pearl","status":"publish","type":"product","link":"https:\/\/hookahshop.lt\/ru\/tovar\/kolba-kalyan-hookahtree-c3-pearl\/","title":{"rendered":"\u041a\u043e\u043b\u0431\u0430 \u0434\u043b\u044f \u043a\u0430\u043b\u044c\u044f\u043d\u0430 HOOKAHTREE C3 Pearl"},"content":{"rendered":"<h2>\u041a\u043e\u043b\u0431\u0430 \u0434\u043b\u044f \u043a\u0430\u043b\u044c\u044f\u043d\u0430 HOOKAHTREE C3 Pearl<\/h2>\n<p>\u0427\u0430\u0448\u0430 \u0434\u043b\u044f \u043a\u0430\u043b\u044c\u044f\u043d\u0430 HookahTree C3 \u0438\u0437\u0433\u043e\u0442\u043e\u0432\u043b\u0435\u043d\u0430 \u0438\u0437 \u0441\u0442\u0435\u043a\u043b\u0430 \u0442\u043e\u043b\u0449\u0438\u043d\u043e\u0439 \u043f\u0440\u0438\u0431\u043b\u0438\u0437\u0438\u0442\u0435\u043b\u044c\u043d\u043e 5 \u043c\u043c \u0438 \u043f\u043e\u043b\u043d\u043e\u0441\u0442\u044c\u044e \u0441\u0434\u0435\u043b\u0430\u043d\u0430 \u0432\u0440\u0443\u0447\u043d\u0443\u044e. \u0427\u0430\u0448\u0430 \u0432\u044b\u043f\u043e\u043b\u043d\u0435\u043d\u0430 \u0432 \u0444\u043e\u0440\u043c\u0435 \u00ab\u043f\u0438\u0440\u0430\u043c\u0438\u0434\u044b\u00bb \u0438 \u043e\u0442\u043b\u0438\u0447\u043d\u043e \u0441\u043c\u043e\u0442\u0440\u0438\u0442\u0441\u044f \u043d\u0430 \u043b\u044e\u0431\u043e\u043c \u043a\u0430\u043b\u044c\u044f\u043d\u0435. \u0423\u0440\u043e\u0432\u0435\u043d\u044c \u0432\u043e\u0434\u044b \u0443\u0434\u043e\u0431\u043d\u043e \u0440\u0435\u0433\u0443\u043b\u0438\u0440\u0443\u0435\u0442\u0441\u044f.<\/p>\n<p><strong><span title=\"\">\u0425\u0430\u0440\u0430\u043a\u0442\u0435\u0440\u0438\u0441\u0442\u0438\u043a\u0438:<\/span><\/strong><br \/>\n\u0412\u044b\u0441\u043e\u0442\u0430: 253 \u043c\u043c<br \/>\n\u0412\u0435\u0441: ~ 1640 \u0433<br \/>\n\u0412\u043d\u0435\u0448\u043d\u0438\u0439 \u0434\u0438\u0430\u043c\u0435\u0442\u0440 \u0433\u043e\u0440\u043b\u043e\u0432\u0438\u043d\u044b: 69 \u043c\u043c<br \/>\n\u0412\u043d\u0443\u0442\u0440\u0435\u043d\u043d\u0438\u0439 \u0434\u0438\u0430\u043c\u0435\u0442\u0440 \u0433\u043e\u0440\u043b\u0430: 46 \u043c\u043c<br \/>\n\u041c\u0430\u0442\u0435\u0440\u0438\u0430\u043b \u0438\u0437\u0434\u0435\u043b\u0438\u044f: \u0441\u0442\u0435\u043a\u043b\u043e<\/p>\n<p>\u0423 \u0432\u0430\u0441 \u0435\u0441\u0442\u044c \u0432\u043e\u043f\u0440\u043e\u0441\u044b? \u0421\u0432\u044f\u0437\u0430\u0442\u044c\u0441\u044f \u0441 \u043d\u0430\u043c\u0438 <a href=\"https:\/\/hookahshop.lt\/ru\/kontakty\/\">\u0441\u0442\u0440\u0430\u043d\u0438\u0446\u0430 \u043a\u043e\u043d\u0442\u0430\u043a\u0442\u043e\u0432<\/a> \u0438\u043b\u0438 \u043d\u0430\u043f\u0438\u0448\u0438\u0442\u0435 \u043d\u0430\u043c \u043f\u043e \u0430\u0434\u0440\u0435\u0441\u0443 <a href=\"https:\/\/facebook.com\/HookahShop.lt\/\" target=\"_blank\" rel=\"noopener noreferrer\">\u0430\u043a\u043a\u0430\u0443\u043d\u0442 \u0432 \u0424\u044d\u0439\u0441\u0431\u0443\u043a\u0435<\/a> \u0438 \u043c\u044b \u043e\u0442\u0432\u0435\u0442\u0438\u043c \u043d\u0430 \u0432\u0430\u0448 \u0437\u0430\u043f\u0440\u043e\u0441 \u0432 \u0442\u043e\u0442 \u0436\u0435 \u0434\u0435\u043d\u044c.<\/p>","protected":false},"excerpt":{"rendered":"<p>Kolba kaljanui HOOKAHTREE C3 Pearl Apytiksliai 5 mm stiklin\u0117s \u201eHookahTree C3\u201c kaljano kolbos stiklas yra pagamintas tik rankomis. Kolba pagaminta \u201epiramid\u0117s\u201c stiliumi ir puikiai atrodo ant bet kokio kaljano. Vandens lygis yra patogiai reguliuojamas. Specifikacijos: Auk\u0161tis: 253 mm Svoris: ~ 1640 g I\u0161orinis gerkl\u0117s skersmuo: 69 mm Vidinis gerkl\u0117s skersmuo: 46mm Gaminio med\u017eiaga: stiklas Turite [&hellip;]<\/p>","protected":false},"featured_media":11381,"comment_status":"open","ping_status":"closed","template":"","meta":[],"_links":{"self":[{"href":"https:\/\/hookahshop.lt\/ru\/wp-json\/wp\/v2\/product\/11380"}],"collection":[{"href":"https:\/\/hookahshop.lt\/ru\/wp-json\/wp\/v2\/product"}],"about":[{"href":"https:\/\/hookahshop.lt\/ru\/wp-json\/wp\/v2\/types\/product"}],"replies":[{"embeddable":true,"href":"https:\/\/hookahshop.lt\/ru\/wp-json\/wp\/v2\/comments?post=11380"}],"version-history":[{"count":7,"href":"https:\/\/hookahshop.lt\/ru\/wp-json\/wp\/v2\/product\/11380\/revisions"}],"predecessor-version":[{"id":45024,"href":"https:\/\/hookahshop.lt\/ru\/wp-json\/wp\/v2\/product\/11380\/revisions\/45024"}],"wp:featuredmedia":[{"embeddable":true,"href":"https:\/\/hookahshop.lt\/ru\/wp-json\/wp\/v2\/media\/11381"}],"wp:attachment":[{"href":"https:\/\/hookahshop.lt\/ru\/wp-json\/wp\/v2\/media?parent=11380"}],"curies":[{"name":"wp","href":"https:\/\/api.w.org\/{rel}","templated":true}]}}