{"id":11394,"date":"2020-08-11T18:29:57","date_gmt":"2020-08-11T15:29:57","guid":{"rendered":"https:\/\/hookahshop.lt\/?post_type=product&#038;p=11394"},"modified":"2026-04-19T23:29:13","modified_gmt":"2026-04-19T20:29:13","slug":"kolba-kaljanui-njn-hookah-nj-cut-clear","status":"publish","type":"product","link":"https:\/\/hookahshop.lt\/ru\/tovar\/kolba-kalyan-njn-hookah-nj-cut-clear\/","title":{"rendered":"\u041a\u043e\u043b\u0431\u0430 \u0434\u043b\u044f \u043a\u0430\u043b\u044c\u044f\u043d\u0430 NJN HOOKAH NJ Cut Clear"},"content":{"rendered":"<h2>\u041a\u043e\u043b\u0431\u0430 \u0434\u043b\u044f \u043a\u0430\u043b\u044c\u044f\u043d\u0430 NJN HOOKAH NJ Cut Clear<\/h2>\n<p id=\"tw-target-text\" class=\"tw-data-text tw-text-large XcVN5d tw-ta\" dir=\"ltr\" data-placeholder=\"Vertimas\"><span lang=\"lt\">NJN Hookah - \u0440\u043e\u0441\u0441\u0438\u0439\u0441\u043a\u0438\u0439 \u0431\u0440\u0435\u043d\u0434, \u043f\u0440\u043e\u0438\u0437\u0432\u043e\u0434\u044f\u0449\u0438\u0439 \u043a\u043e\u043b\u0431\u044b \u0434\u043b\u044f \u043a\u0430\u043b\u044c\u044f\u043d\u0430 \u0441 2013 \u0433\u043e\u0434\u0430.<\/span><\/p>\n<p class=\"tw-data-text tw-text-large XcVN5d tw-ta\" dir=\"ltr\" data-placeholder=\"Vertimas\"><span lang=\"lt\">\u041a\u043e\u043b\u0431\u0430 \u0434\u043b\u044f \u043a\u0430\u043b\u044c\u044f\u043d\u0430 NJN \u0441\u0434\u0435\u043b\u0430\u043d\u0430 \u0432\u0440\u0443\u0447\u043d\u0443\u044e.<\/span><\/p>\n<p class=\"tw-data-text tw-text-large XcVN5d tw-ta\" dir=\"ltr\" data-placeholder=\"Vertimas\"><span lang=\"lt\">\u0424\u043e\u0440\u043c\u0430 NJ \u0441\u0442\u0430\u043b\u0430 \u043b\u0443\u0447\u0448\u0438\u043c \u0432\u044b\u0431\u043e\u0440\u043e\u043c \u0434\u043b\u044f \u0434\u043e\u043c\u0430 \u0438 \u043a\u0430\u043b\u044c\u044f\u043d\u0430.<\/span><\/p>\n<p class=\"tw-data-text tw-text-large XcVN5d tw-ta\" dir=\"ltr\" data-placeholder=\"Vertimas\"><strong><span title=\"\">\u0425\u0430\u0440\u0430\u043a\u0442\u0435\u0440\u0438\u0441\u0442\u0438\u043a\u0438:<\/span><\/strong><\/p>\n<p>\u0412\u044b\u0441\u043e\u0442\u0430: 260 \u043c\u043c<br \/>\n\u0412\u0435\u0441: ~ 1790 \u0433<br \/>\n\u041d\u0430\u0440\u0443\u0436\u043d\u044b\u0439 \u0434\u0438\u0430\u043c\u0435\u0442\u0440: 69 \u043c\u043c<br \/>\n\u0412\u043d\u0443\u0442\u0440\u0435\u043d\u043d\u0438\u0439 \u0434\u0438\u0430\u043c\u0435\u0442\u0440: 46 \u043c\u043c<br \/>\n\u041c\u0430\u0442\u0435\u0440\u0438\u0430\u043b \u0438\u0437\u0434\u0435\u043b\u0438\u044f: \u0441\u0442\u0435\u043a\u043b\u043e<\/p>\n<p>\u0423 \u0432\u0430\u0441 \u0435\u0441\u0442\u044c \u0432\u043e\u043f\u0440\u043e\u0441\u044b? \u0421\u0432\u044f\u0437\u0430\u0442\u044c\u0441\u044f \u0441 \u043d\u0430\u043c\u0438 <a href=\"https:\/\/hookahshop.lt\/ru\/kontakty\/\">\u0441\u0442\u0440\u0430\u043d\u0438\u0446\u0430 \u043a\u043e\u043d\u0442\u0430\u043a\u0442\u043e\u0432<\/a> \u0438\u043b\u0438 \u043d\u0430\u043f\u0438\u0448\u0438\u0442\u0435 \u043d\u0430\u043c \u043f\u043e \u0430\u0434\u0440\u0435\u0441\u0443 <a href=\"https:\/\/facebook.com\/HookahShop.lt\/\" target=\"_blank\" rel=\"noopener noreferrer\">\u0430\u043a\u043a\u0430\u0443\u043d\u0442 \u0432 \u0424\u044d\u0439\u0441\u0431\u0443\u043a\u0435<\/a> \u0438 \u043c\u044b \u043e\u0442\u0432\u0435\u0442\u0438\u043c \u043d\u0430 \u0432\u0430\u0448 \u0437\u0430\u043f\u0440\u043e\u0441 \u0432 \u0442\u043e\u0442 \u0436\u0435 \u0434\u0435\u043d\u044c.<\/p>","protected":false},"excerpt":{"rendered":"<p>Kolba kaljanui NJN HOOKAH NJ Cut Clear \u201eNJN Hookah\u201c yra Rusijos prek\u0117s \u017eenklas, kuris prad\u0117jo gaminti kaljano kolbas nuo 2013 m Kaljano kolba NJN gaminama rankomis. NJ forma tapo geriausia nam\u0173 ir kaljan\u0173 \u012fstaigos pasirinkimu. Specifikacijos: Auk\u0161tis: 260 mm Svoris: ~ 1790 g I\u0161orinis skersmuo: 69 mm Vidinis skersmuo: 46 mm Gaminio med\u017eiaga: stiklas Turite [&hellip;]<\/p>","protected":false},"featured_media":11395,"comment_status":"open","ping_status":"closed","template":"","meta":[],"_links":{"self":[{"href":"https:\/\/hookahshop.lt\/ru\/wp-json\/wp\/v2\/product\/11394"}],"collection":[{"href":"https:\/\/hookahshop.lt\/ru\/wp-json\/wp\/v2\/product"}],"about":[{"href":"https:\/\/hookahshop.lt\/ru\/wp-json\/wp\/v2\/types\/product"}],"replies":[{"embeddable":true,"href":"https:\/\/hookahshop.lt\/ru\/wp-json\/wp\/v2\/comments?post=11394"}],"version-history":[{"count":7,"href":"https:\/\/hookahshop.lt\/ru\/wp-json\/wp\/v2\/product\/11394\/revisions"}],"predecessor-version":[{"id":45146,"href":"https:\/\/hookahshop.lt\/ru\/wp-json\/wp\/v2\/product\/11394\/revisions\/45146"}],"wp:featuredmedia":[{"embeddable":true,"href":"https:\/\/hookahshop.lt\/ru\/wp-json\/wp\/v2\/media\/11395"}],"wp:attachment":[{"href":"https:\/\/hookahshop.lt\/ru\/wp-json\/wp\/v2\/media?parent=11394"}],"curies":[{"name":"wp","href":"https:\/\/api.w.org\/{rel}","templated":true}]}}